{"id":8441,"date":"2015-10-13T13:40:44","date_gmt":"2015-10-13T11:40:44","guid":{"rendered":"https:\/\/ff.unze.ba\/?page_id=8441"},"modified":"2016-01-13T17:56:20","modified_gmt":"2016-01-13T16:56:20","slug":"bhs-jezik-i-knjizevnost-silabusi","status":"publish","type":"page","link":"https:\/\/ff.unze.ba\/en\/chairs-2\/department-of-languages-and-literature\/documents\/bhs-language-and-literature-syllabus\/","title":{"rendered":"B\/H\/S Language and Literature - Syllabus"},"content":{"rendered":"<h2 style=\"text-align: center;\">I CIKLUS<\/h2>\n[column col=&#8221;1\/3&#8221;]\n[list type=&#8221;check&#8221;]\n<ul>\n<li><a href=\"https:\/\/ff.unze.ba\/wp-content\/uploads\/2016\/01\/AKADEMSKA-PISMENOST-I.pdf\" rel=\"\">AKADEMSKA PISMENOST I<\/a><\/li>\n<li><a href=\"https:\/\/ff.unze.ba\/wp-content\/uploads\/2016\/01\/AKADEMSKA-PISMENOST-II.pdf\" rel=\"\">AKADEMSKA PISMENOST II<\/a><\/li>\n<li><a href=\"https:\/\/ff.unze.ba\/wp-content\/uploads\/2016\/01\/DIDAKTIKA.pdf\" rel=\"\">DIDAKTIKA<\/a><\/li>\n<li><a href=\"https:\/\/ff.unze.ba\/wp-content\/uploads\/2016\/01\/BOSANSKOHERCEGOVA\u010cKA-KRITIKA-I-ESEJISTIKA.pdf\" rel=\"\">BOSANSKOHERCEGOVA\u010cKA KRITIKA I ESEJISTIKA<\/a><\/li>\n<li><a href=\"https:\/\/ff.unze.ba\/wp-content\/uploads\/2016\/01\/BOSANSKI-JEZIK-U-OSMANSKOM-PERIODU.pdf\" rel=\"\">BOSANSKI JEZIK U OSMANSKOM PERIODU<\/a><\/li>\n<li><a href=\"https:\/\/ff.unze.ba\/wp-content\/uploads\/2016\/01\/ANALIZA-DISKURSA.pdf\" rel=\"\">ANALIZA DISKURSA<\/a><\/li>\n<li><a href=\"https:\/\/ff.unze.ba\/wp-content\/uploads\/2016\/01\/HISTORIJA-JEZIKA-I.pdf\" rel=\"\">HISTORIJA JEZIKA I<\/a><\/li>\n<li><a href=\"https:\/\/ff.unze.ba\/wp-content\/uploads\/2016\/01\/HISTORIJA-JEZIKA-II.pdf\" rel=\"\">HISTORIJA JEZIKA II<\/a><\/li>\n<li><a href=\"https:\/\/ff.unze.ba\/wp-content\/uploads\/2016\/01\/FRAZEOLOGIJA.pdf\" rel=\"\">FRAZEOLOGIJA<\/a><\/li>\n<li><a href=\"https:\/\/ff.unze.ba\/wp-content\/uploads\/2016\/01\/FONETIKA-I-FONOLOGIJA.pdf\" rel=\"\">FONETIKA I FONOLOGIJA<\/a><\/li>\n<li><a href=\"https:\/\/ff.unze.ba\/wp-content\/uploads\/2016\/01\/FILOZOFIJA.pdf\" rel=\"\">FILOZOFIJA<\/a><\/li>\n<li><a href=\"https:\/\/ff.unze.ba\/wp-content\/uploads\/2016\/01\/FEMINIZAM-I-POSTFEMINIZAM.pdf\" rel=\"\">FEMINIZAM I POSTFEMINIZAM<\/a><\/li>\n<li><a href=\"https:\/\/ff.unze.ba\/wp-content\/uploads\/2016\/01\/ENGLESKI-JEZIK-I.pdf\" rel=\"\">ENGLESKI JEZIK I<\/a><\/li>\n<li><a href=\"https:\/\/ff.unze.ba\/wp-content\/uploads\/2016\/01\/ENGLESKI-JEZIK-II.pdf\" rel=\"\">ENGLESKI JEZIK II<\/a><\/li>\n<li><a href=\"https:\/\/ff.unze.ba\/wp-content\/uploads\/2016\/01\/DIJALEKTOLOGIJA.pdf\" rel=\"\">DIJALEKTOLOGIJA<\/a><\/li>\n<li><a href=\"https:\/\/ff.unze.ba\/wp-content\/uploads\/2016\/01\/JU\u017dNOSLAVENSKE-KNJI\u017dEVNOSTI-I.pdf\" rel=\"\">JU\u017dNOSLAVENSKE KNJI\u017dEVNOSTI I<\/a><\/li>\n<li><a href=\"https:\/\/ff.unze.ba\/wp-content\/uploads\/2016\/01\/JU\u017dNOSLAVENSKE-KNJI\u017dEVNOSTI-II.pdf\" rel=\"\">JU\u017dNOSLAVENSKE KNJI\u017dEVNOSTI II<\/a><\/li>\n<li><a href=\"https:\/\/ff.unze.ba\/wp-content\/uploads\/2016\/01\/JU\u017dNOSLAVENSKE-KNJI\u017dEVNOSTI-III.pdf\" rel=\"\">JU\u017dNOSLAVENSKE KNJI\u017dEVNOSTI III<\/a><\/li>\n<li><a href=\"https:\/\/ff.unze.ba\/wp-content\/uploads\/2016\/01\/JEZIK-POLITIKA-I-STRUKA.pdf\" rel=\"\">JEZIK, POLITIKA I STRUKA<\/a><\/li>\n<li><a href=\"https:\/\/ff.unze.ba\/wp-content\/uploads\/2016\/01\/JEZIK-KULTURA-I-KNJI\u017dEVNA-DJELA-BOSANSKIH-FRANJEVACA.pdf\" rel=\"\">JEZIK, KULTURA I KNJI\u017dEVNA DJELA BOSANSKIH FRANJEVACA<\/a><\/li>\n<li><a href=\"https:\/\/ff.unze.ba\/wp-content\/uploads\/2016\/01\/JEZIK-MEDIJA-1.pdf\" rel=\"\">JEZIK MEDIJA<\/a><\/li>\n<li><a href=\"https:\/\/ff.unze.ba\/wp-content\/uploads\/2016\/01\/JEZIK-BOSANSKE-EPIGRAFIKE.pdf\" rel=\"\">JEZIK BOSANSKE EPIGRAFIKE<\/a><\/li>\n<li><a href=\"https:\/\/ff.unze.ba\/wp-content\/uploads\/2016\/01\/JEZICI-U-KONTAKTU.pdf\" rel=\"\">JEZICI U KONTAKTU<\/a><\/li>\n<li><a href=\"https:\/\/ff.unze.ba\/wp-content\/uploads\/2016\/01\/ISHODI-U\u010cENJA-U-NASTAVI-MATERNJEG-JEZIKA.pdf\" rel=\"\">ISHODI U\u010cENJA U NASTAVI MATERNJEG JEZIKA<\/a><\/li>\n<li><a href=\"https:\/\/ff.unze.ba\/wp-content\/uploads\/2016\/01\/INTERKULTURALNO-IZU\u010cAVANJE-KNJI\u017dEVNOSTI-JU\u017dNOSLAVENSKE-INTERLITERARNE-ZAJEDNICE.pdf\" rel=\"\">INTERKULTURALNO IZU\u010cAVANJE KNJI\u017dEVNOSTI JU\u017dNOSLAVENSKE INTERLITERARNE ZAJEDNICE<\/a><\/li>\n<li><a href=\"https:\/\/ff.unze.ba\/wp-content\/uploads\/2016\/01\/KNJI\u017dEVNO-DJELA-IVE-ANDRI\u0106A.pdf\" rel=\"\">KNJI\u017dEVNO DJELA IVE ANDRI\u0106A<\/a><\/li>\n<\/ul>\n[\/list]\n[\/column]\n[column col=&#8221;1\/3&#8221;]\n[list type=&#8221;check&#8221;]\n<ul>\n<li><a href=\"https:\/\/ff.unze.ba\/wp-content\/uploads\/2016\/01\/KNJI\u017dEVNO-DJELO-ME\u0160E-SELIMOVI\u0106A.pdf\" rel=\"\">KNJI\u017dEVNO DJELO ME\u0160E SELIMOVI\u0106A<\/a><\/li>\n<li><a href=\"https:\/\/ff.unze.ba\/wp-content\/uploads\/2016\/01\/KNJI\u017dEVNOST-I-FILM.pdf\" rel=\"\">KNJI\u017dEVNOST I FILM<\/a><\/li>\n<li><a href=\"https:\/\/ff.unze.ba\/wp-content\/uploads\/2016\/01\/KNJI\u017dEVNOST-BIH-I.pdf\" rel=\"\">KNJI\u017dEVNOST BIH I<\/a><\/li>\n<li><a href=\"https:\/\/ff.unze.ba\/wp-content\/uploads\/2016\/01\/KNJI\u017dEVNOST-BiH-II.pdf\" rel=\"\">KNJI\u017dEVNOST BiH II<\/a><\/li>\n<li><a href=\"https:\/\/ff.unze.ba\/wp-content\/uploads\/2016\/01\/KNJI\u017dEVNOST-BiH-III.pdf\" rel=\"\">KNJI\u017dEVNOST BiH III<\/a><\/li>\n<li><a href=\"https:\/\/ff.unze.ba\/wp-content\/uploads\/2016\/01\/KNJI\u017dEVNOST-BiH-IV.pdf\" rel=\"\">KNJI\u017dEVNOST BiH IV<\/a><\/li>\n<li><a href=\"https:\/\/ff.unze.ba\/wp-content\/uploads\/2016\/01\/KNJI\u017dEVNOST-BiH-V.pdf\" rel=\"\">KNJI\u017dEVNOST BiH V<\/a><\/li>\n<li><a href=\"https:\/\/ff.unze.ba\/wp-content\/uploads\/2016\/01\/NJEMA\u010cKI-JEZIK-I.pdf\" rel=\"\">NJEMA\u010cKI JEZIK I<\/a><\/li>\n<li><a href=\"https:\/\/ff.unze.ba\/wp-content\/uploads\/2016\/01\/NJEMA\u010cKI-JEZIK-II.pdf\" rel=\"\">NJEMA\u010cKI JEZIK II<\/a><\/li>\n<li><a href=\"https:\/\/ff.unze.ba\/wp-content\/uploads\/2016\/01\/NORMA-JEZIKA.pdf\" rel=\"\">NORMA JEZIKA<\/a><\/li>\n<li><a href=\"https:\/\/ff.unze.ba\/wp-content\/uploads\/2016\/01\/MORFOLOGIJA.pdf\" rel=\"\">MORFOLOGIJA<\/a><\/li>\n<li><a href=\"https:\/\/ff.unze.ba\/wp-content\/uploads\/2016\/01\/METODIKA-NASTAVE-JEZIKA-I-KNJI\u017dEVNOSTI-I.pdf\" rel=\"\">METODIKA NASTAVE JEZIKA I KNJI\u017dEVNOSTI I<\/a><\/li>\n<li><a href=\"https:\/\/ff.unze.ba\/wp-content\/uploads\/2016\/01\/METODIKA-NASTAVE-JEZIKA-I-KNJI\u017dEVNOSTI-II.pdf\" rel=\"\">METODIKA NASTAVE JEZIKA I KNJI\u017dEVNOSTI II<\/a><\/li>\n<li><a href=\"https:\/\/ff.unze.ba\/wp-content\/uploads\/2016\/01\/LINGVISTIKA-TEKSTA.pdf\" rel=\"\">LINGVISTIKA TEKSTA<\/a><\/li>\n<li><a href=\"https:\/\/ff.unze.ba\/wp-content\/uploads\/2016\/01\/LEKSIKOLOGIJA.pdf\" rel=\"\">LEKSIKOLOGIJA<\/a><\/li>\n<li><a href=\"https:\/\/ff.unze.ba\/wp-content\/uploads\/2016\/01\/KNJI\u017dEVNOST-ZA-DJECU.pdf\" rel=\"\">KNJI\u017dEVNOST ZA DJECU<\/a><\/li>\n<li><a href=\"https:\/\/ff.unze.ba\/wp-content\/uploads\/2016\/01\/KNJI\u017dEVNOST-I-MEDIJSKI-\u017dANROVI.pdf\" rel=\"\">KNJI\u017dEVNOST I MEDIJSKI \u017dANROVI<\/a><\/li>\n<li><a href=\"https:\/\/ff.unze.ba\/wp-content\/uploads\/2016\/01\/POSTKOLNIJALNE-PERSPEKTIVE-\u010cITANJA-BOSANSKOHERCEGOVA\u010cKE-KNJI\u017dEVNOSTI.pdf\" rel=\"\">POSTKOLNIJALNE PERSPEKTIVE \u010cITANJA BOSANSKOHERCEGOVA\u010cKE KNJI\u017dEVNOSTI<\/a><\/li>\n<li><a href=\"https:\/\/ff.unze.ba\/wp-content\/uploads\/2016\/01\/POREDBENA-GRAMATIKA-SLAVENSKIH-JEZIKA.pdf\" rel=\"\">POREDBENA GRAMATIKA SLAVENSKIH JEZIKA<\/a><\/li>\n<li><a href=\"https:\/\/ff.unze.ba\/wp-content\/uploads\/2016\/01\/POETSKA-GRAMATIKA-USMENOG-STVARALA\u0160TVA.pdf\" rel=\"\">POETSKA GRAMATIKA USMENOG STVARALA\u0160TVA<\/a><\/li>\n<li><a href=\"https:\/\/ff.unze.ba\/wp-content\/uploads\/2016\/01\/POETIKA-PUTOPISA.pdf\" rel=\"\">POETIKA PUTOPISA<\/a><\/li>\n<li><a href=\"https:\/\/ff.unze.ba\/wp-content\/uploads\/2016\/01\/POETIKA-MAKA-DIZDARA.pdf\" rel=\"\">POETIKA MAKA DIZDARA<\/a><\/li>\n<li><a href=\"https:\/\/ff.unze.ba\/wp-content\/uploads\/2016\/01\/PEDAGOGIJA.pdf\" rel=\"\">PEDAGOGIJA<\/a><\/li>\n<li><a href=\"https:\/\/ff.unze.ba\/wp-content\/uploads\/2016\/01\/OSNOVI-AKCENTOLOGIJE.pdf\" rel=\"\">OSNOVI AKCENTOLOGIJE<\/a><\/li>\n<li><a href=\"https:\/\/ff.unze.ba\/wp-content\/uploads\/2016\/01\/ONOMASTIKA.pdf\" rel=\"\">ONOMASTIKA<\/a><\/li>\n<li><a href=\"https:\/\/ff.unze.ba\/wp-content\/uploads\/2016\/01\/PRAGMALINGVISTIKA.pdf\" rel=\"\">PRAGMALINGVISTIKA<\/a><\/li>\n<\/ul>\n[\/list]\n[\/column]\n[column col=&#8221;1\/3&#8221;]\n[list type=&#8221;check&#8221;]\n<ul>\n<li><a href=\"https:\/\/ff.unze.ba\/wp-content\/uploads\/2016\/01\/PRAVOPIS-I-PRAVOGOVOR-U-NASTAVI.pdf\" rel=\"\">PRAVOPIS I PRAVOGOVOR U NASTAVI<\/a><\/li>\n<li><a href=\"https:\/\/ff.unze.ba\/wp-content\/uploads\/2016\/01\/PRIMIJENJENA-SINTAKSA.pdf\" rel=\"\">PRIMIJENJENA SINTAKSA<\/a><\/li>\n<li><a href=\"https:\/\/ff.unze.ba\/wp-content\/uploads\/2016\/01\/PSIHOANALIZA-I-KNJI\u017dEVNI-TEKST.pdf\" rel=\"\">PSIHOANALIZA I KNJI\u017dEVNI TEKST<\/a><\/li>\n<li><a href=\"https:\/\/ff.unze.ba\/wp-content\/uploads\/2016\/01\/PSIHOLOGIJA.pdf\" rel=\"\">PSIHOLOGIJA<\/a><\/li>\n<li><a href=\"https:\/\/ff.unze.ba\/wp-content\/uploads\/2016\/01\/RODNI-IDENTITETI-U-BOSANSKOHERCEGOVA\u010cKOJ-KNJI\u017dEVNOSTI.pdf\" rel=\"\">RODNI IDENTITETI U BOSANSKOHERCEGOVA\u010cKOJ KNJI\u017dEVNOSTI<\/a><\/li>\n<li><a href=\"https:\/\/ff.unze.ba\/wp-content\/uploads\/2016\/01\/SAVREMENE-TEORIJE-ROMANA.pdf\" rel=\"\">SAVREMENE TEORIJE ROMANA<\/a><\/li>\n<li><a href=\"https:\/\/ff.unze.ba\/wp-content\/uploads\/2016\/01\/SOCIOLINGVISTIKA.pdf\" rel=\"\">SOCIOLINGVISTIKA<\/a><\/li>\n<li><a href=\"https:\/\/ff.unze.ba\/wp-content\/uploads\/2016\/01\/SEMANTIKA.pdf\" rel=\"\">SEMANTIKA<\/a><\/li>\n<li><a href=\"https:\/\/ff.unze.ba\/wp-content\/uploads\/2016\/01\/SINTAKSA-I.pdf\" rel=\"\">SINTAKSA I<\/a><\/li>\n<li><a href=\"https:\/\/ff.unze.ba\/wp-content\/uploads\/2016\/01\/SINTAKSA-II.pdf\" rel=\"\">SINTAKSA II<\/a><\/li>\n<li><a href=\"https:\/\/ff.unze.ba\/wp-content\/uploads\/2016\/01\/SINTAKSA-III.pdf\" rel=\"\">SINTAKSA III<\/a><\/li>\n<li><a href=\"https:\/\/ff.unze.ba\/wp-content\/uploads\/2016\/01\/STAROSLAVENSKI-JEZIK-I.pdf\" rel=\"\">STAROSLAVENSKI JEZIK I<\/a><\/li>\n<li><a href=\"https:\/\/ff.unze.ba\/wp-content\/uploads\/2016\/01\/STAROSLAVENSKI-JEZIK-II.pdf\" rel=\"\">STAROSLAVENSKI JEZIK II<\/a><\/li>\n<li><a href=\"https:\/\/ff.unze.ba\/wp-content\/uploads\/2016\/01\/STILISTIKA.pdf\" rel=\"\">STILISTIKA<\/a><\/li>\n<li><a href=\"https:\/\/ff.unze.ba\/wp-content\/uploads\/2016\/01\/TEORIJA-KNJI\u017dEVNOSTI-I.pdf\" rel=\"\">TEORIJA KNJI\u017dEVNOSTI I<\/a><\/li>\n<li><a href=\"https:\/\/ff.unze.ba\/wp-content\/uploads\/2016\/01\/TEORIJA-KNJI\u017dEVNOSTI-II.pdf\" rel=\"\">TEORIJA KNJI\u017dEVNOSTI II<\/a><\/li>\n<li><a href=\"https:\/\/ff.unze.ba\/wp-content\/uploads\/2016\/01\/TVORBA-RIJE\u010cI.pdf\" rel=\"\">TVORBA RIJE\u010cI<\/a><\/li>\n<li><a href=\"https:\/\/ff.unze.ba\/wp-content\/uploads\/2016\/01\/UMIJE\u0106E-INTERPRETACIJE-POEZIJE.pdf\" rel=\"\">UMIJE\u0106E INTERPRETACIJE POEZIJE<\/a><\/li>\n<li><a href=\"https:\/\/ff.unze.ba\/wp-content\/uploads\/2016\/01\/USMENA-KNJI\u017dEVNOST-INTERLITERARNE-JU\u017dNOSLAVENSKE-ZAJEDNICE.pdf\" rel=\"\">USMENA KNJI\u017dEVNOST INTERLITERARNE JU\u017dNOSLAVENSKE ZAJEDNICE<\/a><\/li>\n<li><a href=\"https:\/\/ff.unze.ba\/wp-content\/uploads\/2016\/01\/UVOD-U-KNJI\u017dEVNE-TEORIJE-XX-STOLJE\u0106A.pdf\" rel=\"\">UVOD U KNJI\u017dEVNE TEORIJE XX STOLJE\u0106A<\/a><\/li>\n<li><a href=\"https:\/\/ff.unze.ba\/wp-content\/uploads\/2016\/01\/UVOD-U-LINGVISTIKU-I-1.pdf\" rel=\"\">UVOD U LINGVISTIKU I<\/a><\/li>\n<li><a href=\"https:\/\/ff.unze.ba\/wp-content\/uploads\/2016\/01\/UVOD-U-LINGVISTIKU-II-1.pdf\" rel=\"\">UVOD U LINGVISTIKU II<\/a><\/li>\n<li><a href=\"https:\/\/ff.unze.ba\/wp-content\/uploads\/2016\/01\/UVOD-U-NARATOLOGIJU.pdf\" rel=\"\">UVOD U NARATOLOGIJU<\/a><\/li>\n<li><a href=\"https:\/\/ff.unze.ba\/wp-content\/uploads\/2016\/01\/UVOD-U-SVJETSKU-KNJI\u017dEVNOST-I.pdf\" rel=\"\">UVOD U SVJETSKU KNJI\u017dEVNOST I<\/a><\/li>\n<li><a href=\"https:\/\/ff.unze.ba\/wp-content\/uploads\/2016\/01\/UVOD-U-SVJETSKU-KNJI\u017dEVNOST-II.pdf\" rel=\"\">UVOD U SVJETSKU KNJI\u017dEVNOST II<\/a><\/li>\n<li><a href=\"https:\/\/ff.unze.ba\/wp-content\/uploads\/2016\/01\/UVOD-U-SVJETSKU-KNJI\u017dEVNOST-III.pdf\" rel=\"\">UVOD U SVJETSKU KNJI\u017dEVNOST III<\/a><\/li>\n<\/ul>\n[\/list]\n[\/column]\n<p>&nbsp;<\/p>\n<h2 style=\"text-align: center;\">II CIKLUS<\/h2>\n[column col=&#8221;1\/2&#8221;]\n[list type=&#8221;check&#8221;]\n<ul>\n<li><a href=\"https:\/\/ff.unze.ba\/wp-content\/uploads\/2016\/01\/BOSANSKOHERCEGOVA\u010cKA-METAPROZA.pdf\" rel=\"\">BOSANSKOHERCEGOVA\u010cKA METAPROZA<\/a><\/li>\n<li><a href=\"https:\/\/ff.unze.ba\/wp-content\/uploads\/2016\/01\/FILOZOFIJA-KNJI\u017dEVNOSTI.pdf\" rel=\"\">FILOZOFIJA KNJI\u017dEVNOSTI<\/a><\/li>\n<li><a href=\"https:\/\/ff.unze.ba\/wp-content\/uploads\/2016\/01\/GOVORENI-JEZIK.pdf\" rel=\"\">GOVORENI JEZIK<\/a><\/li>\n<li><a href=\"https:\/\/ff.unze.ba\/wp-content\/uploads\/2016\/01\/JEZIK-STARIH-BOSANSKIH-TEKSTOVA.pdf\" rel=\"\">JEZIK STARIH BOSANSKIH TEKSTOVA<\/a><\/li>\n<li><a href=\"https:\/\/ff.unze.ba\/wp-content\/uploads\/2016\/01\/KNJI\u017dEVNOTEORIJSKA-ISTRA\u017dIVANJA.pdf\" rel=\"\">KNJI\u017dEVNOTEORIJSKA ISTRA\u017dIVANJA<\/a><\/li>\n<li><a href=\"https:\/\/ff.unze.ba\/wp-content\/uploads\/2016\/01\/METODOLOGIJA-NAU\u010cNO-ISTRA\u017dIVA\u010cKOG-RADA.pdf\" rel=\"\">METODOLOGIJA NAU\u010cNO-ISTRA\u017dIVA\u010cKOG RADA<\/a><\/li>\n<li><a href=\"https:\/\/ff.unze.ba\/wp-content\/uploads\/2016\/01\/NOVI-METODI\u010cKI-OGLEDI-U-NASTAVI-MATERNJEG-JEZIKA.pdf\" rel=\"\">NOVI METODI\u010cKI OGLEDI U NASTAVI MATERNJEG JEZIKA<\/a><\/li>\n<\/ul>\n[\/list]\n[\/column]\n[column col=&#8221;1\/2&#8221;]\n[list type=&#8221;check&#8221;]\n<ul>\n<li><a href=\"https:\/\/ff.unze.ba\/wp-content\/uploads\/2016\/01\/POSTSTRUKTURALISTI\u010cKI-KNJI\u017dEVNO-TEORIJSKI-POJMOVI.pdf\" rel=\"\">POSTSTRUKTURALISTI\u010cKI KNJI\u017dEVNO-TEORIJSKI POJMOVI<\/a><\/li>\n<li><a href=\"https:\/\/ff.unze.ba\/wp-content\/uploads\/2016\/01\/RASPRAVE-O-JEZIKU-U-BIH.pdf\" rel=\"\">RASPRAVE O JEZIKU U BIH<\/a><\/li>\n<li><a href=\"https:\/\/ff.unze.ba\/wp-content\/uploads\/2016\/01\/RODNI-I-NACIONALNI-IDENTITETI-U-JU\u017dNOSLAVENSKOM-INTERLITERARNOM-KONTEKSTU.pdf\" rel=\"\">RODNI I NACIONALNI IDENTITETI U JU\u017dNOSLAVENSKOM INTERLITERARNOM KONTEKSTU<\/a><\/li>\n<li><a href=\"https:\/\/ff.unze.ba\/wp-content\/uploads\/2016\/01\/SEMIOTI\u010cKE-OSNOVE-NEVERBALNE-KOMUNIKACIJE.pdf\" rel=\"\">SEMIOTI\u010cKE OSNOVE NEVERBALNE KOMUNIKACIJE<\/a><\/li>\n<li><a href=\"https:\/\/ff.unze.ba\/wp-content\/uploads\/2016\/01\/STANDARDNI-JEZICI-\u0160TOKAVSKOG-PODRU\u010cJA.pdf\" rel=\"\">STANDARDNI JEZICI \u0160TOKAVSKOG PODRU\u010cJA<\/a><\/li>\n<li><a href=\"https:\/\/ff.unze.ba\/wp-content\/uploads\/2016\/01\/\u017dENSKO-KNJI\u017dEVNO-STVARALA\u0160TVO-U-JU\u017dNOSLAVENSKOJ-INTERLITERARNOJ-ZAJEDNICI.pdf\" rel=\"\">\u017dENSKO KNJI\u017dEVNO STVARALA\u0160TVO U JU\u017dNOSLAVENSKOJ INTERLITERARNOJ ZAJEDNICI<\/a><\/li>\n<\/ul>\n[\/list]\n[\/column]\n","protected":false},"excerpt":{"rendered":"<p>I CIKLUS [column col=&#8221;1\/3&#8221;] [list type=&#8221;check&#8221;] AKADEMSKA PISMENOST I AKADEMSKA&hellip;<\/p>\n","protected":false},"author":7,"featured_media":0,"parent":8434,"menu_order":0,"comment_status":"closed","ping_status":"closed","template":"","meta":{"footnotes":""},"class_list":["post-8441","page","type-page","status-publish","hentry","entry","no-media"],"rttpg_featured_image_url":null,"rttpg_author":{"display_name":"Filozofski","author_link":"https:\/\/ff.unze.ba\/en\/author\/filozofski\/"},"rttpg_comment":0,"rttpg_category":null,"rttpg_excerpt":"I CIKLUS [column col=&#8221;1\/3&#8221;] [list type=&#8221;check&#8221;] AKADEMSKA PISMENOST I AKADEMSKA&hellip;","_links":{"self":[{"href":"https:\/\/ff.unze.ba\/en\/wp-json\/wp\/v2\/pages\/8441","targetHints":{"allow":["GET"]}}],"collection":[{"href":"https:\/\/ff.unze.ba\/en\/wp-json\/wp\/v2\/pages"}],"about":[{"href":"https:\/\/ff.unze.ba\/en\/wp-json\/wp\/v2\/types\/page"}],"author":[{"embeddable":true,"href":"https:\/\/ff.unze.ba\/en\/wp-json\/wp\/v2\/users\/7"}],"replies":[{"embeddable":true,"href":"https:\/\/ff.unze.ba\/en\/wp-json\/wp\/v2\/comments?post=8441"}],"version-history":[{"count":9,"href":"https:\/\/ff.unze.ba\/en\/wp-json\/wp\/v2\/pages\/8441\/revisions"}],"predecessor-version":[{"id":9308,"href":"https:\/\/ff.unze.ba\/en\/wp-json\/wp\/v2\/pages\/8441\/revisions\/9308"}],"up":[{"embeddable":true,"href":"https:\/\/ff.unze.ba\/en\/wp-json\/wp\/v2\/pages\/8434"}],"wp:attachment":[{"href":"https:\/\/ff.unze.ba\/en\/wp-json\/wp\/v2\/media?parent=8441"}],"curies":[{"name":"wp","href":"https:\/\/api.w.org\/{rel}","templated":true}]}}