{"id":6181,"date":"2014-10-03T16:21:41","date_gmt":"2014-10-03T14:21:41","guid":{"rendered":"https:\/\/ff.unze.ba\/?page_id=6181"},"modified":"2015-03-23T10:28:40","modified_gmt":"2015-03-23T09:28:40","slug":"obavijest-o-prijemu-brucosa","status":"publish","type":"page","link":"https:\/\/ff.unze.ba\/en\/freshman-admission-notice\/","title":{"rendered":"Freshman Admission Notice"},"content":{"rendered":"<p>The formal reception of freshmen students will be held in the premises of the Faculty of Philosophy on Monday, October 6, 2014, starting at 9:00 a.m.<\/p>\n<p><em>Faculty administration<\/em><\/p>","protected":false},"excerpt":{"rendered":"<p>The formal reception of freshmen students will be held in the premises of the Faculty of Philosophy...<\/p>","protected":false},"author":7,"featured_media":0,"parent":0,"menu_order":0,"comment_status":"closed","ping_status":"closed","template":"","meta":{"footnotes":""},"class_list":["post-6181","page","type-page","status-publish","hentry","entry","no-media"],"rttpg_featured_image_url":null,"rttpg_author":{"display_name":"Filozofski","author_link":"https:\/\/ff.unze.ba\/en\/author\/filozofski\/"},"rttpg_comment":0,"rttpg_category":null,"rttpg_excerpt":"Sve\u010dani prijem studenata-bruco\u0161a odr\u017eat \u0107e se u prostorijama Filozofskog fakulteta&hellip;","_links":{"self":[{"href":"https:\/\/ff.unze.ba\/en\/wp-json\/wp\/v2\/pages\/6181","targetHints":{"allow":["GET"]}}],"collection":[{"href":"https:\/\/ff.unze.ba\/en\/wp-json\/wp\/v2\/pages"}],"about":[{"href":"https:\/\/ff.unze.ba\/en\/wp-json\/wp\/v2\/types\/page"}],"author":[{"embeddable":true,"href":"https:\/\/ff.unze.ba\/en\/wp-json\/wp\/v2\/users\/7"}],"replies":[{"embeddable":true,"href":"https:\/\/ff.unze.ba\/en\/wp-json\/wp\/v2\/comments?post=6181"}],"version-history":[{"count":1,"href":"https:\/\/ff.unze.ba\/en\/wp-json\/wp\/v2\/pages\/6181\/revisions"}],"predecessor-version":[{"id":6182,"href":"https:\/\/ff.unze.ba\/en\/wp-json\/wp\/v2\/pages\/6181\/revisions\/6182"}],"wp:attachment":[{"href":"https:\/\/ff.unze.ba\/en\/wp-json\/wp\/v2\/media?parent=6181"}],"curies":[{"name":"wp","href":"https:\/\/api.w.org\/{rel}","templated":true}]}}