{"id":4786,"date":"2014-04-04T12:12:53","date_gmt":"2014-04-04T10:12:53","guid":{"rendered":"https:\/\/ff.unze.ba\/?page_id=4786"},"modified":"2025-12-06T22:55:32","modified_gmt":"2025-12-06T21:55:32","slug":"zbornici-radova","status":"publish","type":"page","link":"https:\/\/ff.unze.ba\/en\/science-and-research\/proceedings\/","title":{"rendered":"Proceedings of the Faculty of Philosophy, University of Zenica"},"content":{"rendered":"<div data-vc-full-width=\"true\" data-vc-full-width-init=\"false\" class=\"vc_row wpb_row vc_row-fluid vc_custom_1713340508916 wpex-vc_row-has-fill wpex-vc-row-stretched no-bottom-margins\"><div class=\"wpb_column vc_column_container vc_col-sm-8\"><div class=\"vc_column-inner\"><div class=\"wpb_wrapper\"><div class=\"vcex-heading vcex-module wpex-text-2xl wpex-font-normal wpex-m-auto wpex-max-w-100 vcex-heading-plain wpex-block wpex-text-center\" style=\"color:rgba(255,255,255,0.6);font-size:.9em;letter-spacing:1px;font-weight:600;text-transform:uppercase;\"><span class=\"vcex-heading-inner wpex-inline-block wpex-clr\">Aras Bori\u0107<\/span><\/div><div class=\"vcex-spacing wpex-w-100 wpex-clear\" style=\"height:10px;\"><\/div><style>.vcex_69e4d1b5a17cc{font-size:35px!important;}@media (max-width:767px){.vcex_69e4d1b5a17cc{font-size:30px!important;}}<\/style><h2 class=\"vcex-heading vcex-module wpex-text-2xl wpex-font-normal wpex-m-auto wpex-max-w-100 vcex-heading-plain wpex-block wpex-text-center aligncenter vcex_69e4d1b5a17cc\" style=\"color:#ffffff;font-weight:700;width:500px;\"><span class=\"vcex-heading-inner wpex-inline-block wpex-clr\">BIBLIOGRAPHY OF &quot;PROCEEDINGS OF THE FACULTY OF PHILOSOPHY IN ZENICA&quot;<\/span><\/h2><style>.vcex_69e4d1b5a1931{font-size:35px!important;}@media (max-width:767px){.vcex_69e4d1b5a1931{font-size:30px!important;}}<\/style><h2 class=\"vcex-heading vcex-module wpex-text-2xl wpex-font-normal wpex-m-auto wpex-max-w-100 vcex-heading-plain wpex-block wpex-text-center aligncenter vcex_69e4d1b5a1931\" style=\"color:#ffffff;font-weight:700;width:500px;\"><span class=\"vcex-heading-inner wpex-inline-block wpex-clr\">(2003. - 2023.)<\/span><\/h2><div class=\"vcex-spacing wpex-w-100 wpex-clear\" style=\"height:20px;\"><\/div><div class=\"textcenter theme-button-wrap wpex-clr\"><a href=\"https:\/\/ff.unze.ba\/wp-content\/uploads\/2024\/04\/Bibliografija_Zbornika_radova_Filozofskog_fakulteta_u_Zenici_2003-2023.pdf\" class=\"vcex-button theme-button white align-center inline\" style=\"padding-top:12px;padding-right:25px;padding-bottom:12px;padding-left:25px;border:0px;font-size:12px;font-weight:700;letter-spacing:1px;border-radius:0;text-transform:uppercase;\"><span class=\"theme-button-inner\">Download<\/span><\/a><\/div> <\/div><\/div><\/div><div class=\"wpb_column vc_column_container vc_col-sm-4\"><div class=\"vc_column-inner\"><div class=\"wpb_wrapper\">\n\t<div  class=\"wpb_single_image wpb_content_element vc_align_\">\n\t\t\n\t\t<figure class=\"wpb_wrapper vc_figure\">\n\t\t\t<div class=\"vc_single_image-wrapper wpex-image-hover grow   vc_box_border_grey\"><img loading=\"lazy\" decoding=\"async\" width=\"832\" height=\"706\" src=\"https:\/\/ff.unze.ba\/wp-content\/uploads\/2024\/04\/bibliografija_zbornik.png\" class=\"vc_single_image-img attachment-full\" alt=\"\" srcset=\"https:\/\/ff.unze.ba\/wp-content\/uploads\/2024\/04\/bibliografija_zbornik.png 832w, https:\/\/ff.unze.ba\/wp-content\/uploads\/2024\/04\/bibliografija_zbornik-300x255.png 300w, https:\/\/ff.unze.ba\/wp-content\/uploads\/2024\/04\/bibliografija_zbornik-768x652.png 768w, https:\/\/ff.unze.ba\/wp-content\/uploads\/2024\/04\/bibliografija_zbornik-14x12.png 14w, https:\/\/ff.unze.ba\/wp-content\/uploads\/2024\/04\/bibliografija_zbornik-200x170.png 200w\" sizes=\"auto, (max-width: 832px) 100vw, 832px\" \/><\/div>\n\t\t<\/figure>\n\t<\/div>\n<\/div><\/div><\/div><\/div><div class=\"vc_row-full-width vc_clearfix\"><\/div><div class=\"vc_row wpb_row vc_row-fluid\"><div class=\"wpb_column vc_column_container vc_col-sm-12\"><div class=\"vc_column-inner\"><div class=\"wpb_wrapper\">\n\t<div class=\"wpb_text_column wpb_content_element\" >\n\t\t<div class=\"wpb_wrapper\">\n\t\t\t<h1 style=\"text-align: center;\"><a href=\"https:\/\/ff.unze.ba\/wp-content\/uploads\/2024\/01\/ZBORNIK-FINAL-1.pdf\"><span style=\"color: #ff6600; font-size: 24px;\"><strong>Proceedings 2023 (PDF file)<\/strong><\/span><\/a><\/h1>\n\n\t\t<\/div>\n\t<\/div>\n<\/div><\/div><\/div><\/div><div class=\"vc_row wpb_row vc_row-fluid\"><div class=\"wpb_column vc_column_container vc_col-sm-4\"><div class=\"vc_column-inner\"><div class=\"wpb_wrapper\">\n\t<div class=\"wpb_text_column wpb_content_element\" >\n\t\t<div class=\"wpb_wrapper\">\n\t\t\t<p><em>Proceedings<\/em> it comes out once a year.<\/p>\n<p><strong>Publisher<br \/>\n<\/strong>FACULTY OF PHILOSOPHY OF THE UNIVERSITY OF ZENICA<\/p>\n<p><strong>For the publisher<br \/>\n<\/strong>Alica Arnaut, Dean<\/p>\n<p><strong>Editors<br \/>\n<\/strong>Esmeralda Mustafi\u0107, Enes Prasko<\/p>\n<p><strong>Proofreading<br \/>\n<\/strong>authors of the papers<\/p>\n<p><strong>UDC<br \/>\n<\/strong>Aras Bori\u0107<\/p>\n<p><strong>Editorial office<br \/>\n<\/strong>Hazim Begagi\u0107, Naida Biki\u0107, Adnan Bujak, D\u017eevad Burgi\u0107, Amer \u0106aro, Amela \u0106urkovi\u0107, Mirza D\u017eananovi\u0107, Bernard Harba\u0161, Indira Me\u0161ki\u0107, Belma Poli\u0107, Ikbal Smajlovi\u0107, Edina Solak, Aleksa Stankovi\u0107<\/p>\n\n\t\t<\/div>\n\t<\/div>\n<\/div><\/div><\/div><div class=\"wpb_column vc_column_container vc_col-sm-4\"><div class=\"vc_column-inner\"><div class=\"wpb_wrapper\">\n\t<div class=\"wpb_text_column wpb_content_element\" >\n\t\t<div class=\"wpb_wrapper\">\n\t\t\t\n\t\t<\/div>\n\t<\/div>\n<div class=\"vc_empty_space\"   style=\"height: 32px\"><span class=\"vc_empty_space_inner\"><\/span><\/div>\n\t<div class=\"wpb_text_column wpb_content_element\" >\n\t\t<div class=\"wpb_wrapper\">\n\t\t\t<p style=\"text-align: center;\">ISSN 2637-2088<\/p>\n<p style=\"text-align: center;\"><a href=\"https:\/\/ff.unze.ba\/wp-content\/uploads\/2019\/01\/Uputstvo-za-pisanje-rada.doc\">Instructions for writing a paper<\/a><\/p>\n<p style=\"text-align: center;\"><a href=\"https:\/\/ff.unze.ba\/wp-content\/uploads\/2019\/01\/Obrazac-za-recenziju.doc\">Review form<\/a><\/p>\n<p style=\"text-align: center;\"><a href=\"https:\/\/ff.unze.ba\/wp-content\/uploads\/2019\/01\/Izjava-o-lektorisanju-rada.docx\">Statement on the proofreading of the paper<\/a><\/p>\n<p style=\"text-align: center;\"><a href=\"https:\/\/ff.unze.ba\/wp-content\/uploads\/2019\/01\/CEEOL-klasifikacija-radova.pdf\">CEEOL classification of works<\/a><\/p>\n\n\t\t<\/div>\n\t<\/div>\n<\/div><\/div><\/div><div class=\"wpb_column vc_column_container vc_col-sm-4\"><div class=\"vc_column-inner\"><div class=\"wpb_wrapper\"><div class=\"vc_empty_space\"   style=\"height: 128px\"><span class=\"vc_empty_space_inner\"><\/span><\/div>\n\t<div  class=\"wpb_single_image wpb_content_element vc_align_center\">\n\t\t\n\t\t<figure class=\"wpb_wrapper vc_figure\">\n\t\t\t<div class=\"vc_single_image-wrapper   vc_box_border_grey\"><img loading=\"lazy\" decoding=\"async\" width=\"300\" height=\"135\" src=\"https:\/\/ff.unze.ba\/wp-content\/uploads\/2018\/03\/EE.png\" class=\"vc_single_image-img attachment-full\" alt=\"\" \/><\/div>\n\t\t<\/figure>\n\t<\/div>\n\n\t<div class=\"wpb_text_column wpb_content_element\" >\n\t\t<div class=\"wpb_wrapper\">\n\t\t\t<p style=\"text-align: center;\"><a href=\"https:\/\/www.ceeol.com\/search\/journal-detail?id=2042\" target=\"_blank\" rel=\"noopener\">https:\/\/www.ceeol.com\/search\/journal-detail?id=2042<\/a><\/p>\n<p style=\"text-align: center;\"><a href=\"https:\/\/www.ceeol.com\/search\/book-detail?id=608375\" target=\"_blank\" rel=\"noopener\">https:\/\/www.ceeol.com\/search\/book-detail?id=608375<\/a><\/p>\n\n\t\t<\/div>\n\t<\/div>\n<\/div><\/div><\/div><\/div><div class=\"vc_row wpb_row vc_row-fluid vc_row-o-content-middle vc_row-flex\"><div class=\"wpb_column vc_column_container vc_col-sm-12\"><div class=\"vc_column-inner\"><div class=\"wpb_wrapper\">\n\t<div class=\"wpb_text_column wpb_content_element\" >\n\t\t<div class=\"wpb_wrapper\">\n\t\t\t<div class=\"su-spoiler su-spoiler-style-default su-spoiler-icon-plus su-spoiler-closed\" data-scroll-offset=\"0\" data-anchor-in-url=\"no\"><div class=\"su-spoiler-title\" tabindex=\"0\" role=\"button\"><span class=\"su-spoiler-icon\"><\/span>Archive<\/div><div class=\"su-spoiler-content su-u-clearfix su-u-trim\"><\/p>\n<p>&nbsp;<\/p>\n<p><span style=\"font-size: 13px; color: #000000;\"><span style=\"color: #0000ff;\"><a style=\"color: #0000ff;\" href=\"https:\/\/ff.unze.ba\/wp-content\/uploads\/2023\/02\/Zbornik-radova-Filozofskog-fakulteta-u-Zenici-2022.pdf\">Proceedings<\/a><\/span><a style=\"color: #000000;\" href=\"https:\/\/ff.unze.ba\/wp-content\/uploads\/2023\/02\/Zbornik-radova-Filozofskog-fakulteta-u-Zenici-2022.pdf\"><span style=\"color: #0000ff;\"> papers of the Faculty of Philosophy in Zenica (2022)<\/span><\/a><br \/>\n<\/span><a title=\"Proceedings of the Faculty of Philosophy in Zenica (2021)\" href=\"https:\/\/ff.unze.ba\/wp-content\/uploads\/2022\/01\/ZbornikFF2021-1.pdf\" target=\"_blank\" rel=\"noopener\">Proceedings of the Faculty of Philosophy in Zenica (2021)<\/a><br \/>\n<a href=\"https:\/\/ff.unze.ba\/wp-content\/uploads\/2025\/12\/ZbornikFF2020.pdf\">Proceedings of the Faculty of Philosophy in Zenica (2020)<\/a><br \/>\n<a href=\"https:\/\/ff.unze.ba\/wp-content\/uploads\/2020\/01\/ZBORNIK-FF-2019-1.pdf\">Proceedings of the Faculty of Philosophy in Zenica (2019)<\/a><br \/>\n<a href=\"https:\/\/ff.unze.ba\/wp-content\/uploads\/2019\/01\/ZBORNIK-XVI.pdf\">Proceedings of the Faculty of Philosophy in Zenica (2018)<\/a><br \/>\n<a href=\"https:\/\/ff.unze.ba\/wp-content\/uploads\/2018\/01\/ZBORNIK-FF-XIV.XV_.pdf\">Proceedings of the Faculty of Philosophy in Zenica (2016\/2017)<\/a><br \/>\n<a href=\"https:\/\/ff.unze.ba\/wp-content\/uploads\/2014\/04\/13.Zbornik-XIII2015.pdf\">Proceedings of the Faculty of Philosophy in Zenica (2015)<\/a><br \/>\n<a href=\"https:\/\/ff.unze.ba\/wp-content\/uploads\/2014\/04\/12.Zbornik-XII2014.pdf\">Proceedings of the Faculty of Philosophy in Zenica (2014)<\/a><br \/>\n<a href=\"https:\/\/ff.unze.ba\/wp-content\/uploads\/2014\/04\/11.-ZBORNIK-XI-2013-1.pdf\">Proceedings of the Faculty of Philosophy in Zenica (2013)<\/a><br \/>\n<a href=\"https:\/\/ff.unze.ba\/wp-content\/uploads\/2014\/04\/10.-Zbornik-X-2012-1.pdf\">Proceedings of the Faculty of Pedagogy in Zenica (2012)<\/a><br \/>\n<a href=\"https:\/\/ff.unze.ba\/wp-content\/uploads\/2014\/04\/09.-Zbornik-IX-2011-1.pdf\">Proceedings of the Faculty of Pedagogy in Zenica (2011)<\/a><br \/>\n<a href=\"https:\/\/ff.unze.ba\/wp-content\/uploads\/2014\/04\/08.-Zbornik-VIII-2010-1.pdf\">Proceedings of the Faculty of Pedagogy in Zenica (2010)<\/a><br \/>\n<a href=\"https:\/\/ff.unze.ba\/wp-content\/uploads\/2014\/04\/07.-Zbornik-VII-2009-1.pdf\">Proceedings of the Faculty of Pedagogy in Zenica (2009)<\/a><br \/>\n<a href=\"https:\/\/ff.unze.ba\/wp-content\/uploads\/2014\/04\/06.-Zbornik-VI-2008-1.pdf\">Proceedings of the Faculty of Pedagogy in Zenica (2008)<\/a><br \/>\n<a href=\"https:\/\/ff.unze.ba\/wp-content\/uploads\/2014\/04\/05.-Zbornik-V-2007.pdf\">Proceedings of the Faculty of Pedagogy in Zenica (2007)<\/a><br \/>\n<a href=\"https:\/\/ff.unze.ba\/wp-content\/uploads\/2014\/04\/04.-Zbornik-IV-2006.pdf\">Proceedings of the Faculty of Pedagogy in Zenica (2006)<\/a><br \/>\n<a href=\"https:\/\/ff.unze.ba\/wp-content\/uploads\/2014\/04\/03.-Zbornik-III-2005.pdf\">Proceedings of the Faculty of Pedagogy in Zenica (2005)<\/a><br \/>\n<a href=\"https:\/\/ff.unze.ba\/wp-content\/uploads\/2014\/04\/02.-Zbornik-II-2004.pdf\">Proceedings of the Faculty of Pedagogy in Zenica (2004)<\/a><br \/>\n<a href=\"https:\/\/ff.unze.ba\/wp-content\/uploads\/2014\/04\/01.-Zbornik-I-2003.pdf\">Proceedings of the Faculty of Pedagogy in Zenica (2003)<\/a><\/p>\n<p><\/div><\/div>\n\n\t\t<\/div>\n\t<\/div>\n<\/div><\/div><\/div><\/div>","protected":false},"excerpt":{"rendered":"Aras Bori\u0107 BIBLIOGRAPHY &quot;PROCEEDINGS OF THE FACULTY OF PHILOSOPHY IN ZENICA&quot; (2003 - 2023) Download...","protected":false},"author":7,"featured_media":0,"parent":12809,"menu_order":0,"comment_status":"closed","ping_status":"closed","template":"","meta":{"footnotes":""},"class_list":["post-4786","page","type-page","status-publish","hentry","entry","no-media"],"rttpg_featured_image_url":null,"rttpg_author":{"display_name":"Filozofski","author_link":"https:\/\/ff.unze.ba\/en\/author\/filozofski\/"},"rttpg_comment":0,"rttpg_category":null,"rttpg_excerpt":null,"_links":{"self":[{"href":"https:\/\/ff.unze.ba\/en\/wp-json\/wp\/v2\/pages\/4786","targetHints":{"allow":["GET"]}}],"collection":[{"href":"https:\/\/ff.unze.ba\/en\/wp-json\/wp\/v2\/pages"}],"about":[{"href":"https:\/\/ff.unze.ba\/en\/wp-json\/wp\/v2\/types\/page"}],"author":[{"embeddable":true,"href":"https:\/\/ff.unze.ba\/en\/wp-json\/wp\/v2\/users\/7"}],"replies":[{"embeddable":true,"href":"https:\/\/ff.unze.ba\/en\/wp-json\/wp\/v2\/comments?post=4786"}],"version-history":[{"count":69,"href":"https:\/\/ff.unze.ba\/en\/wp-json\/wp\/v2\/pages\/4786\/revisions"}],"predecessor-version":[{"id":25832,"href":"https:\/\/ff.unze.ba\/en\/wp-json\/wp\/v2\/pages\/4786\/revisions\/25832"}],"up":[{"embeddable":true,"href":"https:\/\/ff.unze.ba\/en\/wp-json\/wp\/v2\/pages\/12809"}],"wp:attachment":[{"href":"https:\/\/ff.unze.ba\/en\/wp-json\/wp\/v2\/media?parent=4786"}],"curies":[{"name":"wp","href":"https:\/\/api.w.org\/{rel}","templated":true}]}}