{"id":3807,"date":"2014-01-29T12:23:49","date_gmt":"2014-01-29T11:23:49","guid":{"rendered":"https:\/\/ff.unze.ba\/?page_id=3807"},"modified":"2015-12-07T17:07:20","modified_gmt":"2015-12-07T16:07:20","slug":"predmeti","status":"publish","type":"page","link":"https:\/\/ff.unze.ba\/en\/english-language-and-literature\/subjects-2\/","title":{"rendered":"Subjects"},"content":{"rendered":"[printfriendly]\n<h2 align=\"center\">PRVA GODINA<\/h2>\n<table border=\"1\" cellspacing=\"0\" cellpadding=\"0\">\n<tbody>\n<tr>\n<td rowspan=\"3\" width=\"92\"><strong><em>\u0160ifra predmeta<\/em><\/strong><\/td>\n<td rowspan=\"3\" valign=\"top\" width=\"254\">\n<p align=\"center\"><strong><em>\u00a0<\/em><\/strong><\/p>\n<p align=\"center\"><strong><em>Naziv predmeta<\/em><\/strong><\/p>\n<\/td>\n<td colspan=\"4\" valign=\"top\" width=\"147\">\n<p align=\"center\"><strong><em>Semestar<\/em><\/strong><\/p>\n<\/td>\n<td rowspan=\"2\" valign=\"top\" width=\"48\">\n<p align=\"center\"><strong><em>ECTS<\/em><\/strong><\/p>\n<p><strong><em>bodovi<\/em><\/strong><strong><\/strong><\/td>\n<td rowspan=\"2\" valign=\"top\" width=\"240\">\n<p align=\"center\"><strong><em>\u00a0<\/em><\/strong><\/p>\n<p align=\"center\"><strong><em>NASTAVNIK<\/em><\/strong><\/p>\n<\/td>\n<td rowspan=\"2\" valign=\"top\" width=\"237\">\n<p align=\"center\"><strong><em>\u00a0<\/em><\/strong><\/p>\n<p align=\"center\"><strong><em>SARADNIK<\/em><\/strong><\/p>\n<\/td>\n<\/tr>\n<tr>\n<td colspan=\"2\" valign=\"top\" width=\"75\">\n<p align=\"center\"><strong>I-prvi<\/strong><\/p>\n<\/td>\n<td colspan=\"2\" valign=\"top\" width=\"72\">\n<p align=\"center\"><strong>II-drugi<\/strong><\/p>\n<\/td>\n<\/tr>\n<tr>\n<td valign=\"top\" width=\"30\">\n<p align=\"center\"><strong>P<\/strong><\/p>\n<\/td>\n<td valign=\"top\" width=\"46\">\n<p align=\"center\"><strong>V<\/strong><\/p>\n<\/td>\n<td valign=\"top\" width=\"30\">\n<p align=\"center\"><strong>P<\/strong><\/p>\n<\/td>\n<td valign=\"top\" width=\"42\">\n<p align=\"center\"><strong>V<\/strong><\/p>\n<\/td>\n<td valign=\"top\" width=\"48\"><\/td>\n<td valign=\"top\" width=\"240\"><\/td>\n<td valign=\"top\" width=\"237\"><\/td>\n<\/tr>\n<tr>\n<td valign=\"top\" width=\"92\"><\/td>\n<td valign=\"top\" width=\"254\"><strong>\u00a0<\/strong><\/td>\n<td valign=\"top\" width=\"30\"><\/td>\n<td valign=\"top\" width=\"46\"><\/td>\n<td valign=\"top\" width=\"30\"><\/td>\n<td valign=\"top\" width=\"42\"><\/td>\n<td valign=\"top\" width=\"48\"><\/td>\n<td valign=\"top\" width=\"240\"><\/td>\n<td valign=\"top\" width=\"237\"><\/td>\n<\/tr>\n<tr>\n<td valign=\"top\" width=\"92\"><\/td>\n<td width=\"254\">Morfologija<\/td>\n<td valign=\"top\" width=\"30\"><\/td>\n<td valign=\"top\" width=\"46\"><\/td>\n<td width=\"30\">\n<p align=\"center\">2<\/p>\n<\/td>\n<td width=\"42\">\n<p align=\"center\">2x2g<\/p>\n<\/td>\n<td valign=\"top\" width=\"48\"><\/td>\n<td width=\"240\">Doc. Dr. Vildana Dubravac<\/td>\n<td width=\"237\">Mr. sc. Amna Brdarevi\u0107-\u010celjo v.as. (4V)<\/td>\n<\/tr>\n<tr>\n<td valign=\"top\" width=\"92\"><\/td>\n<td width=\"254\"><a href=\"https:\/\/ff.unze.ba\/wp-content\/uploads\/2014\/03\/Fonetika-i-fonologija-PLAN-RADA.pdf\">Fonetika i fonologija engleskog jezika<\/a><\/td>\n<td valign=\"top\" width=\"30\"><\/td>\n<td valign=\"top\" width=\"46\"><\/td>\n<td valign=\"top\" width=\"30\">\n<p align=\"center\">2<\/p>\n<\/td>\n<td valign=\"top\" width=\"42\">\n<p align=\"center\">1x2g<\/p>\n<\/td>\n<td valign=\"top\" width=\"48\"><\/td>\n<td width=\"240\">Doc. Dr. Kamiah Arnaut-Karovi\u0107<\/td>\n<td valign=\"top\" width=\"237\">Mr. Aleksandar Beli\u0107, as. (2V)<\/td>\n<\/tr>\n<tr>\n<td valign=\"top\" width=\"92\"><\/td>\n<td width=\"254\">Savremeni engleski jezik II<\/td>\n<td valign=\"top\" width=\"30\"><\/td>\n<td valign=\"top\" width=\"46\"><\/td>\n<td valign=\"top\" width=\"30\">\n<p align=\"center\">&#8211;<\/p>\n<\/td>\n<td valign=\"top\" width=\"42\">\n<p align=\"center\">6x2g<\/p>\n<\/td>\n<td valign=\"top\" width=\"48\"><\/td>\n<td width=\"240\">Doc. Dr. Mirna Begagi\u0107<\/td>\n<td valign=\"top\" width=\"237\">Mr. Aleksandar Beli\u0107, as. (4V)Majda Nizami\u0107, as. \u00a0(8V)<\/td>\n<\/tr>\n<tr>\n<td valign=\"top\" width=\"92\"><\/td>\n<td valign=\"top\" width=\"254\">Britanska kultura i civilizacija od 1500. godine do danas<\/td>\n<td valign=\"top\" width=\"30\"><\/td>\n<td valign=\"top\" width=\"46\"><\/td>\n<td valign=\"top\" width=\"30\">\n<p align=\"center\">2<\/p>\n<\/td>\n<td valign=\"top\" width=\"42\">\n<p align=\"center\">1x2g<\/p>\n<\/td>\n<td valign=\"top\" width=\"48\"><\/td>\n<td width=\"240\">Doc. Dr. Ksenija Kondali<\/td>\n<td width=\"237\">Mr. sc. Samir Busova\u010da, lektor (2V)<\/td>\n<\/tr>\n<tr>\n<td valign=\"top\" width=\"92\"><\/td>\n<td valign=\"top\" width=\"254\"><a href=\"https:\/\/ff.unze.ba\/wp-content\/uploads\/2014\/03\/UNZERenaissancelit.pdf\">Engleska knji\u017eevnost do kraja 17. stolje\u0107a<\/a><\/td>\n<td valign=\"top\" width=\"30\"><\/td>\n<td valign=\"top\" width=\"46\"><\/td>\n<td valign=\"top\" width=\"30\">\n<p align=\"center\">2<\/p>\n<\/td>\n<td valign=\"top\" width=\"42\">\n<p align=\"center\">1x2g<\/p>\n<\/td>\n<td valign=\"top\" width=\"48\"><\/td>\n<td valign=\"top\" width=\"240\">Dr.Ifeta \u0106iri\u0107-Fazlija <strong> <\/strong><\/td>\n<td valign=\"top\" width=\"237\">Adnan Bujak, as. (2V)<\/td>\n<\/tr>\n<tr>\n<td valign=\"top\" width=\"92\"><\/td>\n<td valign=\"top\" width=\"254\">Pedagogija<\/td>\n<td valign=\"top\" width=\"30\"><\/td>\n<td valign=\"top\" width=\"46\"><\/td>\n<td valign=\"top\" width=\"30\">\n<p align=\"center\">2<\/p>\n<\/td>\n<td valign=\"top\" width=\"42\">\n<p align=\"center\">2<\/p>\n<\/td>\n<td valign=\"top\" width=\"48\"><\/td>\n<td valign=\"top\" width=\"240\">Prof. Dr. Amel Ali\u0107<\/td>\n<td valign=\"top\" width=\"237\">Amer \u0106aro, as.<\/td>\n<\/tr>\n<\/tbody>\n<\/table>\n<p>&nbsp;<\/p>\n<h2 align=\"center\">DRUGA GODINA<\/h2>\n<table border=\"1\" cellspacing=\"0\" cellpadding=\"0\">\n<tbody>\n<tr>\n<td rowspan=\"3\" width=\"92\"><strong><em>\u0160ifra predmeta<\/em><\/strong><\/td>\n<td rowspan=\"3\" valign=\"top\" width=\"206\">\n<p align=\"center\"><strong><em>\u00a0<\/em><\/strong><\/p>\n<p align=\"center\"><strong><em>Naziv predmeta<\/em><\/strong><\/p>\n<\/td>\n<td colspan=\"4\" valign=\"top\" width=\"174\">\n<p align=\"center\"><strong><em>Semestar<\/em><\/strong><\/p>\n<\/td>\n<td rowspan=\"2\" valign=\"top\" width=\"49\">\n<p align=\"center\"><strong><em>ECTS<\/em><\/strong><\/p>\n<p><strong><em>bodovi<\/em><\/strong><strong><\/strong><\/td>\n<td rowspan=\"2\" valign=\"top\" width=\"242\">\n<p align=\"center\"><strong><em>\u00a0<\/em><\/strong><\/p>\n<p align=\"center\"><strong><em>NASTAVNIK<\/em><\/strong><\/p>\n<\/td>\n<td rowspan=\"2\" valign=\"top\" width=\"229\">\n<p align=\"center\"><strong><em>\u00a0<\/em><\/strong><\/p>\n<p align=\"center\"><strong><em>SARADNIK<\/em><\/strong><\/p>\n<\/td>\n<\/tr>\n<tr>\n<td colspan=\"2\" valign=\"top\" width=\"84\">\n<p align=\"center\"><strong>III-tre\u0107i<\/strong><\/p>\n<\/td>\n<td colspan=\"2\" valign=\"top\" width=\"90\">\n<p align=\"center\"><strong>IV-\u010detvrti<\/strong><\/p>\n<\/td>\n<\/tr>\n<tr>\n<td valign=\"top\" width=\"33\">\n<p align=\"center\"><strong>P<\/strong><\/p>\n<\/td>\n<td valign=\"top\" width=\"51\">\n<p align=\"center\"><strong>V<\/strong><\/p>\n<\/td>\n<td valign=\"top\" width=\"43\">\n<p align=\"center\"><strong>P<\/strong><\/p>\n<\/td>\n<td valign=\"top\" width=\"47\">\n<p align=\"center\"><strong>V<\/strong><\/p>\n<\/td>\n<td valign=\"top\" width=\"49\"><\/td>\n<td valign=\"top\" width=\"242\"><\/td>\n<td valign=\"top\" width=\"229\"><\/td>\n<\/tr>\n<tr>\n<td valign=\"top\" width=\"92\"><\/td>\n<td valign=\"top\" width=\"206\"><strong><em>\u00a0<\/em><\/strong><\/td>\n<td valign=\"top\" width=\"33\"><\/td>\n<td valign=\"top\" width=\"51\"><\/td>\n<td valign=\"top\" width=\"43\"><\/td>\n<td valign=\"top\" width=\"47\"><\/td>\n<td valign=\"top\" width=\"49\"><\/td>\n<td valign=\"top\" width=\"242\"><\/td>\n<td valign=\"top\" width=\"229\"><\/td>\n<\/tr>\n<tr>\n<td valign=\"top\" width=\"92\"><\/td>\n<td width=\"206\">Nefinitne fraze<\/td>\n<td valign=\"top\" width=\"33\"><\/td>\n<td valign=\"top\" width=\"51\"><\/td>\n<td width=\"43\">\n<p align=\"center\">2<\/p>\n<\/td>\n<td width=\"47\">\n<p align=\"center\">2x2g<\/p>\n<\/td>\n<td width=\"49\"><\/td>\n<td width=\"242\">Doc. Dr. Kamiah Karovi\u0107<\/td>\n<td width=\"229\">Mr.sc. Amna B.-\u010celjo, v.as.\u00a0 (4V)<\/td>\n<\/tr>\n<tr>\n<td valign=\"top\" width=\"92\"><\/td>\n<td width=\"206\">Savremeni engleski jezik 4<\/td>\n<td valign=\"top\" width=\"33\"><\/td>\n<td valign=\"top\" width=\"51\"><\/td>\n<td width=\"43\">\n<p align=\"center\">&#8211;<\/p>\n<\/td>\n<td width=\"47\">\n<p align=\"center\">6x2g<\/p>\n<\/td>\n<td width=\"49\"><\/td>\n<td width=\"242\">Doc. Dr. Kamiah Karovi\u0107<\/td>\n<td width=\"229\">Mr. sc. Melisa Burekovi\u0107 v.as. (8V)Majda Nizami\u0107, as. (4V)<\/td>\n<\/tr>\n<tr>\n<td valign=\"top\" width=\"92\"><\/td>\n<td valign=\"top\" width=\"206\">Konverzacijske vje\u017ebe 2<\/td>\n<td valign=\"top\" width=\"33\"><\/td>\n<td valign=\"top\" width=\"51\"><\/td>\n<td width=\"43\">\n<p align=\"center\">&#8211;<\/p>\n<\/td>\n<td valign=\"top\" width=\"47\">\n<p align=\"center\">3x2g<\/p>\n<\/td>\n<td valign=\"top\" width=\"49\"><\/td>\n<td valign=\"top\" width=\"242\">Mr. Alma Piri\u0107, lektor<\/td>\n<td valign=\"top\" width=\"229\">Mr.Alma Piri\u0107, lektor (6V)<\/td>\n<\/tr>\n<tr>\n<td valign=\"top\" width=\"92\"><\/td>\n<td valign=\"top\" width=\"206\">Poezija engleskog romantizma<\/td>\n<td valign=\"top\" width=\"33\"><\/td>\n<td valign=\"top\" width=\"51\"><\/td>\n<td width=\"43\">\n<p align=\"center\">2<\/p>\n<\/td>\n<td valign=\"top\" width=\"47\">\n<p align=\"center\">2x2g<\/p>\n<\/td>\n<td valign=\"top\" width=\"49\"><strong>\u00a0<\/strong><\/td>\n<td valign=\"top\" width=\"242\">Prof. Dr. Damir Arsenijevi\u0107<\/td>\n<td valign=\"top\" width=\"229\">Adnan Bujak, as. (4V)<\/td>\n<\/tr>\n<tr>\n<td valign=\"top\" width=\"92\"><\/td>\n<td valign=\"top\" width=\"206\">Didaktika<\/td>\n<td valign=\"top\" width=\"33\"><\/td>\n<td valign=\"top\" width=\"51\"><\/td>\n<td width=\"43\">\n<p align=\"center\">1<\/p>\n<\/td>\n<td valign=\"top\" width=\"47\">\n<p align=\"center\">2<\/p>\n<\/td>\n<td valign=\"top\" width=\"49\"><em>\u00a0<\/em><\/td>\n<td valign=\"top\" width=\"242\">Doc. Dr. Vahdeta \u0106ati\u0107<\/td>\n<td valign=\"top\" width=\"229\">Amer \u0106aro, as.<\/td>\n<\/tr>\n<tr>\n<td valign=\"top\" width=\"92\"><\/td>\n<td valign=\"top\" width=\"206\">Informatika<\/td>\n<td valign=\"top\" width=\"33\"><\/td>\n<td valign=\"top\" width=\"51\"><\/td>\n<td width=\"43\">\n<p align=\"center\">1<\/p>\n<\/td>\n<td valign=\"top\" width=\"47\">\n<p align=\"center\">2<\/p>\n<\/td>\n<td valign=\"top\" width=\"49\"><em>\u00a0<\/em><\/td>\n<td valign=\"top\" width=\"242\"><\/td>\n<td valign=\"top\" width=\"229\">Safet Penji\u0107, as.<\/td>\n<\/tr>\n<tr>\n<td valign=\"top\" width=\"92\"><\/td>\n<td valign=\"top\" width=\"206\"><em>Izborni predmet: <\/em>Engleski frazni glagoli<\/td>\n<td valign=\"top\" width=\"33\"><\/td>\n<td valign=\"top\" width=\"51\"><\/td>\n<td width=\"43\">\n<p align=\"center\">2<\/p>\n<\/td>\n<td width=\"47\">\n<p align=\"center\">&#8211;<\/p>\n<\/td>\n<td valign=\"top\" width=\"49\"><em>\u00a0<\/em><\/td>\n<td valign=\"top\" width=\"242\">Doc. Dr. Mirna Begagi\u0107<\/td>\n<td valign=\"top\" width=\"229\"><em>\u00a0<\/em><\/td>\n<\/tr>\n<\/tbody>\n<\/table>\n<p>&nbsp;<\/p>\n<h2 align=\"center\">TRE\u0106A GODINA<\/h2>\n<table border=\"1\" cellspacing=\"0\" cellpadding=\"0\">\n<tbody>\n<tr>\n<td rowspan=\"3\" width=\"83\"><strong><em>\u0160ifra predmeta<\/em><\/strong><\/td>\n<td rowspan=\"3\" valign=\"top\" width=\"302\">\n<p align=\"center\"><strong><em>\u00a0<\/em><\/strong><\/p>\n<p align=\"center\"><strong><em>Naziv predmeta<\/em><\/strong><\/p>\n<\/td>\n<td colspan=\"4\" valign=\"top\" width=\"173\">\n<p align=\"center\"><strong><em>Semestar<\/em><\/strong><\/p>\n<\/td>\n<td rowspan=\"2\" valign=\"top\" width=\"54\">\n<p align=\"center\"><strong><em>ECTS<\/em><\/strong><\/p>\n<p><strong><em>bodovi<\/em><\/strong><\/td>\n<td rowspan=\"2\" valign=\"top\" width=\"188\">\n<p align=\"center\"><strong><em>\u00a0<\/em><\/strong><\/p>\n<p align=\"center\"><strong><em>NASTAVNIK<\/em><\/strong><\/p>\n<\/td>\n<td rowspan=\"2\" valign=\"top\" width=\"236\">\n<p align=\"center\"><strong><em>\u00a0<\/em><\/strong><\/p>\n<p align=\"center\"><strong><em>SARADNIK<\/em><\/strong><\/p>\n<\/td>\n<\/tr>\n<tr>\n<td colspan=\"2\" valign=\"top\" width=\"94\">\n<p align=\"center\"><strong>V-peti<\/strong><\/p>\n<\/td>\n<td colspan=\"2\" valign=\"top\" width=\"80\">\n<p align=\"center\"><strong>VI-\u0161esti<\/strong><\/p>\n<\/td>\n<\/tr>\n<tr>\n<td valign=\"top\" width=\"43\">\n<p align=\"center\"><strong>P<\/strong><\/p>\n<\/td>\n<td valign=\"top\" width=\"51\">\n<p align=\"center\"><strong>V<\/strong><\/p>\n<\/td>\n<td valign=\"top\" width=\"33\">\n<p align=\"center\"><strong>P<\/strong><\/p>\n<\/td>\n<td valign=\"top\" width=\"47\">\n<p align=\"center\"><strong>V<\/strong><\/p>\n<\/td>\n<td valign=\"top\" width=\"54\"><\/td>\n<td valign=\"top\" width=\"188\"><\/td>\n<td valign=\"top\" width=\"236\"><\/td>\n<\/tr>\n<tr>\n<td valign=\"top\" width=\"83\"><\/td>\n<td valign=\"top\" width=\"302\"><strong><em>\u00a0<\/em><\/strong><\/td>\n<td valign=\"top\" width=\"43\"><\/td>\n<td valign=\"top\" width=\"51\"><\/td>\n<td valign=\"top\" width=\"33\"><\/td>\n<td valign=\"top\" width=\"47\"><\/td>\n<td valign=\"top\" width=\"54\"><\/td>\n<td valign=\"top\" width=\"188\"><\/td>\n<td valign=\"top\" width=\"236\"><\/td>\n<\/tr>\n<tr>\n<td width=\"83\"><\/td>\n<td width=\"302\"><a href=\"https:\/\/ff.unze.ba\/wp-content\/uploads\/2014\/03\/Plan-nastave-Sintaksa-2-1.pdf\">Sintaksa proste i slo\u017eene re\u010denice<\/a><\/td>\n<td width=\"43\"><\/td>\n<td width=\"51\"><\/td>\n<td width=\"33\">\n<p align=\"center\">2<\/p>\n<\/td>\n<td width=\"47\">\n<p align=\"center\">2x2g<\/p>\n<\/td>\n<td width=\"54\"><\/td>\n<td width=\"188\">Doc. Dr. Nadira Aljovi\u0107<\/td>\n<td width=\"236\">Mr.sc. Melisa Burekovi\u0107, v.as. (4V)<\/td>\n<\/tr>\n<tr>\n<td valign=\"top\" width=\"83\"><\/td>\n<td width=\"302\"><a href=\"https:\/\/ff.unze.ba\/wp-content\/uploads\/2014\/04\/Updated-SAVREMENI-ENGLESKI-JEZIK-6-nastavni-plan1-1-1.docx\">Savremeni engleski jezik 6<\/a><\/td>\n<td valign=\"top\" width=\"43\"><\/td>\n<td valign=\"top\" width=\"51\"><\/td>\n<td width=\"33\">\n<p align=\"center\">&#8211;<\/p>\n<\/td>\n<td width=\"47\">\n<p align=\"center\">6x2g<\/p>\n<\/td>\n<td width=\"54\"><\/td>\n<td width=\"188\">Doc. Dr. Nadira Aljovi\u0107<\/td>\n<td valign=\"top\" width=\"236\">Mr. Fe\u0111a Imamovi\u0107 v.as. (12V)<\/td>\n<\/tr>\n<tr>\n<td valign=\"top\" width=\"83\"><\/td>\n<td valign=\"top\" width=\"302\">Ameri\u010dka knji\u017eevnost 20. stolje\u0107a<\/td>\n<td valign=\"top\" width=\"43\"><\/td>\n<td valign=\"top\" width=\"51\"><\/td>\n<td width=\"33\">\n<p align=\"center\">2<\/p>\n<\/td>\n<td width=\"47\">\n<p align=\"center\">1x2g<\/p>\n<\/td>\n<td valign=\"top\" width=\"54\"><\/td>\n<td valign=\"top\" width=\"188\">Doc. Dr. Ksenija Kondali<\/td>\n<td valign=\"top\" width=\"236\">Mr.sc. Samir Busova\u010da, lektor (2V)<\/td>\n<\/tr>\n<tr>\n<td valign=\"top\" width=\"83\"><\/td>\n<td valign=\"top\" width=\"302\">Konverzacijske vje\u017ebe III<\/td>\n<td valign=\"top\" width=\"43\"><\/td>\n<td valign=\"top\" width=\"51\"><\/td>\n<td width=\"33\">\n<p align=\"center\">&#8211;<\/p>\n<\/td>\n<td width=\"47\">\n<p align=\"center\">2x2g<\/p>\n<\/td>\n<td valign=\"top\" width=\"54\"><strong>\u00a0<\/strong><\/td>\n<td valign=\"top\" width=\"188\">Mr. Alma Piri\u0107, lektor<\/td>\n<td valign=\"top\" width=\"236\">Mr. Alma Piri\u0107, lektor (4V)<\/td>\n<\/tr>\n<tr>\n<td valign=\"top\" width=\"83\"><\/td>\n<td valign=\"top\" width=\"302\"><a href=\"https:\/\/ff.unze.ba\/wp-content\/uploads\/2014\/03\/prakticnisekspir-sil.pdf\">Prakti\u010dni kolegij iz \u0161ekspirologije<\/a><\/td>\n<td valign=\"top\" width=\"43\"><\/td>\n<td valign=\"top\" width=\"51\"><\/td>\n<td width=\"33\">\n<p align=\"center\">2<\/p>\n<\/td>\n<td width=\"47\">\n<p align=\"center\">&#8211;<\/p>\n<\/td>\n<td valign=\"top\" width=\"54\"><em>\u00a0<\/em><\/td>\n<td valign=\"top\" width=\"188\">Dr.Ifeta \u0106iri\u0107-Fazlija<\/td>\n<td valign=\"top\" width=\"236\">&#8211;<\/td>\n<\/tr>\n<tr>\n<td valign=\"top\" width=\"83\"><\/td>\n<td valign=\"top\" width=\"302\">Metodika nastave engleskog jezika u osnovnim i srednjim \u0161kolama<\/td>\n<td valign=\"top\" width=\"43\"><\/td>\n<td valign=\"top\" width=\"51\"><\/td>\n<td width=\"33\">\n<p align=\"center\">2<\/p>\n<\/td>\n<td width=\"47\">\n<p align=\"center\">2x2g<\/p>\n<\/td>\n<td valign=\"top\" width=\"54\"><em>\u00a0<\/em><\/td>\n<td width=\"188\">Doc. Dr. Neboj\u0161a Vasi\u0107<\/td>\n<td width=\"236\">Maja Hinovi\u0107, as. (4V)<\/td>\n<\/tr>\n<tr>\n<td valign=\"top\" width=\"83\"><\/td>\n<td valign=\"top\" width=\"302\"><em>Izborni predmet<\/em>: Demokratija i ljudska prava<\/td>\n<td valign=\"top\" width=\"43\"><\/td>\n<td valign=\"top\" width=\"51\"><\/td>\n<td width=\"33\">\n<p align=\"center\">2<\/p>\n<\/td>\n<td width=\"47\">\n<p align=\"center\">&#8211;<\/p>\n<\/td>\n<td valign=\"top\" width=\"54\"><em>\u00a0<\/em><\/td>\n<td valign=\"top\" width=\"188\">Prof. Dr. Faruk Kozi\u0107<\/td>\n<td valign=\"top\" width=\"236\"><\/td>\n<\/tr>\n<\/tbody>\n<\/table>\n<p>&nbsp;<\/p>\n<h2 align=\"center\">\u010cETVRTA GODINA<\/h2>\n<table border=\"1\" cellspacing=\"0\" cellpadding=\"0\">\n<tbody>\n<tr>\n<td rowspan=\"3\" width=\"83\"><em>\u0160ifra predmeta<\/em><\/td>\n<td rowspan=\"3\" valign=\"top\" width=\"306\">\n<p align=\"center\"><strong><em>\u00a0<\/em><\/strong><\/p>\n<p align=\"center\"><strong><em>Naziv predmeta<\/em><\/strong><\/p>\n<\/td>\n<td colspan=\"4\" valign=\"top\" width=\"164\">\n<p align=\"center\"><strong><em>Semestar<\/em><\/strong><\/p>\n<\/td>\n<td rowspan=\"2\" valign=\"top\" width=\"59\">\n<p align=\"center\"><strong><em>ECTS<\/em><\/strong><\/p>\n<p><strong><em>bodovi<\/em><\/strong><\/td>\n<td rowspan=\"2\" valign=\"top\" width=\"217\">\n<p align=\"center\"><strong><em>\u00a0<\/em><\/strong><\/p>\n<p align=\"center\"><strong><em>NASTAVNIK<\/em><\/strong><\/p>\n<\/td>\n<td rowspan=\"2\" valign=\"top\" width=\"232\">\n<p align=\"center\"><strong><em>\u00a0<\/em><\/strong><\/p>\n<p align=\"center\"><strong><em>SARADNIK<\/em><\/strong><\/p>\n<\/td>\n<\/tr>\n<tr>\n<td colspan=\"2\" valign=\"top\" width=\"84\">\n<p align=\"center\"><strong>VII-sedmi<\/strong><\/p>\n<\/td>\n<td colspan=\"2\" valign=\"top\" width=\"80\">\n<p align=\"center\"><strong>VIII-osmi<\/strong><\/p>\n<\/td>\n<\/tr>\n<tr>\n<td valign=\"top\" width=\"33\">\n<p align=\"center\"><strong>P<\/strong><\/p>\n<\/td>\n<td valign=\"top\" width=\"51\">\n<p align=\"center\"><strong>V<\/strong><\/p>\n<\/td>\n<td valign=\"top\" width=\"33\">\n<p align=\"center\"><strong>P<\/strong><\/p>\n<\/td>\n<td valign=\"top\" width=\"47\">\n<p align=\"center\"><strong>V<\/strong><\/p>\n<\/td>\n<td valign=\"top\" width=\"59\"><\/td>\n<td valign=\"top\" width=\"217\"><\/td>\n<td valign=\"top\" width=\"232\"><\/td>\n<\/tr>\n<tr>\n<td valign=\"top\" width=\"83\"><\/td>\n<td valign=\"top\" width=\"306\"><strong><em>\u00a0<\/em><\/strong><\/td>\n<td valign=\"top\" width=\"33\"><\/td>\n<td valign=\"top\" width=\"51\"><\/td>\n<td valign=\"top\" width=\"33\"><\/td>\n<td valign=\"top\" width=\"47\"><\/td>\n<td valign=\"top\" width=\"59\"><\/td>\n<td valign=\"top\" width=\"217\"><\/td>\n<td valign=\"top\" width=\"232\"><\/td>\n<\/tr>\n<tr>\n<td valign=\"top\" width=\"83\"><\/td>\n<td width=\"306\"><a href=\"https:\/\/ff.unze.ba\/wp-content\/uploads\/2014\/03\/Plan-nastave-Syn-Sem.pdf\">Sintaksa i semantika u generativnoj gramatici<\/a><\/td>\n<td valign=\"top\" width=\"33\"><\/td>\n<td valign=\"top\" width=\"51\"><\/td>\n<td width=\"33\">2<\/td>\n<td width=\"47\">1x2g<\/td>\n<td width=\"59\"><\/td>\n<td width=\"217\">Doc. dr. Nadira Aljovi\u0107<\/td>\n<td width=\"232\">Mr. Fe\u0111a Imamovi\u0107 v.as.(2V)<\/td>\n<\/tr>\n<tr>\n<td rowspan=\"2\" valign=\"top\" width=\"83\"><\/td>\n<td rowspan=\"2\" width=\"306\">Savremeni engleski jezik 8<\/td>\n<td rowspan=\"2\" valign=\"top\" width=\"33\"><\/td>\n<td rowspan=\"2\" valign=\"top\" width=\"51\"><\/td>\n<td rowspan=\"2\" width=\"33\">&#8211;<\/td>\n<td rowspan=\"2\" width=\"47\">4x2g<\/td>\n<td rowspan=\"2\" width=\"59\"><\/td>\n<td rowspan=\"2\" width=\"217\">Doc. dr. Vildana Dubravac<\/td>\n<td width=\"232\">Mr. Fe\u0111a Imamovi\u0107 v.as. (4V)<\/td>\n<\/tr>\n<tr>\n<td width=\"232\">Mr. Ivana Vasiljevi\u0107, as. (4V)<\/td>\n<\/tr>\n<tr>\n<td valign=\"top\" width=\"83\"><\/td>\n<td width=\"306\"><a href=\"https:\/\/ff.unze.ba\/wp-content\/uploads\/2014\/04\/Plan-nastave-Kontrastivna-gramatika-1.pdf\">Kontrastivna gramatika engleskog i bhs jezika<\/a><\/td>\n<td valign=\"top\" width=\"33\"><\/td>\n<td valign=\"top\" width=\"51\"><\/td>\n<td width=\"33\">2<\/td>\n<td width=\"47\">1x2g<\/td>\n<td valign=\"top\" width=\"59\"><strong>\u00a0<\/strong><\/td>\n<td width=\"217\">Doc. dr. Nadira Aljovi\u0107<\/td>\n<td width=\"232\">Mr. Fe\u0111a Imamovi\u0107, v. As. (2V)<\/td>\n<\/tr>\n<tr>\n<td valign=\"top\" width=\"83\"><\/td>\n<td valign=\"top\" width=\"306\">Britanska knji\u017eevnost 20. stolje\u0107a<\/td>\n<td valign=\"top\" width=\"33\"><\/td>\n<td valign=\"top\" width=\"51\"><\/td>\n<td width=\"33\">2<\/td>\n<td valign=\"top\" width=\"47\">\n<p align=\"center\">2x2g<\/p>\n<\/td>\n<td valign=\"top\" width=\"59\"><em>\u00a0<\/em><\/td>\n<td valign=\"top\" width=\"217\">Doc. dr. Ksenija Kondali<\/td>\n<td valign=\"top\" width=\"232\">Adnan Bujak, as. (4V)<\/td>\n<\/tr>\n<tr>\n<td valign=\"top\" width=\"83\"><\/td>\n<td valign=\"top\" width=\"306\">Metodika: nastavni\u010dka praksa<\/td>\n<td valign=\"top\" width=\"33\"><\/td>\n<td valign=\"top\" width=\"51\"><\/td>\n<td width=\"33\">&#8211;<\/td>\n<td valign=\"top\" width=\"47\">\n<p align=\"center\">2x2g<\/p>\n<\/td>\n<td valign=\"top\" width=\"59\"><em>\u00a0<\/em><\/td>\n<td valign=\"top\" width=\"217\">Doc. dr. Neboj\u0161a Vasi\u0107<\/td>\n<td valign=\"top\" width=\"232\">Ivana Vasiljevi\u0107, as.\u00a0 (4V)<\/td>\n<\/tr>\n<tr>\n<td valign=\"top\" width=\"83\"><\/td>\n<td valign=\"top\" width=\"306\"><em>Izborni predmet<\/em>: Testiranje i vrednovanje komunikacijske kompetencije<\/td>\n<td valign=\"top\" width=\"33\"><\/td>\n<td valign=\"top\" width=\"51\"><\/td>\n<td width=\"33\">1<\/td>\n<td width=\"47\">\n<p align=\"center\">1<\/p>\n<\/td>\n<td valign=\"top\" width=\"59\"><em>\u00a0<\/em><\/td>\n<td width=\"217\">Prof. dr. Damir Kuki\u0107<\/td>\n<td width=\"232\">Mr.sc. Enes Prasko, v. as.<\/td>\n<\/tr>\n<\/tbody>\n<\/table>\n<p><\/p>\n","protected":false},"excerpt":{"rendered":"<p>[printfriendly] PRVA GODINA \u0160ifra predmeta \u00a0 Naziv predmeta Semestar ECTS&hellip;<\/p>\n","protected":false},"author":7,"featured_media":0,"parent":3374,"menu_order":0,"comment_status":"closed","ping_status":"closed","template":"","meta":{"footnotes":""},"class_list":["post-3807","page","type-page","status-publish","hentry","entry","no-media"],"rttpg_featured_image_url":null,"rttpg_author":{"display_name":"Filozofski","author_link":"https:\/\/ff.unze.ba\/en\/author\/filozofski\/"},"rttpg_comment":0,"rttpg_category":null,"rttpg_excerpt":"[printfriendly] PRVA GODINA \u0160ifra predmeta \u00a0 Naziv predmeta Semestar ECTS&hellip;","_links":{"self":[{"href":"https:\/\/ff.unze.ba\/en\/wp-json\/wp\/v2\/pages\/3807","targetHints":{"allow":["GET"]}}],"collection":[{"href":"https:\/\/ff.unze.ba\/en\/wp-json\/wp\/v2\/pages"}],"about":[{"href":"https:\/\/ff.unze.ba\/en\/wp-json\/wp\/v2\/types\/page"}],"author":[{"embeddable":true,"href":"https:\/\/ff.unze.ba\/en\/wp-json\/wp\/v2\/users\/7"}],"replies":[{"embeddable":true,"href":"https:\/\/ff.unze.ba\/en\/wp-json\/wp\/v2\/comments?post=3807"}],"version-history":[{"count":19,"href":"https:\/\/ff.unze.ba\/en\/wp-json\/wp\/v2\/pages\/3807\/revisions"}],"predecessor-version":[{"id":9032,"href":"https:\/\/ff.unze.ba\/en\/wp-json\/wp\/v2\/pages\/3807\/revisions\/9032"}],"up":[{"embeddable":true,"href":"https:\/\/ff.unze.ba\/en\/wp-json\/wp\/v2\/pages\/3374"}],"wp:attachment":[{"href":"https:\/\/ff.unze.ba\/en\/wp-json\/wp\/v2\/media?parent=3807"}],"curies":[{"name":"wp","href":"https:\/\/api.w.org\/{rel}","templated":true}]}}