{"id":3378,"date":"2014-01-18T17:09:25","date_gmt":"2014-01-18T16:09:25","guid":{"rendered":"https:\/\/ff.unze.ba\/?page_id=3378"},"modified":"2024-02-22T13:40:12","modified_gmt":"2024-02-22T12:40:12","slug":"turski-jezik-i-knjizevnost","status":"publish","type":"page","link":"https:\/\/ff.unze.ba\/en\/turkish-language-and-literature\/","title":{"rendered":"Turkish language and literature"},"content":{"rendered":"<div data-vc-full-width=\"true\" data-vc-full-width-init=\"false\" data-vc-stretch-content=\"true\" class=\"vc_row wpb_row vc_row-fluid vc_custom_1521122388684 vc_row-no-padding wpex-vc_row-has-fill wpex-vc-row-stretched\"><div class=\"wpb_column vc_column_container vc_col-sm-12\"><div class=\"vc_column-inner\"><div class=\"wpb_wrapper\"><div class=\"vc_empty_space\"   style=\"height: 100px\"><span class=\"vc_empty_space_inner\"><\/span><\/div>\n\t<div class=\"wpb_text_column wpb_content_element  vc_custom_1708605607606\" >\n\t\t<div class=\"wpb_wrapper\">\n\t\t\t<div style=\"text-align: center; font-size: 60px; color: #ffffff; font-family: Raleway; font-weight: 800;\">Turkish language and literature<\/div>\n<div style=\"text-align: center; font-size: 20px; color: #ffffff; font-family: Raleway;\">Head of department: Prof. Dr. Edina Solak<\/div>\n\n\t\t<\/div>\n\t<\/div>\n<div class=\"vc_empty_space\"   style=\"height: 100px\"><span class=\"vc_empty_space_inner\"><\/span><\/div><\/div><\/div><\/div><\/div><div class=\"vc_row-full-width vc_clearfix\"><\/div><div class=\"vc_row wpb_row vc_row-fluid\"><div class=\"wpb_column vc_column_container vc_col-sm-8\"><div class=\"vc_column-inner\"><div class=\"wpb_wrapper\"><div class=\"vc_empty_space\"   style=\"height: 32px\"><span class=\"vc_empty_space_inner\"><\/span><\/div><div class=\"vcex-module vcex-blog-grid-wrap wpex-clr\"><div class=\"wpex-row vcex-blog-grid wpex-clr entries match-height-grid\"><div class=\"vcex-blog-entry vcex-grid-item entry-has-details span_1_of_3 col-1 col post-27126 entry type-post has-media cat-50 cat-112 cat-47\"><div class=\"vcex-blog-entry-inner entry-inner wpex-first-mt-0 wpex-last-mb-0 wpex-clr\"><div class=\"vcex-blog-entry-details entry-details wpex-bordered wpex-first-mt-0 wpex-last-mb-0 wpex-clr\"><div class=\"match-height-content\"><h2 class=\"vcex-blog-entry-title entry-title wpex-mb-5\"><a href=\"https:\/\/ff.unze.ba\/en\/jezik-kao-most-bosna-i-hercegovina-i-turska-u-prevodilackom-dijalogu-predavanje-profesorice-kerime-filan\/\">\u201cJezik kao most: Bosna i Hercegovina i Turska u prevodila\u010dkom dijalogu\u201d &#8211; predavanje profesorice Kerime Filan<\/a><\/h2><div class=\"vcex-blog-entry-date entry-date wpex-text-sm wpex-text-gray-600 wpex-mb-5\">23. April 2026.<\/div><div class=\"vcex-blog-entry-excerpt entry-excerpt wpex-my-15 wpex-last-mb-0 wpex-clr\"><p>U \u010detvrtak, 23. aprila 2026. godine, u okviru 29. me\u0111unarodne kulturne manifestacije \u201cZeni\u010dko prolje\u0107e\u201di Drugog&hellip;<\/p><\/div><div class=\"vcex-blog-entry-readmore-wrap entry-readmore-wrap wpex-my-15 wpex-clr\"><a href=\"https:\/\/ff.unze.ba\/en\/jezik-kao-most-bosna-i-hercegovina-i-turska-u-prevodilackom-dijalogu-predavanje-profesorice-kerime-filan\/\" class=\"theme-button\">More<\/a><\/div><\/div><\/div><\/div><\/div><div class=\"vcex-blog-entry vcex-grid-item entry-has-details span_1_of_3 col-2 col post-27055 entry type-post has-media cat-50 cat-47\"><div class=\"vcex-blog-entry-inner entry-inner wpex-first-mt-0 wpex-last-mb-0 wpex-clr\"><div class=\"vcex-blog-entry-details entry-details wpex-bordered wpex-first-mt-0 wpex-last-mb-0 wpex-clr\"><div class=\"match-height-content\"><h2 class=\"vcex-blog-entry-title entry-title wpex-mb-5\"><a href=\"https:\/\/ff.unze.ba\/en\/odbrana-magistarskog-rada-munira-djananovic\/\">ODBRANA MAGISTARSKOG RADA \u2013 MUNIRA \u0110ANANOVI\u0106<\/a><\/h2><div class=\"vcex-blog-entry-date entry-date wpex-text-sm wpex-text-gray-600 wpex-mb-5\">16. April 2026.<\/div><div class=\"vcex-blog-entry-excerpt entry-excerpt wpex-my-15 wpex-last-mb-0 wpex-clr\"><p>Kandidatkinja Munira \u0110ananovi\u0107, profesorica turskog jezika i knji\u017eevnosti, javno \u0107e braniti magistarski rad pod naslovom\u00a0Gramati\u010dke&hellip;<\/p><\/div><div class=\"vcex-blog-entry-readmore-wrap entry-readmore-wrap wpex-my-15 wpex-clr\"><a href=\"https:\/\/ff.unze.ba\/en\/odbrana-magistarskog-rada-munira-djananovic\/\" class=\"theme-button\">More<\/a><\/div><\/div><\/div><\/div><\/div><div class=\"vcex-blog-entry vcex-grid-item entry-has-details span_1_of_3 col-3 col post-27052 entry type-post has-media cat-50 cat-47\"><div class=\"vcex-blog-entry-inner entry-inner wpex-first-mt-0 wpex-last-mb-0 wpex-clr\"><div class=\"vcex-blog-entry-details entry-details wpex-bordered wpex-first-mt-0 wpex-last-mb-0 wpex-clr\"><div class=\"match-height-content\"><h2 class=\"vcex-blog-entry-title entry-title wpex-mb-5\"><a href=\"https:\/\/ff.unze.ba\/en\/odbrana-magistarskog-rada-irma-hasanica\/\">ODBRANA MAGISTARSKOG RADA \u2013 IRMA HASANICA<\/a><\/h2><div class=\"vcex-blog-entry-date entry-date wpex-text-sm wpex-text-gray-600 wpex-mb-5\">16. April 2026.<\/div><div class=\"vcex-blog-entry-excerpt entry-excerpt wpex-my-15 wpex-last-mb-0 wpex-clr\"><p>kandidatkinja Irma Hasanica, profesorica turskog jezika i knji\u017eevnosti, javno \u0107e braniti magistarski rad pod naslovom&hellip;<\/p><\/div><div class=\"vcex-blog-entry-readmore-wrap entry-readmore-wrap wpex-my-15 wpex-clr\"><a href=\"https:\/\/ff.unze.ba\/en\/odbrana-magistarskog-rada-irma-hasanica\/\" class=\"theme-button\">More<\/a><\/div><\/div><\/div><\/div><\/div><div class=\"vcex-blog-entry vcex-grid-item entry-has-details span_1_of_3 col-1 col post-26908 entry type-post has-media cat-112 cat-50 cat-47\"><div class=\"vcex-blog-entry-inner entry-inner wpex-first-mt-0 wpex-last-mb-0 wpex-clr\"><div class=\"vcex-blog-entry-details entry-details wpex-bordered wpex-first-mt-0 wpex-last-mb-0 wpex-clr\"><div class=\"match-height-content\"><h2 class=\"vcex-blog-entry-title entry-title wpex-mb-5\"><a href=\"https:\/\/ff.unze.ba\/en\/slatko-druzenje-na-sp-turski-jezik-i-knjizevnost\/\">SLATKO DRU\u017dENJE NA SP TURSKI JEZIK I KNJI\u017dEVNOST<\/a><\/h2><div class=\"vcex-blog-entry-date entry-date wpex-text-sm wpex-text-gray-600 wpex-mb-5\">28. March 2026.<\/div><div class=\"vcex-blog-entry-excerpt entry-excerpt wpex-my-15 wpex-last-mb-0 wpex-clr\"><p>U okviru Drugog studentskog festivala kulture \u201cSTUFEK 2026\u201d u prostorijama studijskog programa Turski jezik i&hellip;<\/p><\/div><div class=\"vcex-blog-entry-readmore-wrap entry-readmore-wrap wpex-my-15 wpex-clr\"><a href=\"https:\/\/ff.unze.ba\/en\/slatko-druzenje-na-sp-turski-jezik-i-knjizevnost\/\" class=\"theme-button\">More<\/a><\/div><\/div><\/div><\/div><\/div><div class=\"vcex-blog-entry vcex-grid-item entry-has-details span_1_of_3 col-2 col post-25944 entry type-post has-media cat-47 cat-50\"><div class=\"vcex-blog-entry-inner entry-inner wpex-first-mt-0 wpex-last-mb-0 wpex-clr\"><div class=\"vcex-blog-entry-details entry-details wpex-bordered wpex-first-mt-0 wpex-last-mb-0 wpex-clr\"><div class=\"match-height-content\"><h2 class=\"vcex-blog-entry-title entry-title wpex-mb-5\"><a href=\"https:\/\/ff.unze.ba\/en\/unze-re-presented-at-international-symposium\/\">UNZE PRESENTED AGAIN AT THE INTERNATIONAL SYMPOSIUM<\/a><\/h2><div class=\"vcex-blog-entry-date entry-date wpex-text-sm wpex-text-gray-600 wpex-mb-5\">December 17, 2025.<\/div><div class=\"vcex-blog-entry-excerpt entry-excerpt wpex-my-15 wpex-last-mb-0 wpex-clr\"><p>At the international symposium Ad Bilimi Bilgi \u015e\u00f6leni in Ankara prof. Ph.D. Edina Solak and Associate Professor...<\/p><\/div><div class=\"vcex-blog-entry-readmore-wrap entry-readmore-wrap wpex-my-15 wpex-clr\"><a href=\"https:\/\/ff.unze.ba\/en\/unze-re-presented-at-international-symposium\/\" class=\"theme-button\">More<\/a><\/div><\/div><\/div><\/div><\/div><div class=\"vcex-blog-entry vcex-grid-item entry-has-details span_1_of_3 col-3 col post-25724 entry type-post has-media cat-50 cat-47\"><div class=\"vcex-blog-entry-inner entry-inner wpex-first-mt-0 wpex-last-mb-0 wpex-clr\"><div class=\"vcex-blog-entry-details entry-details wpex-bordered wpex-first-mt-0 wpex-last-mb-0 wpex-clr\"><div class=\"match-height-content\"><h2 class=\"vcex-blog-entry-title entry-title wpex-mb-5\"><a href=\"https:\/\/ff.unze.ba\/en\/two-decades-of-the-turkish-language-and-literature-study-program\/\">TWO DECADES OF THE TURKISH LANGUAGE AND LITERATURE STUDY PROGRAM<\/a><\/h2><div class=\"vcex-blog-entry-date entry-date wpex-text-sm wpex-text-gray-600 wpex-mb-5\">November 20, 2025.<\/div><div class=\"vcex-blog-entry-excerpt entry-excerpt wpex-my-15 wpex-last-mb-0 wpex-clr\"><p>Today was a ceremony at the Turkish Language and Literature study program at the Faculty of Philosophy of the University of\u2026<\/p><\/div><div class=\"vcex-blog-entry-readmore-wrap entry-readmore-wrap wpex-my-15 wpex-clr\"><a href=\"https:\/\/ff.unze.ba\/en\/two-decades-of-the-turkish-language-and-literature-study-program\/\" class=\"theme-button\">More<\/a><\/div><\/div><\/div><\/div><\/div><\/div><\/div><\/div><\/div><\/div><div class=\"wpb_column vc_column_container vc_col-sm-4\"><div class=\"vc_column-inner\"><div class=\"wpb_wrapper\"><div class=\"vc_empty_space\"   style=\"height: 32px\"><span class=\"vc_empty_space_inner\"><\/span><\/div><div  class=\"wpb_widgetised_column wpb_content_element\">\n\t\t<div class=\"wpb_wrapper\">\n\t\t\t\n\t\t\t<div id=\"wpex_modern_menu-7\" class=\"sidebar-box widget widget_wpex_modern_menu wpex-mb-30 wpex-clr\"><div class=\"menu-turski-jezik-i-knjizevnost-container\"><ul id=\"menu-turski-jezik-i-knjizevnost\" class=\"modern-menu-widget\"><li id=\"menu-item-14281\" class=\"menu-item menu-item-type-custom menu-item-object-custom menu-item-14281\"><a href=\"https:\/\/ff.unze.ba\/en\/turkish-language-and-literature\/\">Turkish language and literature<\/a><\/li>\n<li id=\"menu-item-14282\" class=\"menu-item menu-item-type-custom menu-item-object-custom menu-item-14282\"><a href=\"https:\/\/ff.unze.ba\/en\/turkish-language-and-literature\/general-information-2\/\">General information<\/a><\/li>\n<li id=\"menu-item-14283\" class=\"menu-item menu-item-type-custom menu-item-object-custom menu-item-14283\"><a href=\"https:\/\/ff.unze.ba\/en\/turkish-language-and-literature\/curriculum-2\/\">Curriculum<\/a><\/li>\n<li id=\"menu-item-14284\" class=\"menu-item menu-item-type-custom menu-item-object-custom menu-item-14284\"><a href=\"https:\/\/ff.unze.ba\/en\/turkish-language-and-literature\/teaching-team-2\/\">Teaching team<\/a><\/li>\n<li id=\"menu-item-14285\" class=\"menu-item menu-item-type-custom menu-item-object-custom menu-item-14285\"><a href=\"https:\/\/ff.unze.ba\/en\/turkish-language-and-literature\/teaching-material-2\/\">Teaching material<\/a><\/li>\n<li id=\"menu-item-15706\" class=\"menu-item menu-item-type-post_type menu-item-object-page menu-item-15706\"><a href=\"https:\/\/ff.unze.ba\/en\/turkish-language-and-literature\/timetabling-2\/\">Timetabling<\/a><\/li>\n<li id=\"menu-item-20605\" class=\"menu-item menu-item-type-custom menu-item-object-custom menu-item-20605\"><a href=\"https:\/\/ff.unze.ba\/en\/turkish-language-and-literature\/exam-dates-2\/\">Exam dates<\/a><\/li>\n<li id=\"menu-item-14286\" class=\"menu-item menu-item-type-custom menu-item-object-custom menu-item-14286\"><a href=\"https:\/\/ff.unze.ba\/en\/turkish-language-and-literature\/seminar-work-2\/\">Seminar paper<\/a><\/li>\n<li id=\"menu-item-14287\" class=\"menu-item menu-item-type-custom menu-item-object-custom menu-item-14287\"><a href=\"https:\/\/ff.unze.ba\/en\/turkish-language-and-literature\/consultations-2\/\">Consultations<\/a><\/li>\n<\/ul><\/div><\/div>\n\t\t<\/div>\n\t<\/div>\n<\/div><\/div><\/div><\/div>","protected":false},"excerpt":{"rendered":"Today was a ceremony at the Turkish language study program and...","protected":false},"author":7,"featured_media":0,"parent":0,"menu_order":0,"comment_status":"closed","ping_status":"open","template":"","meta":{"footnotes":""},"class_list":["post-3378","page","type-page","status-publish","hentry","entry","has-media"],"rttpg_featured_image_url":null,"rttpg_author":{"display_name":"Filozofski","author_link":"https:\/\/ff.unze.ba\/en\/author\/filozofski\/"},"rttpg_comment":0,"rttpg_category":"","rttpg_excerpt":null,"_links":{"self":[{"href":"https:\/\/ff.unze.ba\/en\/wp-json\/wp\/v2\/pages\/3378","targetHints":{"allow":["GET"]}}],"collection":[{"href":"https:\/\/ff.unze.ba\/en\/wp-json\/wp\/v2\/pages"}],"about":[{"href":"https:\/\/ff.unze.ba\/en\/wp-json\/wp\/v2\/types\/page"}],"author":[{"embeddable":true,"href":"https:\/\/ff.unze.ba\/en\/wp-json\/wp\/v2\/users\/7"}],"replies":[{"embeddable":true,"href":"https:\/\/ff.unze.ba\/en\/wp-json\/wp\/v2\/comments?post=3378"}],"version-history":[{"count":13,"href":"https:\/\/ff.unze.ba\/en\/wp-json\/wp\/v2\/pages\/3378\/revisions"}],"predecessor-version":[{"id":21111,"href":"https:\/\/ff.unze.ba\/en\/wp-json\/wp\/v2\/pages\/3378\/revisions\/21111"}],"wp:attachment":[{"href":"https:\/\/ff.unze.ba\/en\/wp-json\/wp\/v2\/media?parent=3378"}],"curies":[{"name":"wp","href":"https:\/\/api.w.org\/{rel}","templated":true}]}}