{"id":3372,"date":"2014-01-18T17:08:43","date_gmt":"2014-01-18T16:08:43","guid":{"rendered":"https:\/\/ff.unze.ba\/?page_id=3372"},"modified":"2023-02-05T15:35:54","modified_gmt":"2023-02-05T14:35:54","slug":"bosanski-hrvatski-srpski-jezik-i-knjizevnost","status":"publish","type":"page","link":"https:\/\/ff.unze.ba\/en\/bosnian-croatian-serbian-language-and-literature\/","title":{"rendered":"Bosnian, Croatian, Serbian language and literature"},"content":{"rendered":"<div data-vc-full-width=\"true\" data-vc-full-width-init=\"false\" data-vc-stretch-content=\"true\" class=\"vc_row wpb_row vc_row-fluid vc_custom_1521122388684 vc_row-no-padding wpex-vc_row-has-fill wpex-vc-row-stretched\"><div class=\"wpb_column vc_column_container vc_col-sm-12\"><div class=\"vc_column-inner\"><div class=\"wpb_wrapper\"><div class=\"vc_empty_space\"   style=\"height: 100px\"><span class=\"vc_empty_space_inner\"><\/span><\/div>\n\t<div class=\"wpb_text_column wpb_content_element  vc_custom_1675607683857\" >\n\t\t<div class=\"wpb_wrapper\">\n\t\t\t<div style=\"text-align: center; font-size: 60px; color: #ffffff; font-family: Raleway; font-weight: 800;\">Bosnian, Croatian, Serbian language and literature<\/div>\n<div style=\"text-align: center; font-size: 20px; color: #ffffff; font-family: Raleway;\">Head of department: Assoc. dr. Ikbal Smajlovi\u0107<\/div>\n\n\t\t<\/div>\n\t<\/div>\n<div class=\"vc_empty_space\"   style=\"height: 100px\"><span class=\"vc_empty_space_inner\"><\/span><\/div><\/div><\/div><\/div><\/div><div class=\"vc_row-full-width vc_clearfix\"><\/div><div class=\"vc_row wpb_row vc_row-fluid\"><div class=\"wpb_column vc_column_container vc_col-sm-8\"><div class=\"vc_column-inner\"><div class=\"wpb_wrapper\"><div class=\"vc_empty_space\"   style=\"height: 32px\"><span class=\"vc_empty_space_inner\"><\/span><\/div><div class=\"vcex-module vcex-blog-grid-wrap wpex-clr\"><div class=\"wpex-row vcex-blog-grid wpex-clr entries match-height-grid\"><div class=\"vcex-blog-entry vcex-grid-item entry-has-details span_1_of_3 col-1 col post-26963 entry type-post has-media cat-44 cat-50 cat-112\"><div class=\"vcex-blog-entry-inner entry-inner wpex-first-mt-0 wpex-last-mb-0 wpex-clr\"><div class=\"vcex-blog-entry-details entry-details wpex-bordered wpex-first-mt-0 wpex-last-mb-0 wpex-clr\"><div class=\"match-height-content\"><h2 class=\"vcex-blog-entry-title entry-title wpex-mb-5\"><a href=\"https:\/\/ff.unze.ba\/en\/poetsko-posijelo-ii-konkurs\/\">Poetsko posijelo II \u2013 KONKURS<\/a><\/h2><div class=\"vcex-blog-entry-date entry-date wpex-text-sm wpex-text-gray-600 wpex-mb-5\">4. April 2026.<\/div><div class=\"vcex-blog-entry-readmore-wrap entry-readmore-wrap wpex-my-15 wpex-clr\"><a href=\"https:\/\/ff.unze.ba\/en\/poetsko-posijelo-ii-konkurs\/\" class=\"theme-button\">More<\/a><\/div><\/div><\/div><\/div><\/div><div class=\"vcex-blog-entry vcex-grid-item entry-has-details span_1_of_3 col-2 col post-26931 entry type-post has-media cat-44 cat-50 cat-112\"><div class=\"vcex-blog-entry-inner entry-inner wpex-first-mt-0 wpex-last-mb-0 wpex-clr\"><div class=\"vcex-blog-entry-details entry-details wpex-bordered wpex-first-mt-0 wpex-last-mb-0 wpex-clr\"><div class=\"match-height-content\"><h2 class=\"vcex-blog-entry-title entry-title wpex-mb-5\"><a href=\"https:\/\/ff.unze.ba\/en\/uspjesno-odrzani-citalacki-susreti-sta-da-citamo-u-okviru-manifestacije-stufek\/\">Uspje\u0161no odr\u017eani \u010ditala\u010dki susreti \u201e\u0160ta (da) \u010ditamo?\u201c u okviru manifestacije STUFEK<\/a><\/h2><div class=\"vcex-blog-entry-date entry-date wpex-text-sm wpex-text-gray-600 wpex-mb-5\">30. March 2026.<\/div><div class=\"vcex-blog-entry-excerpt entry-excerpt wpex-my-15 wpex-last-mb-0 wpex-clr\"><p>ZENICA, 30. mart 2026. Na Filozofskom fakultetu Univerziteta u Zenici, danas su u okviru Studentskog&hellip;<\/p><\/div><div class=\"vcex-blog-entry-readmore-wrap entry-readmore-wrap wpex-my-15 wpex-clr\"><a href=\"https:\/\/ff.unze.ba\/en\/uspjesno-odrzani-citalacki-susreti-sta-da-citamo-u-okviru-manifestacije-stufek\/\" class=\"theme-button\">More<\/a><\/div><\/div><\/div><\/div><\/div><div class=\"vcex-blog-entry vcex-grid-item entry-has-details span_1_of_3 col-3 col post-26885 entry type-post has-media cat-50 cat-44\"><div class=\"vcex-blog-entry-inner entry-inner wpex-first-mt-0 wpex-last-mb-0 wpex-clr\"><div class=\"vcex-blog-entry-details entry-details wpex-bordered wpex-first-mt-0 wpex-last-mb-0 wpex-clr\"><div class=\"match-height-content\"><h2 class=\"vcex-blog-entry-title entry-title wpex-mb-5\"><a href=\"https:\/\/ff.unze.ba\/en\/sta-da-citamo\/\">\u0160ta (da) \u010ditamo?<\/a><\/h2><div class=\"vcex-blog-entry-date entry-date wpex-text-sm wpex-text-gray-600 wpex-mb-5\">23. March 2026.<\/div><div class=\"vcex-blog-entry-excerpt entry-excerpt wpex-my-15 wpex-last-mb-0 wpex-clr\"><p>Drage kolegice i kolege, ljubitelji pisane rije\u010di, U okviru ovogodi\u0161njeg\u00a0STUFEK-a, pozivamo vas na posebne \u010ditala\u010dke&hellip;<\/p><\/div><div class=\"vcex-blog-entry-readmore-wrap entry-readmore-wrap wpex-my-15 wpex-clr\"><a href=\"https:\/\/ff.unze.ba\/en\/sta-da-citamo\/\" class=\"theme-button\">More<\/a><\/div><\/div><\/div><\/div><\/div><div class=\"vcex-blog-entry vcex-grid-item entry-has-details span_1_of_3 col-1 col post-26152 entry type-post has-media cat-44 cat-50\"><div class=\"vcex-blog-entry-inner entry-inner wpex-first-mt-0 wpex-last-mb-0 wpex-clr\"><div class=\"vcex-blog-entry-details entry-details wpex-bordered wpex-first-mt-0 wpex-last-mb-0 wpex-clr\"><div class=\"match-height-content\"><h2 class=\"vcex-blog-entry-title entry-title wpex-mb-5\"><a href=\"https:\/\/ff.unze.ba\/en\/slovoljublje-rjecnik-arhaizama\/\">Slovoljublje: Rje\u010dnik arhaizama<\/a><\/h2><div class=\"vcex-blog-entry-date entry-date wpex-text-sm wpex-text-gray-600 wpex-mb-5\">26. February 2026.<\/div><div class=\"vcex-blog-entry-excerpt entry-excerpt wpex-my-15 wpex-last-mb-0 wpex-clr\"><p>&nbsp;<\/p><\/div><div class=\"vcex-blog-entry-readmore-wrap entry-readmore-wrap wpex-my-15 wpex-clr\"><a href=\"https:\/\/ff.unze.ba\/en\/slovoljublje-rjecnik-arhaizama\/\" class=\"theme-button\">More<\/a><\/div><\/div><\/div><\/div><\/div><div class=\"vcex-blog-entry vcex-grid-item entry-has-details span_1_of_3 col-2 col post-26149 entry type-post has-media cat-50 cat-44\"><div class=\"vcex-blog-entry-inner entry-inner wpex-first-mt-0 wpex-last-mb-0 wpex-clr\"><div class=\"vcex-blog-entry-details entry-details wpex-bordered wpex-first-mt-0 wpex-last-mb-0 wpex-clr\"><div class=\"match-height-content\"><h2 class=\"vcex-blog-entry-title entry-title wpex-mb-5\"><a href=\"https:\/\/ff.unze.ba\/en\/stihozbirka-poetsko-posijelo\/\">Stihozbirka Poetsko posijelo<\/a><\/h2><div class=\"vcex-blog-entry-date entry-date wpex-text-sm wpex-text-gray-600 wpex-mb-5\">26. February 2026.<\/div><div class=\"vcex-blog-entry-excerpt entry-excerpt wpex-my-15 wpex-last-mb-0 wpex-clr\"><p>&nbsp; &nbsp; &nbsp; &nbsp;<\/p><\/div><div class=\"vcex-blog-entry-readmore-wrap entry-readmore-wrap wpex-my-15 wpex-clr\"><a href=\"https:\/\/ff.unze.ba\/en\/stihozbirka-poetsko-posijelo\/\" class=\"theme-button\">More<\/a><\/div><\/div><\/div><\/div><\/div><div class=\"vcex-blog-entry vcex-grid-item entry-has-details span_1_of_3 col-3 col post-25816 entry type-post has-media cat-44 cat-50\"><div class=\"vcex-blog-entry-inner entry-inner wpex-first-mt-0 wpex-last-mb-0 wpex-clr\"><div class=\"vcex-blog-entry-details entry-details wpex-bordered wpex-first-mt-0 wpex-last-mb-0 wpex-clr\"><div class=\"match-height-content\"><h2 class=\"vcex-blog-entry-title entry-title wpex-mb-5\"><a href=\"https:\/\/ff.unze.ba\/en\/promotion-of-the-book-whos-afraid-of-the-stork-by-judith-butler-held\/\">BOOK PROMOTION HELD FOR WHO&#039;S AFRAID OF STORKS? BY JUDITH BUTLER<\/a><\/h2><div class=\"vcex-blog-entry-date entry-date wpex-text-sm wpex-text-gray-600 wpex-mb-5\">December 4, 2025.<\/div><div class=\"vcex-blog-entry-excerpt entry-excerpt wpex-my-15 wpex-last-mb-0 wpex-clr\"><p>As part of the 16 Days of Activism Against Violence Against Women, TPO Foundation and UNIGEM Network are\u2026<\/p><\/div><div class=\"vcex-blog-entry-readmore-wrap entry-readmore-wrap wpex-my-15 wpex-clr\"><a href=\"https:\/\/ff.unze.ba\/en\/promotion-of-the-book-whos-afraid-of-the-stork-by-judith-butler-held\/\" class=\"theme-button\">More<\/a><\/div><\/div><\/div><\/div><\/div><\/div><\/div><\/div><\/div><\/div><div class=\"wpb_column vc_column_container vc_col-sm-4\"><div class=\"vc_column-inner\"><div class=\"wpb_wrapper\"><div class=\"vc_empty_space\"   style=\"height: 32px\"><span class=\"vc_empty_space_inner\"><\/span><\/div><div  class=\"wpb_widgetised_column wpb_content_element\">\n\t\t<div class=\"wpb_wrapper\">\n\t\t\t\n\t\t\t<div id=\"wpex_modern_menu-6\" class=\"sidebar-box widget widget_wpex_modern_menu wpex-mb-30 wpex-clr\"><div class=\"menu-bhs-jezik-i-knjizevnost-container\"><ul id=\"menu-bhs-jezik-i-knjizevnost\" class=\"modern-menu-widget\"><li id=\"menu-item-14271\" class=\"menu-item menu-item-type-custom menu-item-object-custom menu-item-14271\"><a href=\"https:\/\/ff.unze.ba\/en\/bosnian-croatian-serbian-language-and-literature\/\">Bosnian, Croatian, Serbian language and literature<\/a><\/li>\n<li id=\"menu-item-14272\" class=\"menu-item menu-item-type-custom menu-item-object-custom menu-item-14272\"><a href=\"https:\/\/ff.unze.ba\/en\/bosnian-croatian-serbian-language-and-literature\/general-information-2\/\">General information<\/a><\/li>\n<li id=\"menu-item-14273\" class=\"menu-item menu-item-type-custom menu-item-object-custom menu-item-14273\"><a href=\"https:\/\/ff.unze.ba\/en\/bosnian-croatian-serbian-language-and-literature\/curriculum-2\/\">Curriculum<\/a><\/li>\n<li id=\"menu-item-14274\" class=\"menu-item menu-item-type-custom menu-item-object-custom menu-item-14274\"><a href=\"https:\/\/ff.unze.ba\/en\/bosnian-croatian-serbian-language-and-literature\/teaching-team-2\/\">Teaching team<\/a><\/li>\n<li id=\"menu-item-14275\" class=\"menu-item menu-item-type-custom menu-item-object-custom menu-item-14275\"><a href=\"https:\/\/ff.unze.ba\/en\/bosnian-croatian-serbian-language-and-literature\/teaching-material-2\/\">Teaching material<\/a><\/li>\n<li id=\"menu-item-14276\" class=\"menu-item menu-item-type-custom menu-item-object-custom menu-item-14276\"><a href=\"https:\/\/ff.unze.ba\/en\/bosnian-croatian-serbian-language-and-literature\/seminar-work-2\/\">Seminar paper<\/a><\/li>\n<li id=\"menu-item-15660\" class=\"menu-item menu-item-type-post_type menu-item-object-page menu-item-15660\"><a href=\"https:\/\/ff.unze.ba\/en\/bosnian-croatian-serbian-language-and-literature\/timetabling-2\/\">Timetabling<\/a><\/li>\n<li id=\"menu-item-20614\" class=\"menu-item menu-item-type-custom menu-item-object-custom menu-item-20614\"><a href=\"https:\/\/ff.unze.ba\/en\/bosnian-croatian-serbian-language-and-literature\/exam-dates-2\/\">Exam dates<\/a><\/li>\n<li id=\"menu-item-14277\" class=\"menu-item menu-item-type-custom menu-item-object-custom menu-item-14277\"><a href=\"https:\/\/ff.unze.ba\/en\/bosnian-croatian-serbian-language-and-literature\/consultations-2\/\">Consultations<\/a><\/li>\n<\/ul><\/div><\/div>\n\t\t<\/div>\n\t<\/div>\n<\/div><\/div><\/div><\/div>","protected":false},"excerpt":{"rendered":"As part of 16 days of activism against violence against women, TPO...","protected":false},"author":7,"featured_media":0,"parent":0,"menu_order":0,"comment_status":"closed","ping_status":"closed","template":"","meta":{"footnotes":""},"class_list":["post-3372","page","type-page","status-publish","hentry","entry","has-media"],"rttpg_featured_image_url":null,"rttpg_author":{"display_name":"Filozofski","author_link":"https:\/\/ff.unze.ba\/en\/author\/filozofski\/"},"rttpg_comment":0,"rttpg_category":"","rttpg_excerpt":null,"_links":{"self":[{"href":"https:\/\/ff.unze.ba\/en\/wp-json\/wp\/v2\/pages\/3372","targetHints":{"allow":["GET"]}}],"collection":[{"href":"https:\/\/ff.unze.ba\/en\/wp-json\/wp\/v2\/pages"}],"about":[{"href":"https:\/\/ff.unze.ba\/en\/wp-json\/wp\/v2\/types\/page"}],"author":[{"embeddable":true,"href":"https:\/\/ff.unze.ba\/en\/wp-json\/wp\/v2\/users\/7"}],"replies":[{"embeddable":true,"href":"https:\/\/ff.unze.ba\/en\/wp-json\/wp\/v2\/comments?post=3372"}],"version-history":[{"count":18,"href":"https:\/\/ff.unze.ba\/en\/wp-json\/wp\/v2\/pages\/3372\/revisions"}],"predecessor-version":[{"id":20474,"href":"https:\/\/ff.unze.ba\/en\/wp-json\/wp\/v2\/pages\/3372\/revisions\/20474"}],"wp:attachment":[{"href":"https:\/\/ff.unze.ba\/en\/wp-json\/wp\/v2\/media?parent=3372"}],"curies":[{"name":"wp","href":"https:\/\/api.w.org\/{rel}","templated":true}]}}