{"id":3370,"date":"2014-01-18T17:08:32","date_gmt":"2014-01-18T16:08:32","guid":{"rendered":"https:\/\/ff.unze.ba\/?page_id=3370"},"modified":"2022-03-07T09:59:12","modified_gmt":"2022-03-07T08:59:12","slug":"razredna-nastava","status":"publish","type":"page","link":"https:\/\/ff.unze.ba\/en\/class\/","title":{"rendered":"Class"},"content":{"rendered":"<div data-vc-full-width=\"true\" data-vc-full-width-init=\"false\" data-vc-stretch-content=\"true\" class=\"vc_row wpb_row vc_row-fluid vc_custom_1521042080022 vc_row-no-padding wpex-vc_row-has-fill wpex-vc-row-stretched\"><div class=\"wpb_column vc_column_container vc_col-sm-12\"><div class=\"vc_column-inner\"><div class=\"wpb_wrapper\"><div class=\"vc_empty_space\"   style=\"height: 100px\"><span class=\"vc_empty_space_inner\"><\/span><\/div>\n\t<div class=\"wpb_text_column wpb_content_element  vc_custom_1646643545861\" >\n\t\t<div class=\"wpb_wrapper\">\n\t\t\t<div style=\"text-align: center; font-size: 60px; color: #ffffff; font-family: Raleway; font-weight: 800;\">Class<\/div>\n<div style=\"text-align: center; font-size: 20px; color: #ffffff; font-family: Raleway;\">Head of department: Assoc. Dr. Amer Caro<\/div>\n\n\t\t<\/div>\n\t<\/div>\n<div class=\"vc_empty_space\"   style=\"height: 100px\"><span class=\"vc_empty_space_inner\"><\/span><\/div><\/div><\/div><\/div><\/div><div class=\"vc_row-full-width vc_clearfix\"><\/div><div class=\"vc_row wpb_row vc_row-fluid\"><div class=\"wpb_column vc_column_container vc_col-sm-8\"><div class=\"vc_column-inner\"><div class=\"wpb_wrapper\"><div class=\"vc_empty_space\"   style=\"height: 32px\"><span class=\"vc_empty_space_inner\"><\/span><\/div><div class=\"vcex-module vcex-blog-grid-wrap wpex-clr\"><div class=\"wpex-row vcex-blog-grid wpex-clr entries match-height-grid\"><div class=\"vcex-blog-entry vcex-grid-item entry-has-details span_1_of_3 col-1 col post-27002 entry type-post has-media cat-50 cat-43\"><div class=\"vcex-blog-entry-inner entry-inner wpex-first-mt-0 wpex-last-mb-0 wpex-clr\"><div class=\"vcex-blog-entry-details entry-details wpex-bordered wpex-first-mt-0 wpex-last-mb-0 wpex-clr\"><div class=\"match-height-content\"><h2 class=\"vcex-blog-entry-title entry-title wpex-mb-5\"><a href=\"https:\/\/ff.unze.ba\/en\/stufek-2026-ritam-koji-povezuje\/\">STUFEK 2026: Ritam koji povezuje<\/a><\/h2><div class=\"vcex-blog-entry-date entry-date wpex-text-sm wpex-text-gray-600 wpex-mb-5\">9. April 2026.<\/div><div class=\"vcex-blog-entry-excerpt entry-excerpt wpex-my-15 wpex-last-mb-0 wpex-clr\"><p>Dana 8. aprila 2026. godine, u koncertnoj sali Srednje muzi\u010dke \u0161kole Zenica, na inicijativu red.&hellip;<\/p><\/div><div class=\"vcex-blog-entry-readmore-wrap entry-readmore-wrap wpex-my-15 wpex-clr\"><a href=\"https:\/\/ff.unze.ba\/en\/stufek-2026-ritam-koji-povezuje\/\" class=\"theme-button\">More<\/a><\/div><\/div><\/div><\/div><\/div><div class=\"vcex-blog-entry vcex-grid-item entry-has-details span_1_of_3 col-2 col post-26937 entry type-post has-media cat-43 cat-50 cat-112\"><div class=\"vcex-blog-entry-inner entry-inner wpex-first-mt-0 wpex-last-mb-0 wpex-clr\"><div class=\"vcex-blog-entry-details entry-details wpex-bordered wpex-first-mt-0 wpex-last-mb-0 wpex-clr\"><div class=\"match-height-content\"><h2 class=\"vcex-blog-entry-title entry-title wpex-mb-5\"><a href=\"https:\/\/ff.unze.ba\/en\/stufek-2026-studentive-realizovali-radionicu-na-temu-proljece-u-ju-dom-i-porodica\/\">STUFEK 2026: Studentive realizovali radionicu na temu \u201eProlje\u0107e\u201c u JU &#8220;Dom i porodica&#8221;<\/a><\/h2><div class=\"vcex-blog-entry-date entry-date wpex-text-sm wpex-text-gray-600 wpex-mb-5\">30. March 2026.<\/div><div class=\"vcex-blog-entry-excerpt entry-excerpt wpex-my-15 wpex-last-mb-0 wpex-clr\"><p>U okviru programa STUFEK-a, u ponedjeljak, 30.03., studentice tre\u0107e godine studijskog programa Razredna nastava Filozofskog&hellip;<\/p><\/div><div class=\"vcex-blog-entry-readmore-wrap entry-readmore-wrap wpex-my-15 wpex-clr\"><a href=\"https:\/\/ff.unze.ba\/en\/stufek-2026-studentive-realizovali-radionicu-na-temu-proljece-u-ju-dom-i-porodica\/\" class=\"theme-button\">More<\/a><\/div><\/div><\/div><\/div><\/div><div class=\"vcex-blog-entry vcex-grid-item entry-has-details span_1_of_3 col-3 col post-26811 entry type-post has-media cat-50 cat-43\"><div class=\"vcex-blog-entry-inner entry-inner wpex-first-mt-0 wpex-last-mb-0 wpex-clr\"><div class=\"vcex-blog-entry-details entry-details wpex-bordered wpex-first-mt-0 wpex-last-mb-0 wpex-clr\"><div class=\"match-height-content\"><h2 class=\"vcex-blog-entry-title entry-title wpex-mb-5\"><a href=\"https:\/\/ff.unze.ba\/en\/odbrana-magistarskog-rada-emin-alic\/\">ODBRANA MAGISTARSKOG RADA \u2013 EMIN ALI\u0106<\/a><\/h2><div class=\"vcex-blog-entry-date entry-date wpex-text-sm wpex-text-gray-600 wpex-mb-5\">12. March 2026.<\/div><div class=\"vcex-blog-entry-excerpt entry-excerpt wpex-my-15 wpex-last-mb-0 wpex-clr\"><p>Kandidat Emin Ali\u0107, profesor razredne nastave, javno \u0107e braniti magistarski rad pod naslovom Povezanost do\u017eivljaja&hellip;<\/p><\/div><div class=\"vcex-blog-entry-readmore-wrap entry-readmore-wrap wpex-my-15 wpex-clr\"><a href=\"https:\/\/ff.unze.ba\/en\/odbrana-magistarskog-rada-emin-alic\/\" class=\"theme-button\">More<\/a><\/div><\/div><\/div><\/div><\/div><div class=\"vcex-blog-entry vcex-grid-item entry-has-details span_1_of_3 col-1 col post-25802 entry type-post has-media cat-50 cat-43\"><div class=\"vcex-blog-entry-inner entry-inner wpex-first-mt-0 wpex-last-mb-0 wpex-clr\"><div class=\"vcex-blog-entry-details entry-details wpex-bordered wpex-first-mt-0 wpex-last-mb-0 wpex-clr\"><div class=\"match-height-content\"><h2 class=\"vcex-blog-entry-title entry-title wpex-mb-5\"><a href=\"https:\/\/ff.unze.ba\/en\/16-days-of-activism-together-against-violence\/\">16 DAYS OF ACTIVISM: TOGETHER AGAINST VIOLENCE<\/a><\/h2><div class=\"vcex-blog-entry-date entry-date wpex-text-sm wpex-text-gray-600 wpex-mb-5\">November 28, 2025.<\/div><div class=\"vcex-blog-entry-excerpt entry-excerpt wpex-my-15 wpex-last-mb-0 wpex-clr\"><p>Students of the fourth year of classroom teaching, Lejla Pa\u0161anbegovi\u0107 and Olja \u0160i\u0161i\u0107, with the support of senior assistant Tarik...<\/p><\/div><div class=\"vcex-blog-entry-readmore-wrap entry-readmore-wrap wpex-my-15 wpex-clr\"><a href=\"https:\/\/ff.unze.ba\/en\/16-days-of-activism-together-against-violence\/\" class=\"theme-button\">More<\/a><\/div><\/div><\/div><\/div><\/div><div class=\"vcex-blog-entry vcex-grid-item entry-has-details span_1_of_3 col-2 col post-25055 entry type-post has-media cat-50 cat-43 cat-1\"><div class=\"vcex-blog-entry-inner entry-inner wpex-first-mt-0 wpex-last-mb-0 wpex-clr\"><div class=\"vcex-blog-entry-details entry-details wpex-bordered wpex-first-mt-0 wpex-last-mb-0 wpex-clr\"><div class=\"match-height-content\"><h2 class=\"vcex-blog-entry-title entry-title wpex-mb-5\"><a href=\"https:\/\/ff.unze.ba\/en\/defense-of-diana-kristos-masters-thesis\/\">MASTER&#039;S THESIS DEFENSE - DIJANA KRISTO<\/a><\/h2><div class=\"vcex-blog-entry-date entry-date wpex-text-sm wpex-text-gray-600 wpex-mb-5\">June 17, 2025.<\/div><div class=\"vcex-blog-entry-excerpt entry-excerpt wpex-my-15 wpex-last-mb-0 wpex-clr\"><p>Candidate Dijana Kri\u0161to, teacher of classroom teaching, from Zenica, will publicly defend her master&#039;s thesis under the title:...<\/p><\/div><div class=\"vcex-blog-entry-readmore-wrap entry-readmore-wrap wpex-my-15 wpex-clr\"><a href=\"https:\/\/ff.unze.ba\/en\/defense-of-diana-kristos-masters-thesis\/\" class=\"theme-button\">More<\/a><\/div><\/div><\/div><\/div><\/div><div class=\"vcex-blog-entry vcex-grid-item entry-has-details span_1_of_3 col-3 col post-24886 entry type-post has-media cat-50 cat-44 cat-61 cat-43\"><div class=\"vcex-blog-entry-inner entry-inner wpex-first-mt-0 wpex-last-mb-0 wpex-clr\"><div class=\"vcex-blog-entry-details entry-details wpex-bordered wpex-first-mt-0 wpex-last-mb-0 wpex-clr\"><div class=\"match-height-content\"><h2 class=\"vcex-blog-entry-title entry-title wpex-mb-5\"><a href=\"https:\/\/ff.unze.ba\/en\/debate-held-artificial-intelligence-pro-et-contra\/\">Held debate Artificial intelligence - pro et contra<\/a><\/h2><div class=\"vcex-blog-entry-date entry-date wpex-text-sm wpex-text-gray-600 wpex-mb-5\">May 22, 2025.<\/div><div class=\"vcex-blog-entry-excerpt entry-excerpt wpex-my-15 wpex-last-mb-0 wpex-clr\"><p>As part of the STUFEK student event at the Faculty of Philosophy, on May 20, 2025, a well-attended...<\/p><\/div><div class=\"vcex-blog-entry-readmore-wrap entry-readmore-wrap wpex-my-15 wpex-clr\"><a href=\"https:\/\/ff.unze.ba\/en\/debate-held-artificial-intelligence-pro-et-contra\/\" class=\"theme-button\">More<\/a><\/div><\/div><\/div><\/div><\/div><\/div><\/div><\/div><\/div><\/div><div class=\"wpb_column vc_column_container vc_col-sm-4\"><div class=\"vc_column-inner\"><div class=\"wpb_wrapper\"><div class=\"vc_empty_space\"   style=\"height: 32px\"><span class=\"vc_empty_space_inner\"><\/span><\/div><div  class=\"wpb_widgetised_column wpb_content_element\">\n\t\t<div class=\"wpb_wrapper\">\n\t\t\t\n\t\t\t<div id=\"wpex_modern_menu-2\" class=\"sidebar-box widget widget_wpex_modern_menu wpex-mb-30 wpex-clr\"><div class=\"menu-razredna-nastava-container\"><ul id=\"menu-razredna-nastava\" class=\"modern-menu-widget\"><li id=\"menu-item-14236\" class=\"menu-item menu-item-type-custom menu-item-object-custom menu-item-14236\"><a href=\"https:\/\/ff.unze.ba\/en\/class\/\">Class<\/a><\/li>\n<li id=\"menu-item-14230\" class=\"menu-item menu-item-type-custom menu-item-object-custom menu-item-14230\"><a href=\"https:\/\/ff.unze.ba\/en\/class\/general-information\/\">General information<\/a><\/li>\n<li id=\"menu-item-20081\" class=\"menu-item menu-item-type-post_type menu-item-object-page menu-item-20081\"><a href=\"https:\/\/ff.unze.ba\/en\/class\/curriculum-class-teaching\/\">Curriculum<\/a><\/li>\n<li id=\"menu-item-20001\" class=\"menu-item menu-item-type-post_type menu-item-object-page menu-item-20001\"><a href=\"https:\/\/ff.unze.ba\/en\/class\/curriculum-2\/\">Curriculum<\/a><\/li>\n<li id=\"menu-item-14232\" class=\"menu-item menu-item-type-custom menu-item-object-custom menu-item-14232\"><a href=\"https:\/\/ff.unze.ba\/en\/class\/teaching-team\/\">Teaching team<\/a><\/li>\n<li id=\"menu-item-15596\" class=\"menu-item menu-item-type-post_type menu-item-object-page menu-item-15596\"><a href=\"https:\/\/ff.unze.ba\/en\/class\/timetabling-2\/\">Timetabling<\/a><\/li>\n<li id=\"menu-item-20003\" class=\"menu-item menu-item-type-custom menu-item-object-custom menu-item-20003\"><a href=\"https:\/\/ff.unze.ba\/en\/class\/exam-dates\/\">Exam dates<\/a><\/li>\n<li id=\"menu-item-14235\" class=\"menu-item menu-item-type-custom menu-item-object-custom menu-item-14235\"><a href=\"https:\/\/ff.unze.ba\/en\/class\/consultations-2\/\">Consultations<\/a><\/li>\n<li id=\"menu-item-14234\" class=\"menu-item menu-item-type-custom menu-item-object-custom menu-item-14234\"><a href=\"https:\/\/ff.unze.ba\/en\/class\/seminar-work-2\/\">Seminar paper<\/a><\/li>\n<\/ul><\/div><\/div>\n\t\t<\/div>\n\t<\/div>\n<\/div><\/div><\/div><\/div>","protected":false},"excerpt":{"rendered":"As part of the STUFEK student event at the Faculty of Philosophy on May 20...","protected":false},"author":7,"featured_media":0,"parent":0,"menu_order":0,"comment_status":"closed","ping_status":"open","template":"","meta":{"footnotes":""},"class_list":["post-3370","page","type-page","status-publish","hentry","entry","has-media"],"rttpg_featured_image_url":null,"rttpg_author":{"display_name":"Filozofski","author_link":"https:\/\/ff.unze.ba\/en\/author\/filozofski\/"},"rttpg_comment":0,"rttpg_category":"","rttpg_excerpt":null,"_links":{"self":[{"href":"https:\/\/ff.unze.ba\/en\/wp-json\/wp\/v2\/pages\/3370","targetHints":{"allow":["GET"]}}],"collection":[{"href":"https:\/\/ff.unze.ba\/en\/wp-json\/wp\/v2\/pages"}],"about":[{"href":"https:\/\/ff.unze.ba\/en\/wp-json\/wp\/v2\/types\/page"}],"author":[{"embeddable":true,"href":"https:\/\/ff.unze.ba\/en\/wp-json\/wp\/v2\/users\/7"}],"replies":[{"embeddable":true,"href":"https:\/\/ff.unze.ba\/en\/wp-json\/wp\/v2\/comments?post=3370"}],"version-history":[{"count":19,"href":"https:\/\/ff.unze.ba\/en\/wp-json\/wp\/v2\/pages\/3370\/revisions"}],"predecessor-version":[{"id":17901,"href":"https:\/\/ff.unze.ba\/en\/wp-json\/wp\/v2\/pages\/3370\/revisions\/17901"}],"wp:attachment":[{"href":"https:\/\/ff.unze.ba\/en\/wp-json\/wp\/v2\/media?parent=3370"}],"curies":[{"name":"wp","href":"https:\/\/api.w.org\/{rel}","templated":true}]}}