{"id":3366,"date":"2014-01-18T17:02:55","date_gmt":"2014-01-18T16:02:55","guid":{"rendered":"https:\/\/ff.unze.ba\/?page_id=3366"},"modified":"2017-11-27T10:15:51","modified_gmt":"2017-11-27T09:15:51","slug":"osoblje","status":"publish","type":"page","link":"https:\/\/ff.unze.ba\/en\/staff\/","title":{"rendered":"Staff"},"content":{"rendered":"<h3 style=\"text-align: center;\">DEKANAT<\/h3>\n<table>\n<tbody>\n<tr>\n<td>Dekan<\/td>\n<td>v.prof.dr Memnuna Hasanica<\/td>\n<td><a href=\"mailto:memnunahasanica@gmail.com\"><span class=\"ms-font-s ms-font-color-themePrimary\" title=\"memnunahasanica@gmail.com\">memnunahasanica@gmail.com<\/span><\/a><\/td>\n<\/tr>\n<tr>\n<td>Prodekan za nastavu i studentska pitanja<\/td>\n<td>v.prof.dr Faruk Kozi\u0107<\/td>\n<td><a href=\"mailto:faruk.kozic@pf.unze.ba\">faruk.kozic@pf.unze.ba<\/a><\/td>\n<\/tr>\n<tr>\n<td>Sekretar<\/td>\n<td>Velida Mahovki\u0107, dipl.pravnik<\/td>\n<td><a href=\"mailto:velidamahovkic@yahoo.com\">velidamahovkic@yahoo.com<\/a><\/td>\n<\/tr>\n<tr>\n<td>Tehni\u010dki sekretar<\/td>\n<td>Miru\u0161e Iseni<\/td>\n<td><a href=\"mailto:tehnicki.sekretar@pf.unze.ba\">tehnicki.sekretar@pf.unze.ba<\/a><\/td>\n<\/tr>\n<\/tbody>\n<\/table>\n<h3 style=\"text-align: center;\"><\/h3>\n<h3 style=\"text-align: center;\"><span style=\"font-size: 1.17em; line-height: 1.5em;\">\u00a0STUDENTSKA SLU\u017dBA<\/span><\/h3>\n[column col=&#8221;1\/2&#8221;]\n<table>\n<tbody>\n<tr>\n<td width=\"180\">\u0160ef studentske slu\u017ebe<\/td>\n<td width=\"141\">Aida Ali\u0107<\/td>\n<\/tr>\n<tr>\n<td>Referent za studentska pitanja<\/td>\n<td>Samira Mahovki\u0107<\/td>\n<\/tr>\n<tr>\n<td>Radno vrijeme<\/td>\n<td>07:30 &#8211; 16:00<\/td>\n<\/tr>\n<tr>\n<td>Radno vrijeme sa studentima<\/td>\n<td>10:00 &#8211; 13:00<\/td>\n<\/tr>\n<tr>\n<td>Pauza<\/td>\n<td>09:30 &#8211; 10:00<\/td>\n<\/tr>\n<tr>\n<td>e-mail<\/td>\n<td><a href=\"mailto;studentska@pf.unze.ba\">studentska@pf.unze.ba<\/a><\/td>\n<\/tr>\n<\/tbody>\n<\/table>\n[\/column]\n[column col=&#8221;1\/2&#8221;]<img loading=\"lazy\" decoding=\"async\" class=\"alignnone size-full wp-image-3392\" src=\"https:\/\/ff.unze.ba\/wp-content\/uploads\/2014\/01\/stud_sluzba.jpg\" alt=\"DIGITAL CAMERA\" width=\"313\" height=\"209\" srcset=\"https:\/\/ff.unze.ba\/wp-content\/uploads\/2014\/01\/stud_sluzba.jpg 313w, https:\/\/ff.unze.ba\/wp-content\/uploads\/2014\/01\/stud_sluzba-300x200.jpg 300w\" sizes=\"auto, (max-width: 313px) 100vw, 313px\" \/>[\/column]\n<p>&nbsp;<\/p>\n<p>&nbsp;<\/p>\n<h3 style=\"text-align: center;\">BIBLIOTEKA<\/h3>\n[column col=&#8221;1\/2&#8221;]\n<table>\n<tbody>\n<tr>\n<td>Bibliotekar<\/td>\n<td>Pa\u0161a Ja\u0161arevi\u0107, pravnik<\/td>\n<\/tr>\n<tr>\n<td>Radno vrijeme<\/td>\n<td>07:30 &#8211; 16:00<\/td>\n<\/tr>\n<tr>\n<td>Rad sa strankama<\/td>\n<td>07:30 &#8211; 16:00<\/td>\n<\/tr>\n<tr>\n<td>Pauza<\/td>\n<td>09:30 &#8211; 10:00<\/td>\n<\/tr>\n<tr>\n<td>e-mail<\/td>\n<td><a href=\"mailto:\">biblioteka@pf.unze.ba<\/a><\/td>\n<\/tr>\n<tr>\n<td><a href=\"https:\/\/ff.unze.ba\/wp-content\/uploads\/2014\/01\/Popis-bibliotecke-gradje.pdf\" target=\"_blank\" rel=\"noopener\">Popis bibliote\u010dke gra\u0111e<\/a><\/td>\n<\/tr>\n<\/tbody>\n<\/table>\n[\/column]\n[column col=&#8221;1\/2&#8221;]<img loading=\"lazy\" decoding=\"async\" class=\"alignnone size-full wp-image-3405\" src=\"https:\/\/ff.unze.ba\/wp-content\/uploads\/2014\/01\/Biblioteka.jpg\" alt=\"DIGITAL CAMERA\" width=\"313\" height=\"209\" srcset=\"https:\/\/ff.unze.ba\/wp-content\/uploads\/2014\/01\/Biblioteka.jpg 313w, https:\/\/ff.unze.ba\/wp-content\/uploads\/2014\/01\/Biblioteka-300x200.jpg 300w\" sizes=\"auto, (max-width: 313px) 100vw, 313px\" \/>[\/column]\n","protected":false},"excerpt":{"rendered":"<p>DEAN&#039;S OFFICE Acting dean Memnuna Hasanica mednuna Hasanica medunahasanica@gmail.com Vice dean for teaching and...<\/p>","protected":false},"author":7,"featured_media":0,"parent":0,"menu_order":0,"comment_status":"closed","ping_status":"open","template":"","meta":{"footnotes":""},"class_list":["post-3366","page","type-page","status-publish","hentry","entry","no-media"],"rttpg_featured_image_url":null,"rttpg_author":{"display_name":"Filozofski","author_link":"https:\/\/ff.unze.ba\/en\/author\/filozofski\/"},"rttpg_comment":0,"rttpg_category":null,"rttpg_excerpt":"DEKANAT Dekan v.prof.dr Memnuna Hasanica memnunahasanica@gmail.com Prodekan za nastavu i&hellip;","_links":{"self":[{"href":"https:\/\/ff.unze.ba\/en\/wp-json\/wp\/v2\/pages\/3366","targetHints":{"allow":["GET"]}}],"collection":[{"href":"https:\/\/ff.unze.ba\/en\/wp-json\/wp\/v2\/pages"}],"about":[{"href":"https:\/\/ff.unze.ba\/en\/wp-json\/wp\/v2\/types\/page"}],"author":[{"embeddable":true,"href":"https:\/\/ff.unze.ba\/en\/wp-json\/wp\/v2\/users\/7"}],"replies":[{"embeddable":true,"href":"https:\/\/ff.unze.ba\/en\/wp-json\/wp\/v2\/comments?post=3366"}],"version-history":[{"count":28,"href":"https:\/\/ff.unze.ba\/en\/wp-json\/wp\/v2\/pages\/3366\/revisions"}],"predecessor-version":[{"id":12681,"href":"https:\/\/ff.unze.ba\/en\/wp-json\/wp\/v2\/pages\/3366\/revisions\/12681"}],"wp:attachment":[{"href":"https:\/\/ff.unze.ba\/en\/wp-json\/wp\/v2\/media?parent=3366"}],"curies":[{"name":"wp","href":"https:\/\/api.w.org\/{rel}","templated":true}]}}