{"id":23596,"date":"2025-02-07T08:41:05","date_gmt":"2025-02-07T07:41:05","guid":{"rendered":"https:\/\/ff.unze.ba\/?page_id=23596"},"modified":"2025-11-01T09:02:32","modified_gmt":"2025-11-01T08:02:32","slug":"kultura-i-turizam","status":"publish","type":"page","link":"https:\/\/ff.unze.ba\/en\/culture-and-tourism\/","title":{"rendered":"Culture and tourism"},"content":{"rendered":"<div data-vc-full-width=\"true\" data-vc-full-width-init=\"false\" data-vc-stretch-content=\"true\" class=\"vc_row wpb_row vc_row-fluid vc_custom_1710683469709 vc_row-no-padding wpex-vc_row-has-fill wpex-vc-row-stretched\"><div class=\"wpb_column vc_column_container vc_col-sm-12\"><div class=\"vc_column-inner vc_custom_1708593272491\"><div class=\"wpb_wrapper\">\n\t<div class=\"wpb_text_column wpb_content_element  vc_custom_1761983539935\" >\n\t\t<div class=\"wpb_wrapper\">\n\t\t\t<h2 style=\"text-align: center;\"><span style=\"font-size: 18px;\"><span style=\"font-size: 36px;\"><br \/>\n<span style=\"color: #ffffff;\"><strong>Culture and tourism<br \/>\n<\/strong><\/span><\/span><\/span><\/h2>\n<p style=\"text-align: center;\"><span style=\"color: #ffffff;\"><span style=\"font-size: 18px;\">Study program level:<strong> I cycle \/ undergraduate study<br \/>\n<\/strong><\/span><span style=\"font-size: 18px;\">Head of study program:<strong> Ph.D. sc. Hazim Begagi\u0107<br \/>\n<\/strong><\/span><\/span><span style=\"font-size: 18px;\"><span style=\"color: #ffffff;\">Academic\/scientific\/professional title upon completion of studies: <\/span><strong><span style=\"color: #ffffff;\">Graduated in Culturology and Tourism<\/span><br \/>\n<\/strong><\/span><\/p>\n\n\t\t<\/div>\n\t<\/div>\n<\/div><\/div><\/div><\/div><div class=\"vc_row-full-width vc_clearfix\"><\/div><div class=\"vc_row wpb_row vc_row-fluid wpex-has-shape-divider-bottom\"><div class=\"wpb_column vc_column_container vc_col-sm-3\"><div class=\"vc_column-inner\"><div class=\"wpb_wrapper\"><div class=\"vc_empty_space\"   style=\"height: 25px\"><span class=\"vc_empty_space_inner\"><\/span><\/div>\n\t<div style=\"color:#002244;\" class=\"wpb_text_column has-custom-color wpex-child-inherit-color wpb_content_element\" >\n\t\t<div class=\"wpb_wrapper\">\n\t\t\t<p style=\"text-align: center;\"><strong><span style=\"font-size: 24px;\">Curriculum<\/span><\/strong><\/p>\n\n\t\t<\/div>\n\t<\/div>\n<div class=\"vc_empty_space\"   style=\"height: 10px\"><span class=\"vc_empty_space_inner\"><\/span><\/div><div class=\"theme-button-expanded-wrap theme-button-wrap wpex-clr\"><a href=\"https:\/\/ff.unze.ba\/wp-content\/uploads\/2025\/09\/Predmetno-planska-struktura-Kultura-i-turizam-2025-2026.pdf\" class=\"vcex-button theme-button large expanded  wpb_animate_when_almost_visible wpb_flipInY flipInY expanded\" style=\"background:#0c1b46;\" data-wpex-hover='{&quot;background&quot;:&quot;#000000&quot;}'><span class=\"theme-button-inner\">2025\/2026<\/span><\/a><\/div> <\/div><\/div><\/div><div class=\"wpb_column vc_column_container vc_col-sm-3\"><div class=\"vc_column-inner\"><div class=\"wpb_wrapper\"><div class=\"vc_empty_space\"   style=\"height: 25px\"><span class=\"vc_empty_space_inner\"><\/span><\/div>\n\t<div style=\"color:#002244;\" class=\"wpb_text_column has-custom-color wpex-child-inherit-color wpb_content_element\" >\n\t\t<div class=\"wpb_wrapper\">\n\t\t\t<p style=\"text-align: center;\"><strong><span style=\"font-size: 24px;\">Curriculum<\/span><\/strong><\/p>\n\n\t\t<\/div>\n\t<\/div>\n<div class=\"vc_empty_space\"   style=\"height: 10px\"><span class=\"vc_empty_space_inner\"><\/span><\/div><div class=\"theme-button-expanded-wrap theme-button-wrap wpex-clr\"><a href=\"https:\/\/ff.unze.ba\/wp-content\/uploads\/2025\/09\/Elaborat-SP-Kultura-i-turizam-2025-2026.pdf\" class=\"vcex-button theme-button large expanded  wpb_animate_when_almost_visible wpb_flipInY flipInY expanded\" style=\"background:#0c1b46;\" data-wpex-hover='{&quot;background&quot;:&quot;#000000&quot;}'><span class=\"theme-button-inner\">2025\/2026<\/span><\/a><\/div> <\/div><\/div><\/div><div class=\"wpb_column vc_column_container vc_col-sm-3\"><div class=\"vc_column-inner\"><div class=\"wpb_wrapper\"><div class=\"vc_empty_space\"   style=\"height: 25px\"><span class=\"vc_empty_space_inner\"><\/span><\/div>\n\t<div style=\"color:#002244;\" class=\"wpb_text_column has-custom-color wpex-child-inherit-color wpb_content_element\" >\n\t\t<div class=\"wpb_wrapper\">\n\t\t\t<p style=\"text-align: center;\"><strong><span style=\"font-size: 24px;\">Teaching staff<\/span><\/strong><\/p>\n\n\t\t<\/div>\n\t<\/div>\n<div class=\"vc_empty_space\"   style=\"height: 10px\"><span class=\"vc_empty_space_inner\"><\/span><\/div><div class=\"theme-button-expanded-wrap theme-button-wrap wpex-clr\"><a href=\"https:\/\/ff.unze.ba\/wp-content\/uploads\/2025\/11\/SP-Kultura-i-turizam_Nastavni-tim-25-26.pdf\" class=\"vcex-button theme-button large expanded  wpb_animate_when_almost_visible wpb_flipInY flipInY expanded\" style=\"background:#0c1b46;\" data-wpex-hover='{&quot;background&quot;:&quot;#000000&quot;}'><span class=\"theme-button-inner\">Teaching team<\/span><\/a><\/div> <div class=\"vc_empty_space\"   style=\"height: 10px\"><span class=\"vc_empty_space_inner\"><\/span><\/div><div class=\"theme-button-expanded-wrap theme-button-wrap wpex-clr\"><a href=\"#\" class=\"vcex-button theme-button large expanded  wpb_animate_when_almost_visible wpb_flipInY flipInY expanded\" style=\"background:#0c1b46;\" data-wpex-hover='{&quot;background&quot;:&quot;#000000&quot;}'><span class=\"theme-button-inner\">Consultation dates<\/span><\/a><\/div> <\/div><\/div><\/div><div class=\"wpb_column vc_column_container vc_col-sm-3 wpex-vc_col-has-fill\"><div class=\"vc_column-inner vc_custom_1710231892794\"><div class=\"wpb_wrapper\"><div class=\"vc_empty_space\"   style=\"height: 25px\"><span class=\"vc_empty_space_inner\"><\/span><\/div>\n\t<div style=\"color:#002244;\" class=\"wpb_text_column has-custom-color wpex-child-inherit-color wpb_content_element\" >\n\t\t<div class=\"wpb_wrapper\">\n\t\t\t<p style=\"text-align: center;\"><strong><span style=\"font-size: 24px;\">Students<\/span><\/strong><\/p>\n\n\t\t<\/div>\n\t<\/div>\n<div class=\"vc_empty_space\"   style=\"height: 10px\"><span class=\"vc_empty_space_inner\"><\/span><\/div><div class=\"theme-button-expanded-wrap theme-button-wrap wpex-clr\"><a href=\"https:\/\/ff.unze.ba\/wp-content\/uploads\/2025\/11\/SP-Kultura-i-turizam-25-26_KS-KT_raspored-nastave_ZS.pdf\" class=\"vcex-button theme-button large expanded  wpb_animate_when_almost_visible wpb_flipInY flipInY expanded\" style=\"background:#0c1b46;\" data-wpex-hover='{&quot;background&quot;:&quot;#000000&quot;}'><span class=\"theme-button-inner\">Timetabling<\/span><\/a><\/div> <div class=\"vc_empty_space\"   style=\"height: 10px\"><span class=\"vc_empty_space_inner\"><\/span><\/div><div class=\"theme-button-expanded-wrap theme-button-wrap wpex-clr\"><a href=\"https:\/\/ff.unze.ba\/wp-content\/uploads\/2025\/11\/Raspored-po-ucionicama-Studijski-programi_-Kulturalni-studij-i-Kultura-i-turizam-25_26-ZIMSKI-SEMESTAR-1.pdf\" class=\"vcex-button theme-button large expanded  wpb_animate_when_almost_visible wpb_flipInY flipInY expanded\" style=\"background:#0c1b46;\" data-wpex-hover='{&quot;background&quot;:&quot;#000000&quot;}'><span class=\"theme-button-inner\">Classroom schedule<\/span><\/a><\/div> <div class=\"vc_empty_space\"   style=\"height: 10px\"><span class=\"vc_empty_space_inner\"><\/span><\/div><div class=\"theme-button-expanded-wrap theme-button-wrap wpex-clr\"><a href=\"#\" class=\"vcex-button theme-button large expanded  wpb_animate_when_almost_visible wpb_flipInY flipInY expanded\" style=\"background:#0c1b46;\" data-wpex-hover='{&quot;background&quot;:&quot;#000000&quot;}'><span class=\"theme-button-inner\">Exam schedule<\/span><\/a><\/div> <\/div><\/div><\/div><div class=\"wpex-shape-divider wpex-shape-divider-triangle wpex-shape-divider-bottom wpex-shape-divider-rotate\"><svg class=\"wpex-shape-divider-svg\" style=\" height:2px; width:calc(100% + 1.3px);\" xmlns=\"http:\/\/www.w3.org\/2000\/svg\" viewbox=\"0 0 1000 100\" preserveaspectratio=\"none\"><path class=\"wpex-shape-divider-path\" fill=\"#0c1b46\" d=\"m500 98.9-500-92.8v-6.1h1000v6.1z\"\/><\/svg><\/div><\/div><div data-vc-full-width=\"true\" data-vc-full-width-init=\"false\" class=\"vc_row wpb_row vc_row-fluid vc_custom_1739259164226 vc_row-o-content-middle vc_row-flex wpex-vc_row-has-fill wpex-vc-row-stretched no-bottom-margins\"><div class=\"wpb_column vc_column_container vc_col-sm-6\"><div class=\"vc_column-inner\"><div class=\"wpb_wrapper\"><div class=\"vcex-heading vcex-module wpex-text-2xl wpex-font-normal wpex-m-auto wpex-max-w-100 vcex-heading-plain wpex-block\" style=\"color:#ffffff;font-size:11px;font-weight:600;text-transform:uppercase;\"><span class=\"vcex-heading-inner wpex-inline-block wpex-clr vc_custom_1717420040909\" style=\"background-color:#0c1b46;\">THE RIGHT CHOICE<\/span><\/div><div class=\"vcex-spacing wpex-w-100 wpex-clear\" style=\"height:10px;\"><\/div><style>.vcex_69fa1b9e8beef{font-size:35px!important;}@media (max-width:767px){.vcex_69fa1b9e8beef{font-size:30px!important;}}<\/style><h2 class=\"vcex-heading vcex-module wpex-text-2xl wpex-font-normal wpex-m-auto wpex-max-w-100 vcex-heading-plain wpex-block vcex_69fa1b9e8beef\" data-wpex-hover=\"{&quot;color&quot;:&quot;#0c1b46&quot;}\" style=\"color:#000000;font-weight:700;\"><span class=\"vcex-heading-inner wpex-inline-block wpex-clr\">Study Cultural!<\/span><\/h2><div class=\"vcex-module vcex-divider-dots wpex-mr-auto wpex-ml-auto wpex-last-mr-0 textleft\" style=\"padding-top:15px;padding-bottom:15px;\"><span class=\"wpex-inline-block wpex-round wpex-bg-accent wpex-mr-10\" style=\"background:#0c1b46;\"><\/span><span class=\"wpex-inline-block wpex-round wpex-bg-accent wpex-mr-10\" style=\"background:#0c1b46;\"><\/span><span class=\"wpex-inline-block wpex-round wpex-bg-accent wpex-mr-10\" style=\"background:#0c1b46;\"><\/span><\/div>\n\t<div style=\"color:rgba(0,0,0,0.5);\" class=\"wpb_text_column has-custom-color wpex-child-inherit-color wpb_content_element\" >\n\t\t<div class=\"wpb_wrapper\">\n\t\t\t<p>The study of Cultural Studies provides a critical understanding of contemporary social phenomena, exploring culture, identity, and media through an interdisciplinary approach.<\/p>\n\n\t\t<\/div>\n\t<\/div>\n<div class=\"vcex-spacing wpex-w-100 wpex-clear\" style=\"height:30px;\"><\/div><div class=\"vcex-multi-buttons wpex-flex wpex-flex-wrap wpex-items-center wpex-gap-10 wpex-justify-start\" style=\"font-size:.92em;letter-spacing:1px;font-weight:700;border-radius:0;gap:20px;\"><a href=\"https:\/\/ff.unze.ba\/wp-content\/uploads\/2024\/03\/Oikult.pdf\" class=\"theme-button flat vcex-count-1\" style=\"padding-top:12px;padding-right:30px;padding-bottom:12px;padding-left:30px;border-width:2px; background:#0c1b46;\" data-wpex-hover=\"{&quot;background&quot;:&quot;#05138c&quot;}\">GENERAL INFORMATION<\/a><\/div><\/div><\/div><\/div><div class=\"wpb_column vc_column_container vc_col-sm-6 wpex-vc_col-has-fill\"><div class=\"vc_column-inner vc_custom_1717495817164\"><div class=\"wpb_wrapper\">\n\t<div class=\"wpb_raw_code wpb_content_element wpb_raw_html\" >\n\t\t<div class=\"wpb_wrapper\">\n\t\t\t<div style=\"max-width:300px; margin:0 auto;\">\n    <div style=\"width: 640px;\" class=\"wp-video\"><video class=\"wp-video-shortcode\" id=\"video-23596-1\" width=\"640\" height=\"360\" poster=\"https:\/\/ff.unze.ba\/wp-content\/uploads\/2022\/09\/kulturalni-studij-vjestine.jpg\" loop autoplay preload=\"metadata\" controls=\"controls\"><source type=\"video\/mp4\" src=\"https:\/\/ff.unze.ba\/video\/Kulturalni-studij-Vje%C5%A1tine-potrebne-za-moderno-tr%C5%BEi%C5%A1te-rada.mp4?_=1\" \/><a href=\"https:\/\/ff.unze.ba\/en\/video\/Kulturalni-studij-Vje\u0161tine-potrebne-za-moderno-tr\u017ei\u0161te-rada.mp4\/\">https:\/\/ff.unze.ba\/video\/Kulturalni-studij-Vje%C5%A1tine-potrebne-za-moderno-tr%C5%BEi%C5%A1te-rada.mp4<\/a><\/video><\/div>\n<\/div>\n\n\t\t<\/div>\n\t<\/div>\n<\/div><\/div><\/div><\/div><div class=\"vc_row-full-width vc_clearfix\"><\/div><div data-vc-full-width=\"true\" data-vc-full-width-init=\"false\" class=\"vc_row wpb_row vc_row-fluid vc_custom_1707819373922 wpex-vc_row-has-fill wpex-vc-row-stretched\"><div class=\"wpb_column vc_column_container vc_col-sm-12\"><div class=\"vc_column-inner\"><div class=\"wpb_wrapper\"><div class=\"vc_empty_space\"   style=\"height: 50px\"><span class=\"vc_empty_space_inner\"><\/span><\/div>\n\t<div style=\"color:#002244;\" class=\"wpb_text_column has-custom-color wpex-child-inherit-color wpb_content_element\" >\n\t\t<div class=\"wpb_wrapper\">\n\t\t\t<p><strong><span style=\"font-size: 24px;\">Bulletin board<\/span><\/strong><\/p>\n\n\t\t<\/div>\n\t<\/div>\n<div class=\"vc_empty_space\"   style=\"height: 50px\"><span class=\"vc_empty_space_inner\"><\/span><\/div><div class=\"vcex-module vcex-blog-grid-wrap wpex-clr\"><div class=\"wpex-row vcex-blog-grid wpex-clr entries match-height-grid\"><div class=\"vcex-blog-entry vcex-grid-item entry-has-details span_1_of_4 col-1 col post-27255 entry type-post has-media cat-50 cat-61 cat-112\"><div class=\"vcex-blog-entry-inner entry-inner wpex-first-mt-0 wpex-last-mb-0 wpex-clr\"><div class=\"vcex-blog-entry-media entry-media\"><a href=\"https:\/\/ff.unze.ba\/en\/zasto-nam-ne-trebaju-slobodni-mediji-javna-tribina-i-obiljezavanje-svjetskog-dana-slobode-medija-na-filozofskom-fakultetu-u-zenici\/\" title=\"\u201cZa\u0161to nam (ne) trebaju slobodni mediji\u201d: javna tribina i obilje\u017eavanje Svjetskog dana slobode medija na Filozofskom fakultetu u Zenici\" target=\"_blank\" rel=\"noopener noreferrer\"><img decoding=\"async\" loading=\"lazy\" class=\"vcex-blog-entry-img wpex-align-middle\" src=\"https:\/\/ff.unze.ba\/wp-content\/uploads\/2026\/05\/naslovna-Medium-1024x630.jpg\" alt=\"\" width=\"1024\" height=\"630\"><\/a><\/div><div class=\"vcex-blog-entry-details entry-details wpex-bordered wpex-first-mt-0 wpex-last-mb-0 wpex-clr\"><div class=\"match-height-content\"><h2 class=\"vcex-blog-entry-title entry-title wpex-mb-5\"><a href=\"https:\/\/ff.unze.ba\/en\/zasto-nam-ne-trebaju-slobodni-mediji-javna-tribina-i-obiljezavanje-svjetskog-dana-slobode-medija-na-filozofskom-fakultetu-u-zenici\/\" target=\"_blank\" rel=\"noopener noreferrer\">\u201cZa\u0161to nam (ne) trebaju slobodni mediji\u201d: javna tribina i obilje\u017eavanje Svjetskog dana slobode medija na Filozofskom fakultetu u Zenici<\/a><\/h2><div class=\"vcex-blog-entry-date entry-date wpex-text-sm wpex-text-gray-600 wpex-mb-5\">2. May 2026.<\/div><div class=\"vcex-blog-entry-excerpt entry-excerpt wpex-my-15 wpex-last-mb-0 wpex-clr\"><p>U sklopu Drugog studentskog festivals kulture STUFEK 2026, a u povodu obilje\u017eavanja Svjetskog dana slobode&hellip;<\/p><\/div><div class=\"vcex-blog-entry-readmore-wrap entry-readmore-wrap wpex-my-15 wpex-clr\"><a href=\"https:\/\/ff.unze.ba\/en\/zasto-nam-ne-trebaju-slobodni-mediji-javna-tribina-i-obiljezavanje-svjetskog-dana-slobode-medija-na-filozofskom-fakultetu-u-zenici\/\" class=\"theme-button\" target=\"_blank\" rel=\"noopener noreferrer\">read more<\/a><\/div><\/div><\/div><\/div><\/div><div class=\"vcex-blog-entry vcex-grid-item entry-has-details span_1_of_4 col-2 col post-27244 entry type-post has-media cat-112 cat-50 cat-61 cat-43\"><div class=\"vcex-blog-entry-inner entry-inner wpex-first-mt-0 wpex-last-mb-0 wpex-clr\"><div class=\"vcex-blog-entry-media entry-media\"><a href=\"https:\/\/ff.unze.ba\/en\/panel-diskusija-opera-ili-bosanska-korida\/\" title=\"Panel diskusija\u00a0&#8220;Opera ili bosanska korida&#8221;\" target=\"_blank\" rel=\"noopener noreferrer\"><img decoding=\"async\" loading=\"lazy\" class=\"vcex-blog-entry-img wpex-align-middle\" src=\"https:\/\/ff.unze.ba\/wp-content\/uploads\/2026\/04\/IMG_4197-scaled-1200x630.jpg\" alt=\"\" width=\"1200\" height=\"630\"><\/a><\/div><div class=\"vcex-blog-entry-details entry-details wpex-bordered wpex-first-mt-0 wpex-last-mb-0 wpex-clr\"><div class=\"match-height-content\"><h2 class=\"vcex-blog-entry-title entry-title wpex-mb-5\"><a href=\"https:\/\/ff.unze.ba\/en\/panel-diskusija-opera-ili-bosanska-korida\/\" target=\"_blank\" rel=\"noopener noreferrer\">Panel diskusija\u00a0&#8220;Opera ili bosanska korida&#8221;<\/a><\/h2><div class=\"vcex-blog-entry-date entry-date wpex-text-sm wpex-text-gray-600 wpex-mb-5\">29. April 2026.<\/div><div class=\"vcex-blog-entry-excerpt entry-excerpt wpex-my-15 wpex-last-mb-0 wpex-clr\"><p>Dana 28.4. 2026.godine u 12:00 u prostorijama Filozofskog fakulteta u Zenici odr\u017eana je panel diskusija\u00a0Opera&hellip;<\/p><\/div><div class=\"vcex-blog-entry-readmore-wrap entry-readmore-wrap wpex-my-15 wpex-clr\"><a href=\"https:\/\/ff.unze.ba\/en\/panel-diskusija-opera-ili-bosanska-korida\/\" class=\"theme-button\" target=\"_blank\" rel=\"noopener noreferrer\">read more<\/a><\/div><\/div><\/div><\/div><\/div><div class=\"vcex-blog-entry vcex-grid-item entry-has-details span_1_of_4 col-3 col post-27067 entry type-post has-media cat-50 cat-61 cat-112\"><div class=\"vcex-blog-entry-inner entry-inner wpex-first-mt-0 wpex-last-mb-0 wpex-clr\"><div class=\"vcex-blog-entry-media entry-media\"><a href=\"https:\/\/ff.unze.ba\/en\/otvaranje-proljetne-skole-filma-na-filozofskom-fakultetu\/\" title=\"OTVARANJE PROLJETNE \u0160KOLE FILMA NA FILOZOFSKOM FAKULTETU\" target=\"_blank\" rel=\"noopener noreferrer\"><img decoding=\"async\" loading=\"lazy\" class=\"vcex-blog-entry-img wpex-align-middle\" src=\"https:\/\/ff.unze.ba\/wp-content\/uploads\/2026\/04\/naslovna-1200x630.jpg\" alt=\"\" width=\"1200\" height=\"630\"><\/a><\/div><div class=\"vcex-blog-entry-details entry-details wpex-bordered wpex-first-mt-0 wpex-last-mb-0 wpex-clr\"><div class=\"match-height-content\"><h2 class=\"vcex-blog-entry-title entry-title wpex-mb-5\"><a href=\"https:\/\/ff.unze.ba\/en\/otvaranje-proljetne-skole-filma-na-filozofskom-fakultetu\/\" target=\"_blank\" rel=\"noopener noreferrer\">OTVARANJE PROLJETNE \u0160KOLE FILMA NA FILOZOFSKOM FAKULTETU<\/a><\/h2><div class=\"vcex-blog-entry-date entry-date wpex-text-sm wpex-text-gray-600 wpex-mb-5\">21. April 2026.<\/div><div class=\"vcex-blog-entry-excerpt entry-excerpt wpex-my-15 wpex-last-mb-0 wpex-clr\"><p>Studenti i nastavno osoblje studijskih programa Kulturalni studij i Kultura i turizam prisustvovali su sve\u010danom&hellip;<\/p><\/div><div class=\"vcex-blog-entry-readmore-wrap entry-readmore-wrap wpex-my-15 wpex-clr\"><a href=\"https:\/\/ff.unze.ba\/en\/otvaranje-proljetne-skole-filma-na-filozofskom-fakultetu\/\" class=\"theme-button\" target=\"_blank\" rel=\"noopener noreferrer\">read more<\/a><\/div><\/div><\/div><\/div><\/div><div class=\"vcex-blog-entry vcex-grid-item entry-has-details span_1_of_4 col-4 col post-27060 entry type-post has-media cat-50 cat-61 cat-112\"><div class=\"vcex-blog-entry-inner entry-inner wpex-first-mt-0 wpex-last-mb-0 wpex-clr\"><div class=\"vcex-blog-entry-media entry-media\"><a href=\"https:\/\/ff.unze.ba\/en\/o-proljetnoj-skoli-filma-u-jutarnjem-programu-ftv-a\/\" title=\"O PROLJETNOJ \u0160KOLI FILMA U JUTARNJEM PROGRAMU FTV-a\" target=\"_blank\" rel=\"noopener noreferrer\"><img decoding=\"async\" loading=\"lazy\" class=\"vcex-blog-entry-img wpex-align-middle\" src=\"https:\/\/ff.unze.ba\/wp-content\/uploads\/2026\/04\/prof.-Bernard-Harbas-1167x630.png\" alt=\"\" srcset=\"https:\/\/ff.unze.ba\/wp-content\/uploads\/2026\/04\/prof.-Bernard-Harbas-1167x630.png 1167w, https:\/\/ff.unze.ba\/wp-content\/uploads\/2026\/04\/prof.-Bernard-Harbas-18x10.png 18w\" width=\"1167\" height=\"630\"><\/a><\/div><div class=\"vcex-blog-entry-details entry-details wpex-bordered wpex-first-mt-0 wpex-last-mb-0 wpex-clr\"><div class=\"match-height-content\"><h2 class=\"vcex-blog-entry-title entry-title wpex-mb-5\"><a href=\"https:\/\/ff.unze.ba\/en\/o-proljetnoj-skoli-filma-u-jutarnjem-programu-ftv-a\/\" target=\"_blank\" rel=\"noopener noreferrer\">O PROLJETNOJ \u0160KOLI FILMA U JUTARNJEM PROGRAMU FTV-a<\/a><\/h2><div class=\"vcex-blog-entry-date entry-date wpex-text-sm wpex-text-gray-600 wpex-mb-5\">20. April 2026.<\/div><div class=\"vcex-blog-entry-excerpt entry-excerpt wpex-my-15 wpex-last-mb-0 wpex-clr\"><p>Prof. dr. Bernard Harba\u0161 gostovao je u jutarnjem programu Federalne televizije, gdje je govorio o&hellip;<\/p><\/div><div class=\"vcex-blog-entry-readmore-wrap entry-readmore-wrap wpex-my-15 wpex-clr\"><a href=\"https:\/\/ff.unze.ba\/en\/o-proljetnoj-skoli-filma-u-jutarnjem-programu-ftv-a\/\" class=\"theme-button\" target=\"_blank\" rel=\"noopener noreferrer\">read more<\/a><\/div><\/div><\/div><\/div><\/div><\/div><div class=\"wpex-pagination wpex-clear wpex-mt-30 wpex-clr\"><ul class='page-numbers'>\n\t<li><span aria-current=\"page\" class=\"page-numbers current\"><span class=\"screen-reader-text\">Page <\/span>1<\/span><\/li>\n\t<li><a class=\"page-numbers\" href=\"https:\/\/ff.unze.ba\/en\/wp-json\/wp\/v2\/pages\/23596\/page\/2\/\"><span class=\"screen-reader-text\">Page <\/span>2<\/a><\/li>\n\t<li><a class=\"page-numbers\" href=\"https:\/\/ff.unze.ba\/en\/wp-json\/wp\/v2\/pages\/23596\/page\/3\/\"><span class=\"screen-reader-text\">Page <\/span>3<\/a><\/li>\n\t<li><a class=\"page-numbers\" href=\"https:\/\/ff.unze.ba\/en\/wp-json\/wp\/v2\/pages\/23596\/page\/4\/\"><span class=\"screen-reader-text\">Page <\/span>4<\/a><\/li>\n\t<li><span class=\"page-numbers dots\">\u2026<\/span><\/li>\n\t<li><a class=\"page-numbers\" href=\"https:\/\/ff.unze.ba\/en\/wp-json\/wp\/v2\/pages\/23596\/page\/30\/\"><span class=\"screen-reader-text\">Page <\/span>30<\/a><\/li>\n\t<li><a class=\"next page-numbers\" href=\"https:\/\/ff.unze.ba\/en\/wp-json\/wp\/v2\/pages\/23596\/page\/2\/\"><span class=\"ticon ticon-angle-right\" aria-hidden=\"true\"><\/span><span class=\"screen-reader-text\">Next<\/span><\/a><\/li>\n<\/ul>\n<\/div><\/div><\/div><\/div><\/div><\/div><div class=\"vc_row-full-width vc_clearfix\"><\/div><div data-vc-full-width=\"true\" data-vc-full-width-init=\"false\" class=\"vc_row wpb_row vc_row-fluid vc_custom_1715851182192 wpex-vc_row-has-fill wpex-vc-row-stretched\"><div class=\"wpb_column vc_column_container vc_col-sm-12\"><div class=\"vc_column-inner\"><div class=\"wpb_wrapper\"><div class=\"vc_empty_space\"   style=\"height: 10px\"><span class=\"vc_empty_space_inner\"><\/span><\/div><\/div><\/div><\/div><\/div><div class=\"vc_row-full-width vc_clearfix\"><\/div><div class=\"vc_row wpb_row vc_row-fluid\"><div class=\"wpb_column vc_column_container vc_col-sm-6\"><div class=\"vc_column-inner\"><div class=\"wpb_wrapper\">\n\t<div class=\"wpb_text_column wpb_content_element\" >\n\t\t<div class=\"wpb_wrapper\">\n\t\t\t<a href=\"https:\/\/ff.unze.ba\/wp-content\/uploads\/2024\/05\/\u041a\u0423\u041b\u0422\u0423\u0420\u0410-\u0418-\u041d\u0410\u0426\u0418\u041e\u041d\u0410\u041b\u0418\u0417\u0410\u041c-1.pdf\" class=\"pdfemb-viewer\" style=\"\" data-width=\"max\" data-height=\"max\" data-toolbar=\"bottom\" data-toolbar-fixed=\"off\">CULTURE AND NATIONALISM (1)<\/a>\n\n\t\t<\/div>\n\t<\/div>\n<\/div><\/div><\/div><div class=\"wpb_column vc_column_container vc_col-sm-6\"><div class=\"vc_column-inner\"><div class=\"wpb_wrapper\">\n\t<div  class=\"wpb_single_image wpb_content_element vc_align_center\">\n\t\t\n\t\t<figure class=\"wpb_wrapper vc_figure\">\n\t\t\t<div class=\"vc_single_image-wrapper   vc_box_border_grey\"><img loading=\"lazy\" decoding=\"async\" width=\"854\" height=\"654\" src=\"https:\/\/ff.unze.ba\/wp-content\/uploads\/2021\/06\/IMG-3875e814d2b01b8aed51e744a6c5c8a0-V.jpg\" class=\"vc_single_image-img attachment-full\" alt=\"\" srcset=\"https:\/\/ff.unze.ba\/wp-content\/uploads\/2021\/06\/IMG-3875e814d2b01b8aed51e744a6c5c8a0-V.jpg 854w, https:\/\/ff.unze.ba\/wp-content\/uploads\/2021\/06\/IMG-3875e814d2b01b8aed51e744a6c5c8a0-V-300x230.jpg 300w, https:\/\/ff.unze.ba\/wp-content\/uploads\/2021\/06\/IMG-3875e814d2b01b8aed51e744a6c5c8a0-V-768x588.jpg 768w\" sizes=\"auto, (max-width: 854px) 100vw, 854px\" \/><\/div>\n\t\t<\/figure>\n\t<\/div>\n<div class=\"vc_empty_space\"   style=\"height: 30px\"><span class=\"vc_empty_space_inner\"><\/span><\/div>\n\t<div class=\"wpb_raw_code wpb_content_element wpb_raw_html\" >\n\t\t<div class=\"wpb_wrapper\">\n\t\t\t<div style=\"max-width:480px; margin:0 auto;\">\n    <div style=\"width: 640px;\" class=\"wp-video\"><video class=\"wp-video-shortcode\" id=\"video-27060-2\" width=\"640\" height=\"360\" poster=\"https:\/\/ff.unze.ba\/wp-content\/uploads\/2022\/09\/kulturalni-studij-vjestine.jpg\" loop autoplay preload=\"metadata\" controls=\"controls\"><source type=\"video\/mp4\" src=\"https:\/\/ff.unze.ba\/video\/Kulturalni-studij-Vje%C5%A1tine-potrebne-za-moderno-tr%C5%BEi%C5%A1te-rada.mp4?_=2\" \/><a href=\"https:\/\/ff.unze.ba\/en\/video\/Kulturalni-studij-Vje\u0161tine-potrebne-za-moderno-tr\u017ei\u0161te-rada.mp4\/\">https:\/\/ff.unze.ba\/video\/Kulturalni-studij-Vje%C5%A1tine-potrebne-za-moderno-tr%C5%BEi%C5%A1te-rada.mp4<\/a><\/video><\/div>\n<\/div>\n\n\t\t<\/div>\n\t<\/div>\n<\/div><\/div><\/div><\/div><div class=\"vc_row wpb_row vc_row-fluid\"><div class=\"wpb_column vc_column_container vc_col-sm-12\"><div class=\"vc_column-inner\"><div class=\"wpb_wrapper\">\n\t<div class=\"wpb_text_column wpb_content_element\" >\n\t\t<div class=\"wpb_wrapper\">\n\t\t\t<p><a href=\"https:\/\/ff.unze.ba\/wp-content\/uploads\/2019\/08\/Elaborat-Kulturalni-studij-2011.pdf\">ELABORATE ON THE JUSTIFICATION OF THE ORGANIZATION OF THE STUDY PROGRAM (I CYCLE) &quot;CULTURAL STUDIES&quot;<\/a><\/p>\n<p><a href=\"https:\/\/ff.unze.ba\/wp-content\/uploads\/2019\/09\/Elaborat-II-ciklus.pdf\">REPORT ON THE SOCIO-ECONOMIC JUSTIFICATION OF STARTING THE II (SECOND) CYCLE OF STUDIES AT THE DEPARTMENT OF CULTURAL STUDIES<\/a><\/p>\n\n\t\t<\/div>\n\t<\/div>\n<\/div><\/div><\/div><\/div>","protected":false},"excerpt":{"rendered":"Prof. dr. Bernard Harba\u0161 gostovao je u jutarnjem programu Federalne&hellip;","protected":false},"author":13,"featured_media":0,"parent":0,"menu_order":0,"comment_status":"closed","ping_status":"open","template":"","meta":{"footnotes":""},"class_list":["post-23596","page","type-page","status-publish","hentry","entry","has-media"],"rttpg_featured_image_url":null,"rttpg_author":{"display_name":"Edina Kadri\u0107 Durmi\u0161","author_link":"https:\/\/ff.unze.ba\/en\/author\/edina\/"},"rttpg_comment":0,"rttpg_category":"","rttpg_excerpt":null,"_links":{"self":[{"href":"https:\/\/ff.unze.ba\/en\/wp-json\/wp\/v2\/pages\/23596","targetHints":{"allow":["GET"]}}],"collection":[{"href":"https:\/\/ff.unze.ba\/en\/wp-json\/wp\/v2\/pages"}],"about":[{"href":"https:\/\/ff.unze.ba\/en\/wp-json\/wp\/v2\/types\/page"}],"author":[{"embeddable":true,"href":"https:\/\/ff.unze.ba\/en\/wp-json\/wp\/v2\/users\/13"}],"replies":[{"embeddable":true,"href":"https:\/\/ff.unze.ba\/en\/wp-json\/wp\/v2\/comments?post=23596"}],"version-history":[{"count":14,"href":"https:\/\/ff.unze.ba\/en\/wp-json\/wp\/v2\/pages\/23596\/revisions"}],"predecessor-version":[{"id":25644,"href":"https:\/\/ff.unze.ba\/en\/wp-json\/wp\/v2\/pages\/23596\/revisions\/25644"}],"wp:attachment":[{"href":"https:\/\/ff.unze.ba\/en\/wp-json\/wp\/v2\/media?parent=23596"}],"curies":[{"name":"wp","href":"https:\/\/api.w.org\/{rel}","templated":true}]}}