{"id":23574,"date":"2025-02-03T11:06:35","date_gmt":"2025-02-03T10:06:35","guid":{"rendered":"https:\/\/ff.unze.ba\/?page_id=23574"},"modified":"2026-04-06T12:39:19","modified_gmt":"2026-04-06T10:39:19","slug":"spoznaja","status":"publish","type":"page","link":"https:\/\/ff.unze.ba\/en\/science-and-research\/cognition\/","title":{"rendered":"Cognition"},"content":{"rendered":"<div class=\"vc_row wpb_row vc_row-fluid wpex-has-shape-divider-bottom\"><div class=\"wpb_column vc_column_container vc_col-sm-12\"><div class=\"vc_column-inner\"><div class=\"wpb_wrapper\">\n\t<div class=\"wpb_text_column wpb_content_element \" >\n\t\t<div class=\"wpb_wrapper\">\n\t\t\t<p style=\"text-align: center;\"><span style=\"font-size: 16px;\"><strong>ISSN 3029-3766<\/strong><\/span><\/p>\n\n\t\t<\/div>\n\t<\/div>\n<\/div><\/div><\/div><div class=\"wpex-shape-divider wpex-shape-divider-curve wpex-shape-divider-bottom wpex-shape-divider-rotate\"><svg class=\"wpex-shape-divider-svg\" style=\" height:2px;\" xmlns=\"http:\/\/www.w3.org\/2000\/svg\" viewBox=\"0 0 1000 100\" preserveAspectRatio=\"none\"><path class=\"wpex-shape-divider-path\" fill=\"#000000\" d=\"M1000,4.3V0H0v4.3C0.9,23.1,126.7,99.2,500,100S1000,22.7,1000,4.3z\"\/><\/svg><\/div><\/div><div data-vc-full-width=\"true\" data-vc-full-width-init=\"false\" class=\"vc_row wpb_row vc_row-fluid vc_custom_1773313757447 vc_row-o-equal-height vc_row-flex wpex-vc_row-has-fill wpex-vc-row-stretched no-bottom-margins tablet-fullwidth-columns wpex-has-shape-divider-bottom\"><div class=\"wpb_column vc_column_container vc_col-sm-12\"><div class=\"vc_column-inner\"><div class=\"wpb_wrapper\"><div class=\"vcex-heading vcex-module wpex-text-2xl wpex-font-normal wpex-m-auto wpex-max-w-100 vcex-heading-plain wpex-block wpex-text-center\" style=\"color:#1e73be;font-size:1em;letter-spacing:.5px;font-weight:600;text-transform:uppercase;\"><span class=\"vcex-heading-inner wpex-inline-block wpex-clr\">2026.<\/span><\/div><div class=\"vcex-spacing wpex-w-100 wpex-clear\" style=\"height:5px;\"><\/div><style>.vcex_69e3ace26d271{font-size:35px!important;}@media (max-width:767px){.vcex_69e3ace26d271{font-size:25px!important;}}<\/style><h2 class=\"vcex-heading vcex-module wpex-text-2xl wpex-font-normal wpex-m-auto wpex-max-w-100 vcex-heading-plain wpex-block wpex-text-center vcex_69e3ace26d271\" style=\"color:#222222;font-weight:700;\"><span class=\"vcex-heading-inner wpex-inline-block wpex-clr\">Poziv za dostavljanje radova<br>za \u010dasopis Spoznaja Filozofskog fakulteta<\/span><\/h2><div class=\"vcex-spacing wpex-w-100 wpex-clear\" style=\"height:25px;\"><\/div><div class=\"vc_row wpb_row vc_inner vc_row-fluid\"><div class=\"wpb_column vc_column_container vc_col-sm-3\"><div class=\"vc_column-inner\"><div class=\"wpb_wrapper\"><div class=\"textcenter theme-button-expanded-wrap theme-button-wrap wpex-clr\"><a href=\"https:\/\/ff.unze.ba\/wp-content\/uploads\/2026\/03\/Tekstovi-poziva-za-Web.pdf\" class=\"vcex-button theme-button black align-center expanded expanded\" style=\"padding-top:15px;padding-right:25px;padding-bottom:15px;padding-left:25px;border:0px;font-size:.9em;font-weight:700;letter-spacing:1px;border-radius:0;text-transform:uppercase;\" data-wpex-hover='{&quot;background&quot;:&quot;#1e73be&quot;}'><span class=\"theme-button-inner\">Poziv<\/span><\/a><\/div> <\/div><\/div><\/div><div class=\"wpb_column vc_column_container vc_col-sm-3\"><div class=\"vc_column-inner\"><div class=\"wpb_wrapper\"><div class=\"textcenter theme-button-expanded-wrap theme-button-wrap wpex-clr\"><a href=\"https:\/\/ff.unze.ba\/wp-content\/uploads\/2026\/03\/Osnovne-informacije-o-casopisu.pdf\" class=\"vcex-button theme-button black align-center expanded expanded\" style=\"padding-top:15px;padding-right:25px;padding-bottom:15px;padding-left:25px;border:0px;font-size:.9em;font-weight:700;letter-spacing:1px;border-radius:0;text-transform:uppercase;\" data-wpex-hover='{&quot;background&quot;:&quot;#1e73be&quot;}'><span class=\"theme-button-inner\">O \u010dasopisu<\/span><\/a><\/div> <\/div><\/div><\/div><div class=\"wpb_column vc_column_container vc_col-sm-3\"><div class=\"vc_column-inner\"><div class=\"wpb_wrapper\"><div class=\"textcenter theme-button-expanded-wrap theme-button-wrap wpex-clr\"><a href=\"https:\/\/ff.unze.ba\/wp-content\/uploads\/2026\/03\/Upustva-za-autore.pdf\" class=\"vcex-button theme-button black align-center expanded expanded\" style=\"padding-top:15px;padding-right:25px;padding-bottom:15px;padding-left:25px;border:0px;font-size:.9em;font-weight:700;letter-spacing:1px;border-radius:0;text-transform:uppercase;\" data-wpex-hover='{&quot;background&quot;:&quot;#1e73be&quot;}'><span class=\"theme-button-inner\">Uputstvo za autore<\/span><\/a><\/div> <\/div><\/div><\/div><div class=\"wpb_column vc_column_container vc_col-sm-3\"><div class=\"vc_column-inner\"><div class=\"wpb_wrapper\"><div class=\"textcenter theme-button-expanded-wrap theme-button-wrap wpex-clr\"><a href=\"https:\/\/ff.unze.ba\/wp-content\/uploads\/2026\/03\/Izjava-o-lektorisanju-rada-Spoznaja.docx\" class=\"vcex-button theme-button black align-center expanded expanded\" style=\"padding-top:15px;padding-right:25px;padding-bottom:15px;padding-left:25px;border:0px;font-size:.9em;font-weight:700;letter-spacing:1px;border-radius:0;text-transform:uppercase;\" data-wpex-hover='{&quot;background&quot;:&quot;#1e73be&quot;}'><span class=\"theme-button-inner\">Izjava o lektorisanju<\/span><\/a><\/div> <\/div><\/div><\/div><\/div><\/div><\/div><\/div><div class=\"wpex-shape-divider wpex-shape-divider-curve wpex-shape-divider-bottom wpex-shape-divider-rotate\"><svg class=\"wpex-shape-divider-svg\" style=\" height:2px;\" xmlns=\"http:\/\/www.w3.org\/2000\/svg\" viewBox=\"0 0 1000 100\" preserveAspectRatio=\"none\"><path class=\"wpex-shape-divider-path\" fill=\"#000000\" d=\"M1000,4.3V0H0v4.3C0.9,23.1,126.7,99.2,500,100S1000,22.7,1000,4.3z\"\/><\/svg><\/div><\/div><div class=\"vc_row-full-width vc_clearfix\"><\/div><div class=\"vc_row wpb_row vc_row-fluid\"><div class=\"wpb_column vc_column_container vc_col-sm-4\"><div class=\"vc_column-inner\"><div class=\"wpb_wrapper\"><div class=\"vc_empty_space\"   style=\"height: 32px\"><span class=\"vc_empty_space_inner\"><\/span><\/div>\n\t<div  class=\"wpb_single_image wpb_content_element vc_align_\">\n\t\t\n\t\t<figure class=\"wpb_wrapper vc_figure\">\n\t\t\t<a href=\"https:\/\/ff.unze.ba\/Spoznaja\/26-04-06%20-%20SPOZNAJA%202025%20PRIJELOM.pdf?_t=1775471918\" target=\"_self\" class=\"vc_single_image-wrapper   vc_box_border_grey\"><img loading=\"lazy\" decoding=\"async\" width=\"764\" height=\"1080\" src=\"https:\/\/ff.unze.ba\/wp-content\/uploads\/2026\/02\/Spoznaja-2025-Large.png\" class=\"vc_single_image-img attachment-full\" alt=\"\" srcset=\"https:\/\/ff.unze.ba\/wp-content\/uploads\/2026\/02\/Spoznaja-2025-Large.png 764w, https:\/\/ff.unze.ba\/wp-content\/uploads\/2026\/02\/Spoznaja-2025-Large-212x300.png 212w, https:\/\/ff.unze.ba\/wp-content\/uploads\/2026\/02\/Spoznaja-2025-Large-724x1024.png 724w, https:\/\/ff.unze.ba\/wp-content\/uploads\/2026\/02\/Spoznaja-2025-Large-8x12.png 8w, https:\/\/ff.unze.ba\/wp-content\/uploads\/2026\/02\/Spoznaja-2025-Large-200x283.png 200w\" sizes=\"auto, (max-width: 764px) 100vw, 764px\" \/><\/a>\n\t\t<\/figure>\n\t<\/div>\n<\/div><\/div><\/div><div class=\"wpb_column vc_column_container vc_col-sm-4\"><div class=\"vc_column-inner\"><div class=\"wpb_wrapper\"><div class=\"vc_empty_space\"   style=\"height: 32px\"><span class=\"vc_empty_space_inner\"><\/span><\/div>\n\t<div class=\"wpb_text_column wpb_content_element \" >\n\t\t<div class=\"wpb_wrapper\">\n\t\t\t<p><em>\u010casopis<\/em> izlazi jedanput godi\u0161nje.<\/p>\n<p><strong>Izdava\u010d<br \/>\n<\/strong>FILOZOFSKI FAKULTET UNIVERZITETA U ZENICI<\/p>\n<p><strong>Za izdava\u010da<br \/>\n<\/strong>Alica Arnaut, dekanesa<\/p>\n<p><strong>Glavni i odgovorni urednik<br \/>\n<\/strong>Mirza D\u017eananovi\u0107<\/p>\n<p><strong>Urednici<br \/>\n<\/strong>Edina Kadri\u0107 Durmi\u0161<br \/>\nVehid Kurti\u0107<\/p>\n<p><strong>Lektura<br \/>\n<\/strong>autori radova<\/p>\n<p><strong>UDK indeksi<br \/>\n<\/strong>Aras Bori\u0107<\/p>\n<p><strong>Redakcija<br \/>\n<\/strong><\/p>\n<p>Ikbal Smajlovi\u0107, Edina Solak, Indira Me\u0161ki\u0107, Aleksa Stankovi\u0107, Naida Biki\u0107, Amer \u0106aro,\u00a0Almina Lisi\u010di\u0107-Hed\u017ei\u0107, Mirza D\u017eananovi\u0107, Hazim Begagi\u0107, Adnan Bujak, Bernard Harba\u0161<\/p>\n\n\t\t<\/div>\n\t<\/div>\n<\/div><\/div><\/div><div class=\"wpb_column vc_column_container vc_col-sm-4\"><div class=\"vc_column-inner\"><div class=\"wpb_wrapper\"><div class=\"vc_empty_space\"   style=\"height: 30px\"><span class=\"vc_empty_space_inner\"><\/span><\/div>\n\t<div  class=\"wpb_single_image wpb_content_element vc_align_center\">\n\t\t\n\t\t<figure class=\"wpb_wrapper vc_figure\">\n\t\t\t<a href=\"https:\/\/www.ceeol.com\/\" target=\"_self\" class=\"vc_single_image-wrapper   vc_box_border_grey\" rel=\"noopener\"><img loading=\"lazy\" decoding=\"async\" width=\"300\" height=\"135\" src=\"https:\/\/ff.unze.ba\/wp-content\/uploads\/2018\/03\/EE.png\" class=\"vc_single_image-img attachment-full\" alt=\"\" \/><\/a>\n\t\t<\/figure>\n\t<\/div>\n<div class=\"vc_empty_space\"   style=\"height: 50px\"><span class=\"vc_empty_space_inner\"><\/span><\/div>\n\t<div  class=\"wpb_single_image wpb_content_element vc_align_center\">\n\t\t\n\t\t<figure class=\"wpb_wrapper vc_figure\">\n\t\t\t<a href=\"https:\/\/slavus.ca\/\" target=\"_self\" class=\"vc_single_image-wrapper   vc_box_border_grey\" rel=\"noopener\"><img loading=\"lazy\" decoding=\"async\" width=\"419\" height=\"232\" src=\"https:\/\/ff.unze.ba\/wp-content\/uploads\/2026\/04\/Logo_Slavic_Humanities_Index_white_background.png\" class=\"vc_single_image-img attachment-full\" alt=\"\" srcset=\"https:\/\/ff.unze.ba\/wp-content\/uploads\/2026\/04\/Logo_Slavic_Humanities_Index_white_background.png 419w, https:\/\/ff.unze.ba\/wp-content\/uploads\/2026\/04\/Logo_Slavic_Humanities_Index_white_background-300x166.png 300w, https:\/\/ff.unze.ba\/wp-content\/uploads\/2026\/04\/Logo_Slavic_Humanities_Index_white_background-18x10.png 18w, https:\/\/ff.unze.ba\/wp-content\/uploads\/2026\/04\/Logo_Slavic_Humanities_Index_white_background-200x111.png 200w\" sizes=\"auto, (max-width: 419px) 100vw, 419px\" \/><\/a>\n\t\t<\/figure>\n\t<\/div>\n<div class=\"vc_empty_space\"   style=\"height: 30px\"><span class=\"vc_empty_space_inner\"><\/span><\/div><div class=\"vc_row wpb_row vc_inner vc_row-fluid\"><div class=\"wpb_column vc_column_container vc_col-sm-12\"><div class=\"vc_column-inner\"><div class=\"wpb_wrapper\"><\/div><\/div><\/div><\/div><div class=\"vc_btn3-container vc_btn3-center\" ><a class=\"vc_general vc_btn3 vc_btn3-size-md vc_btn3-shape-rounded vc_btn3-style-modern vc_btn3-color-blue\" href=\"https:\/\/spoznaja.unze.ba\/\" title=\"\" target=\"_blank\" rel=\"noopener\">Zvani\u010dna stranica \u010dasopisa<\/a><\/div><\/div><\/div><\/div><\/div><div class=\"vc_row wpb_row vc_row-fluid wpex-has-shape-divider-top\"><div class=\"wpb_column vc_column_container vc_col-sm-4\"><div class=\"vc_column-inner\"><div class=\"wpb_wrapper\">\n\t<div style=\"text-align:center;\" class=\"wpb_text_column wpb_content_element  vc_custom_1739443631282\" >\n\t\t<div class=\"wpb_wrapper\">\n\t\t\t<p style=\"text-align: center;\"><b>\u00a0<\/b><\/p>\n<p style=\"text-align: left;\"><div class=\"real3dflipbook\" id=\"11_69e3ace275ee3\" style=\"position:absolute;\" data-flipbook-options=\"{&quot;mode&quot;:&quot;lightbox&quot;,&quot;viewMode&quot;:&quot;webgl&quot;,&quot;zoomMin&quot;:&quot;0.9&quot;,&quot;zoomStep&quot;:&quot;2&quot;,&quot;zoomReset&quot;:&quot;true&quot;,&quot;doubleClickZoom&quot;:&quot;true&quot;,&quot;singlePageMode&quot;:&quot;false&quot;,&quot;pageFlipDuration&quot;:&quot;1&quot;,&quot;sound&quot;:&quot;true&quot;,&quot;startPage&quot;:&quot;1&quot;,&quot;deeplinking&quot;:{&quot;enabled&quot;:&quot;false&quot;},&quot;responsiveView&quot;:&quot;true&quot;,&quot;responsiveViewTreshold&quot;:&quot;768&quot;,&quot;pageTextureSize&quot;:&quot;2048&quot;,&quot;pageTextureSizeSmall&quot;:&quot;1500&quot;,&quot;textLayer&quot;:&quot;false&quot;,&quot;backCover&quot;:&quot;true&quot;,&quot;aspectRatio&quot;:&quot;2&quot;,&quot;thumbnailsOnStart&quot;:&quot;false&quot;,&quot;contentOnStart&quot;:&quot;false&quot;,&quot;tableOfContentCloseOnClick&quot;:&quot;true&quot;,&quot;thumbsCloseOnClick&quot;:&quot;true&quot;,&quot;autoplayOnStart&quot;:&quot;false&quot;,&quot;autoplayInterval&quot;:&quot;3000&quot;,&quot;autoplayStartPage&quot;:&quot;1&quot;,&quot;autoplayLoop&quot;:&quot;true&quot;,&quot;rightToLeft&quot;:&quot;false&quot;,&quot;thumbSize&quot;:&quot;130&quot;,&quot;logoUrl&quot;:&quot;https:\\\/\\\/ff.unze.ba\\\/&quot;,&quot;zIndex&quot;:&quot;auto&quot;,&quot;pdfBrowserViewerIfIE&quot;:&quot;false&quot;,&quot;arrowsAlwaysEnabledForNavigation&quot;:&quot;false&quot;,&quot;touchSwipeEnabled&quot;:&quot;true&quot;,&quot;rightClickEnabled&quot;:&quot;true&quot;,&quot;pageTextureSizeMobileSmall&quot;:&quot;1024&quot;,&quot;singlePageModeIfMobile&quot;:&quot;false&quot;,&quot;pdfBrowserViewerIfMobile&quot;:&quot;false&quot;,&quot;pdfBrowserViewerFullscreen&quot;:&quot;true&quot;,&quot;pdfBrowserViewerFullscreenTarget&quot;:&quot;_blank&quot;,&quot;mobile&quot;:{&quot;contentOnStart&quot;:&quot;false&quot;,&quot;thumbnailsOnStart&quot;:&quot;false&quot;},&quot;btnTocIfMobile&quot;:&quot;true&quot;,&quot;btnThumbsIfMobile&quot;:&quot;true&quot;,&quot;btnShareIfMobile&quot;:&quot;false&quot;,&quot;btnDownloadPagesIfMobile&quot;:&quot;true&quot;,&quot;btnDownloadPdfIfMobile&quot;:&quot;true&quot;,&quot;btnSoundIfMobile&quot;:&quot;false&quot;,&quot;btnExpandIfMobile&quot;:&quot;true&quot;,&quot;btnPrintIfMobile&quot;:&quot;false&quot;,&quot;logoHideOnMobile&quot;:&quot;false&quot;,&quot;lightboxBackground&quot;:&quot;rgb(81, 85, 88)&quot;,&quot;lightboxThumbnailHeight&quot;:&quot;600&quot;,&quot;lightboxThumbnailInfo&quot;:&quot;false&quot;,&quot;lightboxTextPosition&quot;:&quot;top&quot;,&quot;lightBoxOpened&quot;:&quot;false&quot;,&quot;lightBoxFullscreen&quot;:&quot;false&quot;,&quot;lightboxCloseOnClick&quot;:&quot;false&quot;,&quot;showTitle&quot;:&quot;false&quot;,&quot;hideThumbnail&quot;:&quot;false&quot;,&quot;lightboxMarginV&quot;:&quot;0&quot;,&quot;lightboxMarginH&quot;:&quot;0&quot;,&quot;lightboxLinkNewWindow&quot;:&quot;true&quot;,&quot;lights&quot;:&quot;true&quot;,&quot;lightPositionX&quot;:&quot;0&quot;,&quot;lightPositionY&quot;:&quot;150&quot;,&quot;lightPositionZ&quot;:&quot;1400&quot;,&quot;lightIntensity&quot;:&quot;0.6&quot;,&quot;shadows&quot;:&quot;true&quot;,&quot;shadowOpacity&quot;:&quot;0.2&quot;,&quot;pageHardness&quot;:&quot;2&quot;,&quot;coverHardness&quot;:&quot;2&quot;,&quot;pageRoughness&quot;:&quot;1&quot;,&quot;pageMetalness&quot;:&quot;0&quot;,&quot;pageSegmentsW&quot;:&quot;6&quot;,&quot;pageMiddleShadowSize&quot;:&quot;2&quot;,&quot;pageMiddleShadowColorL&quot;:&quot;#999999&quot;,&quot;pageMiddleShadowColorR&quot;:&quot;#777777&quot;,&quot;antialias&quot;:&quot;false&quot;,&quot;pan&quot;:&quot;0&quot;,&quot;tilt&quot;:&quot;0&quot;,&quot;rotateCameraOnMouseDrag&quot;:&quot;true&quot;,&quot;panMax&quot;:&quot;20&quot;,&quot;panMin&quot;:&quot;-20&quot;,&quot;tiltMax&quot;:&quot;0&quot;,&quot;tiltMin&quot;:&quot;-60&quot;,&quot;currentPage&quot;:{&quot;enabled&quot;:&quot;true&quot;,&quot;title&quot;:&quot;Teku\\u0107a stranica&quot;,&quot;vAlign&quot;:&quot;top&quot;,&quot;hAlign&quot;:&quot;left&quot;},&quot;btnFirst&quot;:{&quot;enabled&quot;:&quot;false&quot;,&quot;title&quot;:&quot;Prva stranica&quot;,&quot;icon&quot;:&quot;fa-angle-double-left&quot;,&quot;icon2&quot;:&quot;first_page&quot;},&quot;btnPrev&quot;:{&quot;enabled&quot;:&quot;true&quot;,&quot;title&quot;:&quot;Prethodna stranica&quot;,&quot;icon&quot;:&quot;fa-chevron-left&quot;,&quot;icon2&quot;:&quot;chevron_left&quot;},&quot;btnNext&quot;:{&quot;enabled&quot;:&quot;true&quot;,&quot;title&quot;:&quot;Slijede\\u0107a stranica&quot;,&quot;icon&quot;:&quot;fa-chevron-right&quot;,&quot;icon2&quot;:&quot;chevron_right&quot;},&quot;btnLast&quot;:{&quot;enabled&quot;:&quot;false&quot;,&quot;title&quot;:&quot;Zdanja stranica&quot;,&quot;icon&quot;:&quot;fa-angle-double-right&quot;,&quot;icon2&quot;:&quot;last_page&quot;},&quot;btnAutoplay&quot;:{&quot;enabled&quot;:&quot;true&quot;,&quot;title&quot;:&quot;Automatsko listanje&quot;,&quot;icon&quot;:&quot;fa-play&quot;,&quot;iconAlt&quot;:&quot;fa-pause&quot;,&quot;icon2&quot;:&quot;play_arrow&quot;,&quot;iconAlt2&quot;:&quot;pause&quot;},&quot;btnZoomIn&quot;:{&quot;enabled&quot;:&quot;true&quot;,&quot;title&quot;:&quot;Uve\\u0107anje&quot;,&quot;icon&quot;:&quot;fa-plus&quot;,&quot;icon2&quot;:&quot;zoom_in&quot;},&quot;btnZoomOut&quot;:{&quot;enabled&quot;:&quot;true&quot;,&quot;title&quot;:&quot;Umanjenje&quot;,&quot;icon&quot;:&quot;fa-minus&quot;,&quot;icon2&quot;:&quot;zoom_out&quot;},&quot;btnToc&quot;:{&quot;enabled&quot;:&quot;false&quot;,&quot;title&quot;:&quot;Sadr\\u017eaj&quot;,&quot;icon&quot;:&quot;fa-list-ol&quot;,&quot;icon2&quot;:&quot;toc&quot;},&quot;btnThumbs&quot;:{&quot;enabled&quot;:&quot;true&quot;,&quot;title&quot;:&quot;Stranice&quot;,&quot;icon&quot;:&quot;fa-th-large&quot;,&quot;icon2&quot;:&quot;view_module&quot;},&quot;btnShare&quot;:{&quot;enabled&quot;:&quot;true&quot;,&quot;title&quot;:&quot;Dijeljenje&quot;,&quot;icon&quot;:&quot;fa-share-alt&quot;,&quot;icon2&quot;:&quot;share&quot;},&quot;btnPrint&quot;:{&quot;enabled&quot;:&quot;true&quot;,&quot;title&quot;:&quot;Print&quot;,&quot;icon&quot;:&quot;fa-print&quot;,&quot;icon2&quot;:&quot;print&quot;},&quot;btnDownloadPages&quot;:{&quot;enabled&quot;:&quot;false&quot;,&quot;title&quot;:&quot;Download pages&quot;,&quot;icon&quot;:&quot;fa-download&quot;,&quot;icon2&quot;:&quot;file_download&quot;},&quot;btnDownloadPdf&quot;:{&quot;enabled&quot;:&quot;true&quot;,&quot;title&quot;:&quot;Preuzmite PDF&quot;,&quot;icon&quot;:&quot;fa-download&quot;,&quot;icon2&quot;:&quot;fa-download&quot;},&quot;btnSound&quot;:{&quot;enabled&quot;:&quot;true&quot;,&quot;title&quot;:&quot;Zvuk&quot;,&quot;icon&quot;:&quot;fa-volume-up&quot;,&quot;iconAlt&quot;:&quot;fa-volume-off&quot;,&quot;icon2&quot;:&quot;volume_up&quot;,&quot;iconAlt2&quot;:&quot;volume_mute&quot;},&quot;btnExpand&quot;:{&quot;enabled&quot;:&quot;true&quot;,&quot;title&quot;:&quot;Prikaz na cijelom ekranu&quot;,&quot;icon&quot;:&quot;fa-expand&quot;,&quot;iconAlt&quot;:&quot;fa-compress&quot;,&quot;icon2&quot;:&quot;fullscreen&quot;,&quot;iconAlt2&quot;:&quot;fullscreen_exit&quot;},&quot;btnSelect&quot;:{&quot;enabled&quot;:&quot;true&quot;,&quot;title&quot;:&quot;Alat za selekciju&quot;,&quot;icon&quot;:&quot;fas fa-i-cursor&quot;,&quot;icon2&quot;:&quot;text_format&quot;},&quot;btnSearch&quot;:{&quot;enabled&quot;:&quot;true&quot;,&quot;title&quot;:&quot;Pretraga&quot;,&quot;icon&quot;:&quot;fas fa-search&quot;,&quot;icon2&quot;:&quot;search&quot;},&quot;btnBookmark&quot;:{&quot;enabled&quot;:&quot;false&quot;,&quot;title&quot;:&quot;Bookmark&quot;,&quot;icon&quot;:&quot;fas fa-bookmark&quot;,&quot;icon2&quot;:&quot;bookmark&quot;},&quot;google_plus&quot;:{&quot;enabled&quot;:&quot;true&quot;},&quot;twitter&quot;:{&quot;enabled&quot;:&quot;true&quot;},&quot;facebook&quot;:{&quot;enabled&quot;:&quot;true&quot;},&quot;pinterest&quot;:{&quot;enabled&quot;:&quot;true&quot;},&quot;email&quot;:{&quot;enabled&quot;:&quot;true&quot;},&quot;layout&quot;:&quot;1&quot;,&quot;skin&quot;:&quot;light&quot;,&quot;icons&quot;:&quot;font awesome&quot;,&quot;useFontAwesome5&quot;:&quot;true&quot;,&quot;backgroundColor&quot;:&quot;rgb(81, 85, 88)&quot;,&quot;backgroundTransparent&quot;:&quot;false&quot;,&quot;menu2Margin&quot;:&quot;0&quot;,&quot;menu2Padding&quot;:&quot;0&quot;,&quot;menu2OverBook&quot;:&quot;true&quot;,&quot;menu2Transparent&quot;:&quot;true&quot;,&quot;menu2Floating&quot;:&quot;false&quot;,&quot;menuMargin&quot;:&quot;0&quot;,&quot;menuPadding&quot;:&quot;0&quot;,&quot;menuOverBook&quot;:&quot;false&quot;,&quot;menuTransparent&quot;:&quot;false&quot;,&quot;menuFloating&quot;:&quot;false&quot;,&quot;hideMenu&quot;:&quot;false&quot;,&quot;btnBackground&quot;:&quot;none&quot;,&quot;btnRadius&quot;:&quot;0&quot;,&quot;btnMargin&quot;:&quot;0&quot;,&quot;btnSize&quot;:&quot;14&quot;,&quot;btnPaddingV&quot;:&quot;10&quot;,&quot;btnPaddingH&quot;:&quot;10&quot;,&quot;sideNavigationButtons&quot;:&quot;true&quot;,&quot;sideBtnColor&quot;:&quot;#fff&quot;,&quot;sideBtnBackground&quot;:&quot;rgba(0,0,0,.3)&quot;,&quot;sideBtnRadius&quot;:&quot;0&quot;,&quot;sideBtnMargin&quot;:&quot;0&quot;,&quot;sideBtnSize&quot;:&quot;30&quot;,&quot;sideBtnPaddingV&quot;:&quot;5&quot;,&quot;sideBtnPaddingH&quot;:&quot;5&quot;,&quot;sideMenuOverBook&quot;:&quot;true&quot;,&quot;sideMenuOverMenu&quot;:&quot;true&quot;,&quot;sideMenuOverMenu2&quot;:&quot;true&quot;,&quot;strings&quot;:{&quot;print&quot;:&quot;Print&quot;,&quot;printLeftPage&quot;:&quot;Print lijeve stranice&quot;,&quot;printRightPage&quot;:&quot;Print desne stranice&quot;,&quot;printCurrentPage&quot;:&quot;Print teku\\u0107e stranice&quot;,&quot;printAllPages&quot;:&quot;Print svih stranica&quot;,&quot;download&quot;:&quot;Download&quot;,&quot;downloadLeftPage&quot;:&quot;Download left page&quot;,&quot;downloadRightPage&quot;:&quot;Download right page&quot;,&quot;downloadCurrentPage&quot;:&quot;Download current page&quot;,&quot;downloadAllPages&quot;:&quot;Download all pages&quot;,&quot;bookmarks&quot;:&quot;Bookmarks&quot;,&quot;bookmarkLeftPage&quot;:&quot;Bookmark left page&quot;,&quot;bookmarkRightPage&quot;:&quot;Bookmark right page&quot;,&quot;bookmarkCurrentPage&quot;:&quot;Bookmark current page&quot;,&quot;search&quot;:&quot;Pretraga&quot;,&quot;findInDocument&quot;:&quot;Prona\\u0111i u dokumentu&quot;,&quot;pagesFoundContaining&quot;:&quot;stranice prona\\u0111ene koje sadr\\u017ee&quot;,&quot;thumbnails&quot;:&quot;Thumbnails&quot;,&quot;tableOfContent&quot;:&quot;Table of Contents&quot;,&quot;share&quot;:&quot;Dijeljenje&quot;,&quot;pressEscToClose&quot;:&quot;Pritisnite ESC da zatvorite&quot;},&quot;name&quot;:&quot;Spoznaja 2024&quot;,&quot;pdfUrl&quot;:&quot;https:\\\/\\\/ff.unze.ba\\\/wp-content\\\/uploads\\\/2025\\\/02\\\/SPOZNAJA-2024-finalno.pdf&quot;,&quot;pages&quot;:[{&quot;src&quot;:&quot;https:\\\/\\\/ff.unze.ba\\\/wp-content\\\/uploads\\\/2025\\\/03\\\/Spoznaja.png&quot;,&quot;thumb&quot;:&quot;https:\\\/\\\/ff.unze.ba\\\/wp-content\\\/uploads\\\/2025\\\/03\\\/Spoznaja-212x300.png&quot;}],&quot;lightboxThumbnailUrl&quot;:&quot;https:\\\/\\\/ff.unze.ba\\\/wp-content\\\/uploads\\\/2025\\\/03\\\/Spoznaja.png&quot;,&quot;bookId&quot;:&quot;11&quot;,&quot;id&quot;:&quot;11&quot;,&quot;date&quot;:&quot;2025-02-13 11:34:20&quot;,&quot;tableOfContent&quot;:[],&quot;rootFolder&quot;:&quot;https:\\\/\\\/ff.unze.ba\\\/wp-content\\\/plugins\\\/real3d-flipbook\\\/&quot;,&quot;uniqueId&quot;:&quot;11_69e3ace275ee3&quot;}\"><\/div>\n\n\t\t<\/div>\n\t<\/div>\n<\/div><\/div><\/div><div class=\"wpb_column vc_column_container vc_col-sm-4\"><div class=\"vc_column-inner\"><div class=\"wpb_wrapper\"><div class=\"vc_empty_space\"   style=\"height: 32px\"><span class=\"vc_empty_space_inner\"><\/span><\/div>\n\t<div class=\"wpb_text_column wpb_content_element \" >\n\t\t<div class=\"wpb_wrapper\">\n\t\t\t<p><em>\u010casopis<\/em> izlazi jedanput godi\u0161nje.<\/p>\n<p><strong>Izdava\u010d<br \/>\n<\/strong>FILOZOFSKI FAKULTET UNIVERZITETA U ZENICI<\/p>\n<p><strong>Za izdava\u010da<br \/>\n<\/strong>Alica Arnaut, dekanesa<\/p>\n<p><strong>Urednik<br \/>\n<\/strong>Mirza D\u017eananovi\u0107<\/p>\n<p><strong>Lektura<br \/>\n<\/strong>autori radova<\/p>\n<p><strong>UDK<br \/>\n<\/strong>Aras Bori\u0107<\/p>\n<p><strong>Redakcija<br \/>\n<\/strong><\/p>\n<p>Ikbal Smajlovi\u0107, Edina Solak, Indira Me\u0161ki\u0107, Aleksa Stankovi\u0107, Naida Biki\u0107, Amer \u0106aro,\u00a0Almina Lisi\u010di\u0107-Hed\u017ei\u0107, Mirza D\u017eananovi\u0107, Hazim Begagi\u0107, Adnan Bujak, Bernard Harba\u0161<\/p>\n\n\t\t<\/div>\n\t<\/div>\n<\/div><\/div><\/div><div class=\"wpb_column vc_column_container vc_col-sm-4\"><div class=\"vc_column-inner\"><div class=\"wpb_wrapper\"><div class=\"vc_empty_space\"   style=\"height: 30px\"><span class=\"vc_empty_space_inner\"><\/span><\/div><div class=\"vc_empty_space\"   style=\"height: 50px\"><span class=\"vc_empty_space_inner\"><\/span><\/div>\n\t<div  class=\"wpb_single_image wpb_content_element vc_align_center\">\n\t\t\n\t\t<figure class=\"wpb_wrapper vc_figure\">\n\t\t\t<div class=\"vc_single_image-wrapper   vc_box_border_grey\"><img loading=\"lazy\" decoding=\"async\" width=\"300\" height=\"135\" src=\"https:\/\/ff.unze.ba\/wp-content\/uploads\/2018\/03\/EE.png\" class=\"vc_single_image-img attachment-full\" alt=\"\" \/><\/div>\n\t\t<\/figure>\n\t<\/div>\n<div class=\"vc_empty_space\"   style=\"height: 30px\"><span class=\"vc_empty_space_inner\"><\/span><\/div><div class=\"vc_row wpb_row vc_inner vc_row-fluid\"><div class=\"wpb_column vc_column_container vc_col-sm-12\"><div class=\"vc_column-inner\"><div class=\"wpb_wrapper\"><\/div><\/div><\/div><\/div><div class=\"vc_row wpb_row vc_inner vc_row-fluid\"><div class=\"wpb_column vc_column_container vc_col-sm-12\"><div class=\"vc_column-inner\"><div class=\"wpb_wrapper\"><\/div><\/div><\/div><\/div><div class=\"vc_btn3-container vc_btn3-center\" ><a class=\"vc_general vc_btn3 vc_btn3-size-md vc_btn3-shape-rounded vc_btn3-style-modern vc_btn3-color-blue\" href=\"https:\/\/spoznaja.unze.ba\/\" title=\"\" target=\"_blank\" rel=\"noopener\">Zvani\u010dna stranica \u010dasopisa<\/a><\/div><\/div><\/div><\/div><div class=\"wpex-shape-divider wpex-shape-divider-waves wpex-shape-divider-top\"><svg class=\"wpex-shape-divider-svg\" style=\" height:2px;\" xmlns=\"http:\/\/www.w3.org\/2000\/svg\" viewBox=\"0 0 1000 100\" preserveAspectRatio=\"none\"><path class=\"wpex-shape-divider-path\" fill=\"#000000\" d=\"M421.9,6.5c22.6-2.5,51.5,0.4,75.5,5.3c23.6,4.9,70.9,23.5,100.5,35.7c75.8,32.2,133.7,44.5,192.6,49.7\n\tc23.6,2.1,48.7,3.5,103.4-2.5c54.7-6,106.2-25.6,106.2-25.6V0H0v30.3c0,0,72,32.6,158.4,30.5c39.2-0.7,92.8-6.7,134-22.4\n\tc21.2-8.1,52.2-18.2,79.7-24.2C399.3,7.9,411.6,7.5,421.9,6.5z\"\/><\/svg><\/div><\/div>\n","protected":false},"excerpt":{"rendered":"ISSN 3029-3766 2026.Poziv za dostavljanje radovaza \u010dasopis Spoznaja Filozofskog fakultetaPoziv&hellip;","protected":false},"author":12,"featured_media":0,"parent":12809,"menu_order":0,"comment_status":"closed","ping_status":"closed","template":"","meta":{"footnotes":""},"class_list":["post-23574","page","type-page","status-publish","hentry","entry","no-media"],"rttpg_featured_image_url":null,"rttpg_author":{"display_name":"Vehid Kurti\u0107","author_link":"https:\/\/ff.unze.ba\/en\/author\/vehid\/"},"rttpg_comment":0,"rttpg_category":null,"rttpg_excerpt":null,"_links":{"self":[{"href":"https:\/\/ff.unze.ba\/en\/wp-json\/wp\/v2\/pages\/23574","targetHints":{"allow":["GET"]}}],"collection":[{"href":"https:\/\/ff.unze.ba\/en\/wp-json\/wp\/v2\/pages"}],"about":[{"href":"https:\/\/ff.unze.ba\/en\/wp-json\/wp\/v2\/types\/page"}],"author":[{"embeddable":true,"href":"https:\/\/ff.unze.ba\/en\/wp-json\/wp\/v2\/users\/12"}],"replies":[{"embeddable":true,"href":"https:\/\/ff.unze.ba\/en\/wp-json\/wp\/v2\/comments?post=23574"}],"version-history":[{"count":60,"href":"https:\/\/ff.unze.ba\/en\/wp-json\/wp\/v2\/pages\/23574\/revisions"}],"predecessor-version":[{"id":26969,"href":"https:\/\/ff.unze.ba\/en\/wp-json\/wp\/v2\/pages\/23574\/revisions\/26969"}],"up":[{"embeddable":true,"href":"https:\/\/ff.unze.ba\/en\/wp-json\/wp\/v2\/pages\/12809"}],"wp:attachment":[{"href":"https:\/\/ff.unze.ba\/en\/wp-json\/wp\/v2\/media?parent=23574"}],"curies":[{"name":"wp","href":"https:\/\/api.w.org\/{rel}","templated":true}]}}