{"id":21638,"date":"2024-03-15T14:43:54","date_gmt":"2024-03-15T13:43:54","guid":{"rendered":"https:\/\/ff.unze.ba\/?page_id=21638"},"modified":"2025-02-10T13:17:50","modified_gmt":"2025-02-10T12:17:50","slug":"studijski-program-turski-jezik-i-knjizevnost-2-ciklus","status":"publish","type":"page","link":"https:\/\/ff.unze.ba\/en\/study-program-turkish-language-and-literature-2-cycle\/","title":{"rendered":"Study program Turkish language and literature 2nd cycle"},"content":{"rendered":"<div data-vc-full-width=\"true\" data-vc-full-width-init=\"false\" data-vc-stretch-content=\"true\" class=\"vc_row wpb_row vc_row-fluid vc_custom_1710625982798 vc_row-no-padding wpex-vc_row-has-fill wpex-vc-row-stretched\"><div class=\"wpb_column vc_column_container vc_col-sm-12\"><div class=\"vc_column-inner vc_custom_1708593272491\"><div class=\"wpb_wrapper\">\n\t<div class=\"wpb_text_column wpb_content_element  vc_custom_1710747713268\" >\n\t\t<div class=\"wpb_wrapper\">\n\t\t\t<h2 style=\"text-align: center;\"><span style=\"font-size: 18px; color: #ffffff;\"><span style=\"font-size: 36px;\"><br \/>\n<strong>Turkish language and literature<br \/>\n<\/strong><\/span><\/span><\/h2>\n<p style=\"text-align: center;\"><span style=\"color: #ffffff;\"><span style=\"font-size: 18px;\">Study program level:<strong> II cycle \/ postgraduate - master&#039;s study<br \/>\n<\/strong><\/span><span style=\"font-size: 18px;\">Head of study program:<strong> prof. dr. Edina Solak<br \/>\n<\/strong><\/span><span style=\"font-size: 18px;\">Academic\/scientific\/professional title upon completion of studies: <strong>Master&#039;s degree in Turkish language and literature<br \/>\n<\/strong><\/span><\/span><\/p>\n<p><span style=\"color: #ffffff;\">\u00a0 \u00a0 \u00a0 \u00a0 \u00a0 \u00a0 \u00a0 \u00a0 \u00a0 \u00a0\u00a0<\/span><\/p>\n\n\t\t<\/div>\n\t<\/div>\n<\/div><\/div><\/div><\/div><div class=\"vc_row-full-width vc_clearfix\"><\/div><div data-vc-full-width=\"true\" data-vc-full-width-init=\"false\" class=\"vc_section wpex-vc-row-stretched\"><div class=\"vc_row wpb_row vc_row-fluid\"><div class=\"wpb_column vc_column_container vc_col-sm-3\"><div class=\"vc_column-inner\"><div class=\"wpb_wrapper\"><div class=\"vc_empty_space\"   style=\"height: 25px\"><span class=\"vc_empty_space_inner\"><\/span><\/div>\n\t<div style=\"color:#002244;\" class=\"wpb_text_column has-custom-color wpex-child-inherit-color wpb_content_element\" >\n\t\t<div class=\"wpb_wrapper\">\n\t\t\t<p style=\"text-align: center;\"><strong><span style=\"font-size: 24px;\">Curriculum<\/span><\/strong><\/p>\n\n\t\t<\/div>\n\t<\/div>\n<div class=\"vc_empty_space\"   style=\"height: 10px\"><span class=\"vc_empty_space_inner\"><\/span><\/div><div class=\"theme-button-expanded-wrap theme-button-wrap wpex-clr\"><a href=\"https:\/\/ff.unze.ba\/wp-content\/uploads\/2024\/03\/SPTJK-Planska-II-ciklus.pdf\" class=\"vcex-button theme-button large expanded  wpb_animate_when_almost_visible wpb_flipInY flipInY expanded\" style=\"background:#0c1b46;\" data-wpex-hover='{&quot;background&quot;:&quot;#000000&quot;}'><span class=\"theme-button-inner\">2023\/2024.<\/span><\/a><\/div> <div class=\"vc_empty_space\"   style=\"height: 10px\"><span class=\"vc_empty_space_inner\"><\/span><\/div><div class=\"theme-button-expanded-wrap theme-button-wrap wpex-clr\"><a href=\"https:\/\/ff.unze.ba\/wp-content\/uploads\/2021\/03\/Nastavni-plan-magistarski-studijskog-programa.pdf\" class=\"vcex-button theme-button large expanded  wpb_animate_when_almost_visible wpb_flipInY flipInY expanded\" style=\"background:#0c1b46;\" data-wpex-hover='{&quot;background&quot;:&quot;#000000&quot;}'><span class=\"theme-button-inner\">2019\/2020.<\/span><\/a><\/div> <\/div><\/div><\/div><div class=\"wpb_column vc_column_container vc_col-sm-3\"><div class=\"vc_column-inner\"><div class=\"wpb_wrapper\"><div class=\"vc_empty_space\"   style=\"height: 25px\"><span class=\"vc_empty_space_inner\"><\/span><\/div>\n\t<div style=\"color:#002244;\" class=\"wpb_text_column has-custom-color wpex-child-inherit-color wpb_content_element\" >\n\t\t<div class=\"wpb_wrapper\">\n\t\t\t<p style=\"text-align: center;\"><strong><span style=\"font-size: 24px;\">Curriculum<\/span><\/strong><\/p>\n\n\t\t<\/div>\n\t<\/div>\n<div class=\"vc_empty_space\"   style=\"height: 10px\"><span class=\"vc_empty_space_inner\"><\/span><\/div><div class=\"theme-button-expanded-wrap theme-button-wrap wpex-clr\"><a href=\"https:\/\/ff.unze.ba\/wp-content\/uploads\/2024\/03\/SPTJK-Programska-II-ciklus.pdf\" class=\"vcex-button theme-button large expanded  wpb_animate_when_almost_visible wpb_flipInY flipInY expanded\" style=\"background:#0c1b46;\" data-wpex-hover='{&quot;background&quot;:&quot;#000000&quot;}'><span class=\"theme-button-inner\">2023\/2024.<\/span><\/a><\/div> <div class=\"vc_empty_space\"   style=\"height: 10px\"><span class=\"vc_empty_space_inner\"><\/span><\/div><div class=\"theme-button-expanded-wrap theme-button-wrap wpex-clr\"><a href=\"https:\/\/ff.unze.ba\/wp-content\/uploads\/2021\/03\/Programsko-planska-struktura-NPP-II-ciklus.pdf\" class=\"vcex-button theme-button large expanded  wpb_animate_when_almost_visible wpb_flipInY flipInY expanded\" style=\"background:#0c1b46;\" data-wpex-hover='{&quot;background&quot;:&quot;#000000&quot;}'><span class=\"theme-button-inner\">2019\/2020.<\/span><\/a><\/div> <\/div><\/div><\/div><div class=\"wpb_column vc_column_container vc_col-sm-3\"><div class=\"vc_column-inner\"><div class=\"wpb_wrapper\"><div class=\"vc_empty_space\"   style=\"height: 25px\"><span class=\"vc_empty_space_inner\"><\/span><\/div>\n\t<div style=\"color:#002244;\" class=\"wpb_text_column has-custom-color wpex-child-inherit-color wpb_content_element\" >\n\t\t<div class=\"wpb_wrapper\">\n\t\t\t<p style=\"text-align: center;\"><strong><span style=\"font-size: 24px;\">Teaching staff<\/span><\/strong><\/p>\n\n\t\t<\/div>\n\t<\/div>\n<div class=\"vc_empty_space\"   style=\"height: 10px\"><span class=\"vc_empty_space_inner\"><\/span><\/div><div class=\"theme-button-expanded-wrap theme-button-wrap wpex-clr\"><a href=\"https:\/\/ff.unze.ba\/wp-content\/uploads\/2024\/03\/NASTAVNI-TIM-SPTJK-2023_2024-2-ciklus.pdf\" class=\"vcex-button theme-button large expanded  wpb_animate_when_almost_visible wpb_flipInY flipInY expanded\" style=\"background:#0c1b46;\" data-wpex-hover='{&quot;background&quot;:&quot;#000000&quot;}'><span class=\"theme-button-inner\">Teaching team<\/span><\/a><\/div> <div class=\"vc_empty_space\"   style=\"height: 10px\"><span class=\"vc_empty_space_inner\"><\/span><\/div><div class=\"theme-button-expanded-wrap theme-button-wrap wpex-clr\"><a href=\"https:\/\/ff.unze.ba\/wp-content\/uploads\/2024\/02\/konsultacije-TJK.pdf\" class=\"vcex-button theme-button large expanded  wpb_animate_when_almost_visible wpb_flipInY flipInY expanded\" style=\"background:#0c1b46;\" data-wpex-hover='{&quot;background&quot;:&quot;#000000&quot;}'><span class=\"theme-button-inner\">Consultation dates<\/span><\/a><\/div> <\/div><\/div><\/div><div class=\"wpb_column vc_column_container vc_col-sm-3 wpex-vc_col-has-fill\"><div class=\"vc_column-inner vc_custom_1710231892794\"><div class=\"wpb_wrapper\"><div class=\"vc_empty_space\"   style=\"height: 25px\"><span class=\"vc_empty_space_inner\"><\/span><\/div>\n\t<div style=\"color:#002244;\" class=\"wpb_text_column has-custom-color wpex-child-inherit-color wpb_content_element\" >\n\t\t<div class=\"wpb_wrapper\">\n\t\t\t<p style=\"text-align: center;\"><strong><span style=\"font-size: 24px;\">Schedule<\/span><\/strong><\/p>\n\n\t\t<\/div>\n\t<\/div>\n<div class=\"vc_empty_space\"   style=\"height: 10px\"><span class=\"vc_empty_space_inner\"><\/span><\/div><div class=\"theme-button-expanded-wrap theme-button-wrap wpex-clr\"><a href=\"#\" class=\"vcex-button theme-button large expanded  wpb_animate_when_almost_visible wpb_flipInY flipInY expanded\" style=\"background:#0c1b46;\" data-wpex-hover='{&quot;background&quot;:&quot;#000000&quot;}'><span class=\"theme-button-inner\">Timetabling<\/span><\/a><\/div> <div class=\"vc_empty_space\"   style=\"height: 10px\"><span class=\"vc_empty_space_inner\"><\/span><\/div><div class=\"theme-button-expanded-wrap theme-button-wrap wpex-clr\"><a href=\"https:\/\/ff.unze.ba\/wp-content\/uploads\/2024\/03\/SPTJK-Termini-ispita-2.-ciklus-Filozofski-fakultet-Univerziteta-u-Zenici.pdf\" class=\"vcex-button theme-button large expanded  wpb_animate_when_almost_visible wpb_flipInY flipInY expanded\" style=\"background:#0c1b46;\" data-wpex-hover='{&quot;background&quot;:&quot;#000000&quot;}'><span class=\"theme-button-inner\">Exam schedule<\/span><\/a><\/div> <\/div><\/div><\/div><\/div><\/div><div class=\"vc_row-full-width vc_clearfix\"><\/div><div data-vc-full-width=\"true\" data-vc-full-width-init=\"false\" class=\"vc_row wpb_row vc_row-fluid vc_custom_1707819373922 wpex-vc_row-has-fill wpex-vc-row-stretched\"><div class=\"wpb_column vc_column_container vc_col-sm-12\"><div class=\"vc_column-inner\"><div class=\"wpb_wrapper\"><div class=\"vc_empty_space\"   style=\"height: 50px\"><span class=\"vc_empty_space_inner\"><\/span><\/div>\n\t<div style=\"color:#002244;\" class=\"wpb_text_column has-custom-color wpex-child-inherit-color wpb_content_element\" >\n\t\t<div class=\"wpb_wrapper\">\n\t\t\t<p><strong><span style=\"font-size: 24px;\">Bulletin board<\/span><\/strong><\/p>\n\n\t\t<\/div>\n\t<\/div>\n<div class=\"vc_empty_space\"   style=\"height: 50px\"><span class=\"vc_empty_space_inner\"><\/span><\/div><div class=\"vcex-module vcex-blog-grid-wrap wpex-clr\"><div class=\"wpex-row vcex-blog-grid wpex-clr entries\"><div class=\"vcex-blog-entry vcex-grid-item entry-has-details span_1_of_4 col-1 col post-27224 entry type-post has-media cat-50 cat-112 cat-47\"><div class=\"vcex-blog-entry-inner entry-inner wpex-first-mt-0 wpex-last-mb-0 wpex-clr\"><div class=\"vcex-blog-entry-media entry-media\"><a href=\"https:\/\/ff.unze.ba\/en\/sedmica-turcizama\/\" title=\"Sedmica turcizama\"><img decoding=\"async\" width=\"768\" height=\"1365\" src=\"https:\/\/ff.unze.ba\/wp-content\/uploads\/2026\/04\/46848-Medium.png\" class=\"vcex-blog-entry-img wpex-align-middle\" alt=\"\" loading=\"lazy\" srcset=\"https:\/\/ff.unze.ba\/wp-content\/uploads\/2026\/04\/46848-Medium.png 768w, https:\/\/ff.unze.ba\/wp-content\/uploads\/2026\/04\/46848-Medium-169x300.png 169w, https:\/\/ff.unze.ba\/wp-content\/uploads\/2026\/04\/46848-Medium-576x1024.png 576w, https:\/\/ff.unze.ba\/wp-content\/uploads\/2026\/04\/46848-Medium-7x12.png 7w, https:\/\/ff.unze.ba\/wp-content\/uploads\/2026\/04\/46848-Medium-200x355.png 200w\" sizes=\"auto, (max-width: 768px) 100vw, 768px\" \/><\/a><\/div><div class=\"vcex-blog-entry-details entry-details wpex-bordered wpex-first-mt-0 wpex-last-mb-0 wpex-clr\"><h2 class=\"vcex-blog-entry-title entry-title wpex-mb-5\"><a href=\"https:\/\/ff.unze.ba\/en\/sedmica-turcizama\/\">Sedmica turcizama<\/a><\/h2><div class=\"vcex-blog-entry-date entry-date wpex-text-sm wpex-text-gray-600 wpex-mb-5\">28. April 2026.<\/div><div class=\"vcex-blog-entry-excerpt entry-excerpt wpex-my-15 wpex-last-mb-0 wpex-clr\"><p>U okviru Drugog studentskog festivala kulture \u201cSTUFEK 2026\u201d studijski program Turski jezik i knji\u017eevnost Filozofskog&hellip;<\/p><\/div><div class=\"vcex-blog-entry-readmore-wrap entry-readmore-wrap wpex-my-15 wpex-clr\"><a href=\"https:\/\/ff.unze.ba\/en\/sedmica-turcizama\/\" class=\"theme-button\">read more<\/a><\/div><\/div><\/div><\/div><div class=\"vcex-blog-entry vcex-grid-item entry-has-details span_1_of_4 col-2 col post-27126 entry type-post has-media cat-50 cat-112 cat-47\"><div class=\"vcex-blog-entry-inner entry-inner wpex-first-mt-0 wpex-last-mb-0 wpex-clr\"><div class=\"vcex-blog-entry-media entry-media\"><a href=\"https:\/\/ff.unze.ba\/en\/jezik-kao-most-bosna-i-hercegovina-i-turska-u-prevodilackom-dijalogu-predavanje-profesorice-kerime-filan\/\" title=\"\u201cJezik kao most: Bosna i Hercegovina i Turska u prevodila\u010dkom dijalogu\u201d &#8211; predavanje profesorice Kerime Filan\"><img decoding=\"async\" width=\"1620\" height=\"1080\" src=\"https:\/\/ff.unze.ba\/wp-content\/uploads\/2026\/04\/46644.jpg\" class=\"vcex-blog-entry-img wpex-align-middle\" alt=\"\" loading=\"lazy\" srcset=\"https:\/\/ff.unze.ba\/wp-content\/uploads\/2026\/04\/46644.jpg 1620w, https:\/\/ff.unze.ba\/wp-content\/uploads\/2026\/04\/46644-300x200.jpg 300w, https:\/\/ff.unze.ba\/wp-content\/uploads\/2026\/04\/46644-1024x683.jpg 1024w, https:\/\/ff.unze.ba\/wp-content\/uploads\/2026\/04\/46644-768x512.jpg 768w, https:\/\/ff.unze.ba\/wp-content\/uploads\/2026\/04\/46644-1536x1024.jpg 1536w, https:\/\/ff.unze.ba\/wp-content\/uploads\/2026\/04\/46644-18x12.jpg 18w, https:\/\/ff.unze.ba\/wp-content\/uploads\/2026\/04\/46644-200x133.jpg 200w\" sizes=\"auto, (max-width: 1620px) 100vw, 1620px\" \/><\/a><\/div><div class=\"vcex-blog-entry-details entry-details wpex-bordered wpex-first-mt-0 wpex-last-mb-0 wpex-clr\"><h2 class=\"vcex-blog-entry-title entry-title wpex-mb-5\"><a href=\"https:\/\/ff.unze.ba\/en\/jezik-kao-most-bosna-i-hercegovina-i-turska-u-prevodilackom-dijalogu-predavanje-profesorice-kerime-filan\/\">\u201cJezik kao most: Bosna i Hercegovina i Turska u prevodila\u010dkom dijalogu\u201d &#8211; predavanje profesorice Kerime Filan<\/a><\/h2><div class=\"vcex-blog-entry-date entry-date wpex-text-sm wpex-text-gray-600 wpex-mb-5\">23. April 2026.<\/div><div class=\"vcex-blog-entry-excerpt entry-excerpt wpex-my-15 wpex-last-mb-0 wpex-clr\"><p>U \u010detvrtak, 23. aprila 2026. godine, u okviru 29. me\u0111unarodne kulturne manifestacije \u201cZeni\u010dko prolje\u0107e\u201di Drugog&hellip;<\/p><\/div><div class=\"vcex-blog-entry-readmore-wrap entry-readmore-wrap wpex-my-15 wpex-clr\"><a href=\"https:\/\/ff.unze.ba\/en\/jezik-kao-most-bosna-i-hercegovina-i-turska-u-prevodilackom-dijalogu-predavanje-profesorice-kerime-filan\/\" class=\"theme-button\">read more<\/a><\/div><\/div><\/div><\/div><div class=\"vcex-blog-entry vcex-grid-item entry-has-details span_1_of_4 col-3 col post-27055 entry type-post has-media cat-50 cat-47\"><div class=\"vcex-blog-entry-inner entry-inner wpex-first-mt-0 wpex-last-mb-0 wpex-clr\"><div class=\"vcex-blog-entry-media entry-media\"><a href=\"https:\/\/ff.unze.ba\/en\/odbrana-magistarskog-rada-munira-djananovic\/\" title=\"ODBRANA MAGISTARSKOG RADA \u2013 MUNIRA \u0110ANANOVI\u0106\"><img decoding=\"async\" width=\"1280\" height=\"720\" src=\"https:\/\/ff.unze.ba\/wp-content\/uploads\/2023\/12\/ff-placeholder-1.png\" class=\"vcex-blog-entry-img wpex-align-middle\" alt=\"\" loading=\"lazy\" srcset=\"https:\/\/ff.unze.ba\/wp-content\/uploads\/2023\/12\/ff-placeholder-1.png 1280w, https:\/\/ff.unze.ba\/wp-content\/uploads\/2023\/12\/ff-placeholder-1-300x169.png 300w, https:\/\/ff.unze.ba\/wp-content\/uploads\/2023\/12\/ff-placeholder-1-1024x576.png 1024w, https:\/\/ff.unze.ba\/wp-content\/uploads\/2023\/12\/ff-placeholder-1-768x432.png 768w, https:\/\/ff.unze.ba\/wp-content\/uploads\/2023\/12\/ff-placeholder-1-1120x630.png 1120w\" sizes=\"auto, (max-width: 1280px) 100vw, 1280px\" \/><\/a><\/div><div class=\"vcex-blog-entry-details entry-details wpex-bordered wpex-first-mt-0 wpex-last-mb-0 wpex-clr\"><h2 class=\"vcex-blog-entry-title entry-title wpex-mb-5\"><a href=\"https:\/\/ff.unze.ba\/en\/odbrana-magistarskog-rada-munira-djananovic\/\">ODBRANA MAGISTARSKOG RADA \u2013 MUNIRA \u0110ANANOVI\u0106<\/a><\/h2><div class=\"vcex-blog-entry-date entry-date wpex-text-sm wpex-text-gray-600 wpex-mb-5\">16. April 2026.<\/div><div class=\"vcex-blog-entry-excerpt entry-excerpt wpex-my-15 wpex-last-mb-0 wpex-clr\"><p>Kandidatkinja Munira \u0110ananovi\u0107, profesorica turskog jezika i knji\u017eevnosti, javno \u0107e braniti magistarski rad pod naslovom\u00a0Gramati\u010dke&hellip;<\/p><\/div><div class=\"vcex-blog-entry-readmore-wrap entry-readmore-wrap wpex-my-15 wpex-clr\"><a href=\"https:\/\/ff.unze.ba\/en\/odbrana-magistarskog-rada-munira-djananovic\/\" class=\"theme-button\">read more<\/a><\/div><\/div><\/div><\/div><div class=\"vcex-blog-entry vcex-grid-item entry-has-details span_1_of_4 col-4 col post-27052 entry type-post has-media cat-50 cat-47\"><div class=\"vcex-blog-entry-inner entry-inner wpex-first-mt-0 wpex-last-mb-0 wpex-clr\"><div class=\"vcex-blog-entry-media entry-media\"><a href=\"https:\/\/ff.unze.ba\/en\/odbrana-magistarskog-rada-irma-hasanica\/\" title=\"ODBRANA MAGISTARSKOG RADA \u2013 IRMA HASANICA\"><img decoding=\"async\" width=\"1280\" height=\"720\" src=\"https:\/\/ff.unze.ba\/wp-content\/uploads\/2023\/12\/ff-placeholder-1.png\" class=\"vcex-blog-entry-img wpex-align-middle\" alt=\"\" loading=\"lazy\" srcset=\"https:\/\/ff.unze.ba\/wp-content\/uploads\/2023\/12\/ff-placeholder-1.png 1280w, https:\/\/ff.unze.ba\/wp-content\/uploads\/2023\/12\/ff-placeholder-1-300x169.png 300w, https:\/\/ff.unze.ba\/wp-content\/uploads\/2023\/12\/ff-placeholder-1-1024x576.png 1024w, https:\/\/ff.unze.ba\/wp-content\/uploads\/2023\/12\/ff-placeholder-1-768x432.png 768w\" sizes=\"auto, (max-width: 1280px) 100vw, 1280px\" \/><\/a><\/div><div class=\"vcex-blog-entry-details entry-details wpex-bordered wpex-first-mt-0 wpex-last-mb-0 wpex-clr\"><h2 class=\"vcex-blog-entry-title entry-title wpex-mb-5\"><a href=\"https:\/\/ff.unze.ba\/en\/odbrana-magistarskog-rada-irma-hasanica\/\">ODBRANA MAGISTARSKOG RADA \u2013 IRMA HASANICA<\/a><\/h2><div class=\"vcex-blog-entry-date entry-date wpex-text-sm wpex-text-gray-600 wpex-mb-5\">16. April 2026.<\/div><div class=\"vcex-blog-entry-excerpt entry-excerpt wpex-my-15 wpex-last-mb-0 wpex-clr\"><p>kandidatkinja Irma Hasanica, profesorica turskog jezika i knji\u017eevnosti, javno \u0107e braniti magistarski rad pod naslovom&hellip;<\/p><\/div><div class=\"vcex-blog-entry-readmore-wrap entry-readmore-wrap wpex-my-15 wpex-clr\"><a href=\"https:\/\/ff.unze.ba\/en\/odbrana-magistarskog-rada-irma-hasanica\/\" class=\"theme-button\">read more<\/a><\/div><\/div><\/div><\/div><\/div><div class=\"wpex-pagination wpex-clear wpex-mt-30 wpex-clr\"><ul class='page-numbers'>\n\t<li><span aria-current=\"page\" class=\"page-numbers current\"><span class=\"screen-reader-text\">Page <\/span>1<\/span><\/li>\n\t<li><a class=\"page-numbers\" href=\"https:\/\/ff.unze.ba\/en\/wp-json\/wp\/v2\/pages\/21638\/page\/2\/\"><span class=\"screen-reader-text\">Page <\/span>2<\/a><\/li>\n\t<li><a class=\"page-numbers\" href=\"https:\/\/ff.unze.ba\/en\/wp-json\/wp\/v2\/pages\/21638\/page\/3\/\"><span class=\"screen-reader-text\">Page <\/span>3<\/a><\/li>\n\t<li><a class=\"page-numbers\" href=\"https:\/\/ff.unze.ba\/en\/wp-json\/wp\/v2\/pages\/21638\/page\/4\/\"><span class=\"screen-reader-text\">Page <\/span>4<\/a><\/li>\n\t<li><span class=\"page-numbers dots\">\u2026<\/span><\/li>\n\t<li><a class=\"page-numbers\" href=\"https:\/\/ff.unze.ba\/en\/wp-json\/wp\/v2\/pages\/21638\/page\/54\/\"><span class=\"screen-reader-text\">Page <\/span>54<\/a><\/li>\n\t<li><a class=\"next page-numbers\" href=\"https:\/\/ff.unze.ba\/en\/wp-json\/wp\/v2\/pages\/21638\/page\/2\/\"><span class=\"ticon ticon-angle-right\" aria-hidden=\"true\"><\/span><span class=\"screen-reader-text\">Next<\/span><\/a><\/li>\n<\/ul>\n<\/div><\/div><div class=\"theme-button-expanded-wrap theme-button-wrap wpex-clr\"><a href=\"https:\/\/ff.unze.ba\/wp-content\/uploads\/2021\/03\/Opce-informacije-II-ciklus.pdf\" class=\"vcex-button theme-button large expanded  wpb_animate_when_almost_visible wpb_flipInY flipInY expanded\" style=\"background:#0c1b46;\" data-wpex-hover='{&quot;background&quot;:&quot;#000000&quot;}'><span class=\"theme-button-inner\">General information<\/span><\/a><\/div> <\/div><\/div><\/div><\/div><div class=\"vc_row-full-width vc_clearfix\"><\/div>","protected":false},"excerpt":{"rendered":"kandidatkinja Irma Hasanica, profesorica turskog jezika i knji\u017eevnosti, javno \u0107e&hellip;","protected":false},"author":13,"featured_media":0,"parent":0,"menu_order":0,"comment_status":"closed","ping_status":"closed","template":"","meta":{"footnotes":""},"class_list":["post-21638","page","type-page","status-publish","hentry","entry","has-media"],"rttpg_featured_image_url":null,"rttpg_author":{"display_name":"Edina Kadri\u0107 Durmi\u0161","author_link":"https:\/\/ff.unze.ba\/en\/author\/edina\/"},"rttpg_comment":0,"rttpg_category":"","rttpg_excerpt":null,"_links":{"self":[{"href":"https:\/\/ff.unze.ba\/en\/wp-json\/wp\/v2\/pages\/21638","targetHints":{"allow":["GET"]}}],"collection":[{"href":"https:\/\/ff.unze.ba\/en\/wp-json\/wp\/v2\/pages"}],"about":[{"href":"https:\/\/ff.unze.ba\/en\/wp-json\/wp\/v2\/types\/page"}],"author":[{"embeddable":true,"href":"https:\/\/ff.unze.ba\/en\/wp-json\/wp\/v2\/users\/13"}],"replies":[{"embeddable":true,"href":"https:\/\/ff.unze.ba\/en\/wp-json\/wp\/v2\/comments?post=21638"}],"version-history":[{"count":7,"href":"https:\/\/ff.unze.ba\/en\/wp-json\/wp\/v2\/pages\/21638\/revisions"}],"predecessor-version":[{"id":23635,"href":"https:\/\/ff.unze.ba\/en\/wp-json\/wp\/v2\/pages\/21638\/revisions\/23635"}],"wp:attachment":[{"href":"https:\/\/ff.unze.ba\/en\/wp-json\/wp\/v2\/media?parent=21638"}],"curies":[{"name":"wp","href":"https:\/\/api.w.org\/{rel}","templated":true}]}}