{"id":21610,"date":"2024-03-15T13:35:29","date_gmt":"2024-03-15T12:35:29","guid":{"rendered":"https:\/\/ff.unze.ba\/?page_id=21610"},"modified":"2025-02-10T13:03:58","modified_gmt":"2025-02-10T12:03:58","slug":"studijski-program-bosanski-hrvatski-srpski-jezik-i-knjizevnost-2-ciklus","status":"publish","type":"page","link":"https:\/\/ff.unze.ba\/en\/study-program-bosnian-croatian-serbian-language-and-literature-2-cycle\/","title":{"rendered":"Study program Bosnian, Croatian, Serbian language and literature 2nd cycle"},"content":{"rendered":"<div data-vc-full-width=\"true\" data-vc-full-width-init=\"false\" data-vc-stretch-content=\"true\" class=\"vc_row wpb_row vc_row-fluid vc_custom_1710626113852 vc_row-no-padding wpex-vc_row-has-fill wpex-vc-row-stretched\"><div class=\"wpb_column vc_column_container vc_col-sm-12\"><div class=\"vc_column-inner vc_custom_1708593272491\"><div class=\"wpb_wrapper\">\n\t<div class=\"wpb_text_column wpb_content_element  vc_custom_1710505978021\" >\n\t\t<div class=\"wpb_wrapper\">\n\t\t\t<h2 style=\"text-align: center;\"><span style=\"color: #ffffff;\"><span style=\"font-size: 18px;\"><span style=\"font-size: 36px;\"><br \/>\n<strong>Bosnian, Croatian, Serbian language and literature<br \/>\n<\/strong><\/span><\/span><\/span><\/h2>\n<p style=\"text-align: center;\"><span style=\"color: #ffffff;\"><span style=\"font-size: 18px;\">Study program level:<strong> II cycle \/ graduate study<br \/>\n<\/strong><\/span><span style=\"font-size: 18px;\">Head of study program:<strong> Assoc. Ph.D. Ikbal Smajlovi\u0107<br \/>\n<\/strong><\/span><span style=\"font-size: 18px;\">Academic\/scientific\/professional title upon completion of studies: <strong>Master&#039;s degree in Bosnian\/Croatian\/Serbian language and literature<br \/>\n<\/strong><\/span><\/span><\/p>\n<p><span style=\"color: #ffffff;\">\u00a0 \u00a0 \u00a0 \u00a0 \u00a0 \u00a0 \u00a0 \u00a0 \u00a0<\/span><\/p>\n\n\t\t<\/div>\n\t<\/div>\n<\/div><\/div><\/div><\/div><div class=\"vc_row-full-width vc_clearfix\"><\/div><div data-vc-full-width=\"true\" data-vc-full-width-init=\"false\" class=\"vc_section wpex-vc-row-stretched\"><div class=\"vc_row wpb_row vc_row-fluid\"><div class=\"wpb_column vc_column_container vc_col-sm-3\"><div class=\"vc_column-inner\"><div class=\"wpb_wrapper\"><div class=\"vc_empty_space\"   style=\"height: 25px\"><span class=\"vc_empty_space_inner\"><\/span><\/div>\n\t<div style=\"color:#002244;\" class=\"wpb_text_column has-custom-color wpex-child-inherit-color wpb_content_element\" >\n\t\t<div class=\"wpb_wrapper\">\n\t\t\t<p style=\"text-align: center;\"><strong><span style=\"font-size: 24px;\">Curriculum<\/span><\/strong><\/p>\n\n\t\t<\/div>\n\t<\/div>\n<div class=\"vc_empty_space\"   style=\"height: 10px\"><span class=\"vc_empty_space_inner\"><\/span><\/div><div class=\"theme-button-expanded-wrap theme-button-wrap wpex-clr\"><a href=\"https:\/\/ff.unze.ba\/wp-content\/uploads\/2023\/11\/BHSJK-II-ciklus-predmetno-planska-struktura-23-24.pdf\" class=\"vcex-button theme-button large expanded  wpb_animate_when_almost_visible wpb_flipInY flipInY expanded\" style=\"background:#0c1b46;\" data-wpex-hover='{&quot;background&quot;:&quot;#000000&quot;}'><span class=\"theme-button-inner\">2023\/2024<\/span><\/a><\/div> <div class=\"vc_empty_space\"   style=\"height: 10px\"><span class=\"vc_empty_space_inner\"><\/span><\/div><div class=\"theme-button-expanded-wrap theme-button-wrap wpex-clr\"><a href=\"https:\/\/ff.unze.ba\/wp-content\/uploads\/2023\/11\/BHSJK-II-ciklus-predmetno-planska-struktura19-20.pdf\" class=\"vcex-button theme-button large expanded  wpb_animate_when_almost_visible wpb_flipInY flipInY expanded\" style=\"background:#0c1b46;\" data-wpex-hover='{&quot;background&quot;:&quot;#000000&quot;}'><span class=\"theme-button-inner\">2019\/2020<\/span><\/a><\/div> <\/div><\/div><\/div><div class=\"wpb_column vc_column_container vc_col-sm-3\"><div class=\"vc_column-inner\"><div class=\"wpb_wrapper\"><div class=\"vc_empty_space\"   style=\"height: 25px\"><span class=\"vc_empty_space_inner\"><\/span><\/div>\n\t<div style=\"color:#002244;\" class=\"wpb_text_column has-custom-color wpex-child-inherit-color wpb_content_element\" >\n\t\t<div class=\"wpb_wrapper\">\n\t\t\t<p style=\"text-align: center;\"><strong><span style=\"font-size: 24px;\">Curriculum<\/span><\/strong><\/p>\n\n\t\t<\/div>\n\t<\/div>\n<div class=\"vc_empty_space\"   style=\"height: 10px\"><span class=\"vc_empty_space_inner\"><\/span><\/div><div class=\"theme-button-expanded-wrap theme-button-wrap wpex-clr\"><a href=\"https:\/\/ff.unze.ba\/wp-content\/uploads\/2023\/11\/BHSJK-II-ciklus-programska-struktura-23-24.pdf\" class=\"vcex-button theme-button large expanded  wpb_animate_when_almost_visible wpb_flipInY flipInY expanded\" style=\"background:#0c1b46;\" data-wpex-hover='{&quot;background&quot;:&quot;#000000&quot;}'><span class=\"theme-button-inner\">2023\/2024<\/span><\/a><\/div> <div class=\"vc_empty_space\"   style=\"height: 10px\"><span class=\"vc_empty_space_inner\"><\/span><\/div><div class=\"theme-button-expanded-wrap theme-button-wrap wpex-clr\"><a href=\"https:\/\/ff.unze.ba\/wp-content\/uploads\/2023\/11\/BHSJK-II-ciklus-programska-struktura-19-20.pdf\" class=\"vcex-button theme-button large expanded  wpb_animate_when_almost_visible wpb_flipInY flipInY expanded\" style=\"background:#0c1b46;\" data-wpex-hover='{&quot;background&quot;:&quot;#000000&quot;}'><span class=\"theme-button-inner\">2019\/2020<\/span><\/a><\/div> <\/div><\/div><\/div><div class=\"wpb_column vc_column_container vc_col-sm-3\"><div class=\"vc_column-inner\"><div class=\"wpb_wrapper\"><div class=\"vc_empty_space\"   style=\"height: 25px\"><span class=\"vc_empty_space_inner\"><\/span><\/div>\n\t<div style=\"color:#002244;\" class=\"wpb_text_column has-custom-color wpex-child-inherit-color wpb_content_element\" >\n\t\t<div class=\"wpb_wrapper\">\n\t\t\t<p style=\"text-align: center;\"><strong><span style=\"font-size: 24px;\">Teaching staff<\/span><\/strong><\/p>\n\n\t\t<\/div>\n\t<\/div>\n<div class=\"vc_empty_space\"   style=\"height: 10px\"><span class=\"vc_empty_space_inner\"><\/span><\/div><div class=\"theme-button-expanded-wrap theme-button-wrap wpex-clr\"><a href=\"#\" class=\"vcex-button theme-button large expanded  wpb_animate_when_almost_visible wpb_flipInY flipInY expanded\" style=\"background:#0c1b46;\" data-wpex-hover='{&quot;background&quot;:&quot;#000000&quot;}'><span class=\"theme-button-inner\">Teaching team<\/span><\/a><\/div> <div class=\"vc_empty_space\"   style=\"height: 10px\"><span class=\"vc_empty_space_inner\"><\/span><\/div><div class=\"theme-button-expanded-wrap theme-button-wrap wpex-clr\"><a href=\"https:\/\/ff.unze.ba\/wp-content\/uploads\/2024\/03\/SP-BHS-JK-Konsultacije.pdf\" class=\"vcex-button theme-button large expanded  wpb_animate_when_almost_visible wpb_flipInY flipInY expanded\" style=\"background:#0c1b46;\" data-wpex-hover='{&quot;background&quot;:&quot;#000000&quot;}'><span class=\"theme-button-inner\">Consultation dates<\/span><\/a><\/div> <\/div><\/div><\/div><div class=\"wpb_column vc_column_container vc_col-sm-3 wpex-vc_col-has-fill\"><div class=\"vc_column-inner vc_custom_1710231892794\"><div class=\"wpb_wrapper\"><div class=\"vc_empty_space\"   style=\"height: 25px\"><span class=\"vc_empty_space_inner\"><\/span><\/div>\n\t<div style=\"color:#002244;\" class=\"wpb_text_column has-custom-color wpex-child-inherit-color wpb_content_element\" >\n\t\t<div class=\"wpb_wrapper\">\n\t\t\t<p style=\"text-align: center;\"><strong><span style=\"font-size: 24px;\">Students<\/span><\/strong><\/p>\n\n\t\t<\/div>\n\t<\/div>\n<div class=\"vc_empty_space\"   style=\"height: 10px\"><span class=\"vc_empty_space_inner\"><\/span><\/div><div class=\"theme-button-expanded-wrap theme-button-wrap wpex-clr\"><a href=\"#\" class=\"vcex-button theme-button large expanded  wpb_animate_when_almost_visible wpb_flipInY flipInY expanded\" style=\"background:#0c1b46;\" data-wpex-hover='{&quot;background&quot;:&quot;#000000&quot;}'><span class=\"theme-button-inner\">Timetabling<\/span><\/a><\/div> <div class=\"vc_empty_space\"   style=\"height: 10px\"><span class=\"vc_empty_space_inner\"><\/span><\/div><div class=\"theme-button-expanded-wrap theme-button-wrap wpex-clr\"><a href=\"#\" class=\"vcex-button theme-button large expanded  wpb_animate_when_almost_visible wpb_flipInY flipInY expanded\" style=\"background:#0c1b46;\" data-wpex-hover='{&quot;background&quot;:&quot;#000000&quot;}'><span class=\"theme-button-inner\">Exam schedule<\/span><\/a><\/div> <\/div><\/div><\/div><\/div><\/div><div class=\"vc_row-full-width vc_clearfix\"><\/div><div data-vc-full-width=\"true\" data-vc-full-width-init=\"false\" data-vc-stretch-content=\"true\" class=\"vc_row wpb_row vc_row-fluid wpex-vc-row-stretched\"><div class=\"wpb_column vc_column_container vc_col-sm-12\"><div class=\"vc_column-inner\"><div class=\"wpb_wrapper\"><div class=\"vcex-module vcex-divider vcex-divider-solid wpex-max-w-100 wpex-mx-auto wpex-block wpex-h-0 wpex-border-b wpex-border-solid wpex-border-gray-200\"><\/div><\/div><\/div><\/div><\/div><div class=\"vc_row-full-width vc_clearfix\"><\/div><div data-vc-full-width=\"true\" data-vc-full-width-init=\"false\" class=\"vc_row wpb_row vc_row-fluid vc_custom_1739188268733 vc_row-o-content-middle vc_row-flex wpex-vc_row-has-fill wpex-vc-row-stretched no-bottom-margins\"><div class=\"wpb_column vc_column_container vc_col-sm-6\"><div class=\"vc_column-inner\"><div class=\"wpb_wrapper\"><div class=\"vcex-heading vcex-module wpex-text-2xl wpex-font-normal wpex-m-auto wpex-max-w-100 vcex-heading-plain wpex-block\" style=\"color:#ffffff;font-size:11px;font-weight:600;text-transform:uppercase;\"><span class=\"vcex-heading-inner wpex-inline-block wpex-clr vc_custom_1717420040909\" style=\"background-color:#0c1b46;\">THE RIGHT CHOICE<\/span><\/div><div class=\"vcex-spacing wpex-w-100 wpex-clear\" style=\"height:10px;\"><\/div><style>.vcex_69eb2c1dc6d89{font-size:35px!important;}@media (max-width:767px){.vcex_69eb2c1dc6d89{font-size:30px!important;}}<\/style><h2 class=\"vcex-heading vcex-module wpex-text-2xl wpex-font-normal wpex-m-auto wpex-max-w-100 vcex-heading-plain wpex-block vcex_69eb2c1dc6d89\" data-wpex-hover=\"{&quot;color&quot;:&quot;#0c1b46&quot;}\" style=\"color:#000000;font-weight:700;\"><span class=\"vcex-heading-inner wpex-inline-block wpex-clr\">Study Bosnian, Croatian, Serbian language and literature!<\/span><\/h2><div class=\"vcex-module vcex-divider-dots wpex-mr-auto wpex-ml-auto wpex-last-mr-0 textleft\" style=\"padding-top:15px;padding-bottom:15px;\"><span class=\"wpex-inline-block wpex-round wpex-bg-accent wpex-mr-10\" style=\"background:#0c1b46;\"><\/span><span class=\"wpex-inline-block wpex-round wpex-bg-accent wpex-mr-10\" style=\"background:#0c1b46;\"><\/span><span class=\"wpex-inline-block wpex-round wpex-bg-accent wpex-mr-10\" style=\"background:#0c1b46;\"><\/span><\/div>\n\t<div style=\"color:rgba(0,0,0,0.5);\" class=\"wpb_text_column has-custom-color wpex-child-inherit-color wpb_content_element\" >\n\t\t<div class=\"wpb_wrapper\">\n\t\t\t<p>The study of Bosnian, Croatian, Serbian language and literature nurtures linguistic and literary heritage, developing critical thinking and creative expression through the study of language, literature and culture.<\/p>\n\n\t\t<\/div>\n\t<\/div>\n<div class=\"vcex-spacing wpex-w-100 wpex-clear\" style=\"height:30px;\"><\/div><div class=\"vcex-multi-buttons wpex-flex wpex-flex-wrap wpex-items-center wpex-gap-10 wpex-justify-start\" style=\"font-size:.92em;letter-spacing:1px;font-weight:700;border-radius:0;gap:20px;\"><a href=\"https:\/\/ff.unze.ba\/wp-content\/uploads\/2024\/03\/SP-BHS-JK-Opce-informacije.pdf\" class=\"theme-button flat vcex-count-1\" style=\"padding-top:12px;padding-right:30px;padding-bottom:12px;padding-left:30px;border-width:2px; background:#0c1b46;\" data-wpex-hover=\"{&quot;background&quot;:&quot;#05138c&quot;}\">GENERAL INFORMATION<\/a><\/div><\/div><\/div><\/div><div class=\"wpb_column vc_column_container vc_col-sm-6\"><div class=\"vc_column-inner\"><div class=\"wpb_wrapper\">\n\t<div  class=\"wpb_single_image wpb_content_element vc_align_\">\n\t\t\n\t\t<figure class=\"wpb_wrapper vc_figure\">\n\t\t\t<div class=\"vc_single_image-wrapper   vc_box_border_grey\"><img loading=\"lazy\" decoding=\"async\" width=\"980\" height=\"477\" src=\"https:\/\/ff.unze.ba\/wp-content\/uploads\/2019\/04\/20190404_120839-1-1024x498.jpg\" class=\"vc_single_image-img attachment-large\" alt=\"\" srcset=\"https:\/\/ff.unze.ba\/wp-content\/uploads\/2019\/04\/20190404_120839-1-1024x498.jpg 1024w, https:\/\/ff.unze.ba\/wp-content\/uploads\/2019\/04\/20190404_120839-1-300x146.jpg 300w, https:\/\/ff.unze.ba\/wp-content\/uploads\/2019\/04\/20190404_120839-1-768x373.jpg 768w\" sizes=\"auto, (max-width: 980px) 100vw, 980px\" \/><\/div>\n\t\t<\/figure>\n\t<\/div>\n<\/div><\/div><\/div><\/div><div class=\"vc_row-full-width vc_clearfix\"><\/div><div data-vc-full-width=\"true\" data-vc-full-width-init=\"false\" class=\"vc_row wpb_row vc_row-fluid vc_custom_1707819373922 wpex-vc_row-has-fill wpex-vc-row-stretched\"><div class=\"wpb_column vc_column_container vc_col-sm-12\"><div class=\"vc_column-inner\"><div class=\"wpb_wrapper\"><div class=\"vc_empty_space\"   style=\"height: 50px\"><span class=\"vc_empty_space_inner\"><\/span><\/div>\n\t<div style=\"color:#002244;\" class=\"wpb_text_column has-custom-color wpex-child-inherit-color wpb_content_element\" >\n\t\t<div class=\"wpb_wrapper\">\n\t\t\t<p><strong><span style=\"font-size: 24px;\">Bulletin board<\/span><\/strong><\/p>\n\n\t\t<\/div>\n\t<\/div>\n<div class=\"vc_empty_space\"   style=\"height: 50px\"><span class=\"vc_empty_space_inner\"><\/span><\/div><div class=\"vcex-module vcex-blog-grid-wrap wpex-clr\"><div class=\"wpex-row vcex-blog-grid wpex-clr entries\"><div class=\"vcex-blog-entry vcex-grid-item entry-has-details span_1_of_4 col-1 col post-27077 entry type-post has-media cat-44 cat-50 cat-112\"><div class=\"vcex-blog-entry-inner entry-inner wpex-first-mt-0 wpex-last-mb-0 wpex-clr\"><div class=\"vcex-blog-entry-media entry-media\"><a href=\"https:\/\/ff.unze.ba\/en\/pozivnica-sta-da-citamo-dramsko-izdanje-%f0%9f%8e%ad%f0%9f%93%9a\/\" title=\"Pozivnica: \u0160ta (da) \u010ditamo? \u2013 Dramsko izdanje &#x1f3ad;&#x1f4da;\"><img decoding=\"async\" width=\"687\" height=\"1024\" src=\"https:\/\/ff.unze.ba\/wp-content\/uploads\/2026\/04\/Stufek.jpg\" class=\"vcex-blog-entry-img wpex-align-middle\" alt=\"\" loading=\"lazy\" srcset=\"https:\/\/ff.unze.ba\/wp-content\/uploads\/2026\/04\/Stufek.jpg 687w, https:\/\/ff.unze.ba\/wp-content\/uploads\/2026\/04\/Stufek-201x300.jpg 201w, https:\/\/ff.unze.ba\/wp-content\/uploads\/2026\/04\/Stufek-8x12.jpg 8w, https:\/\/ff.unze.ba\/wp-content\/uploads\/2026\/04\/Stufek-200x298.jpg 200w\" sizes=\"auto, (max-width: 687px) 100vw, 687px\" \/><\/a><\/div><div class=\"vcex-blog-entry-details entry-details wpex-bordered wpex-first-mt-0 wpex-last-mb-0 wpex-clr\"><h2 class=\"vcex-blog-entry-title entry-title wpex-mb-5\"><a href=\"https:\/\/ff.unze.ba\/en\/pozivnica-sta-da-citamo-dramsko-izdanje-%f0%9f%8e%ad%f0%9f%93%9a\/\">Pozivnica: \u0160ta (da) \u010ditamo? \u2013 Dramsko izdanje &#x1f3ad;&#x1f4da;<\/a><\/h2><div class=\"vcex-blog-entry-date entry-date wpex-text-sm wpex-text-gray-600 wpex-mb-5\">21. April 2026.<\/div><div class=\"vcex-blog-entry-excerpt entry-excerpt wpex-my-15 wpex-last-mb-0 wpex-clr\"><p>Drage kolegice i kolege, ljubitelji teatra i pisane rije\u010di, Nakon uspje\u0161nog prvog susreta, s velikim&hellip;<\/p><\/div><div class=\"vcex-blog-entry-readmore-wrap entry-readmore-wrap wpex-my-15 wpex-clr\"><a href=\"https:\/\/ff.unze.ba\/en\/pozivnica-sta-da-citamo-dramsko-izdanje-%f0%9f%8e%ad%f0%9f%93%9a\/\" class=\"theme-button\">read more<\/a><\/div><\/div><\/div><\/div><div class=\"vcex-blog-entry vcex-grid-item entry-has-details span_1_of_4 col-2 col post-26963 entry type-post has-media cat-44 cat-50 cat-112\"><div class=\"vcex-blog-entry-inner entry-inner wpex-first-mt-0 wpex-last-mb-0 wpex-clr\"><div class=\"vcex-blog-entry-media entry-media\"><a href=\"https:\/\/ff.unze.ba\/en\/poetsko-posijelo-ii-konkurs\/\" title=\"Poetsko posijelo II \u2013 KONKURS\"><img decoding=\"async\" width=\"1135\" height=\"1600\" src=\"https:\/\/ff.unze.ba\/wp-content\/uploads\/2026\/04\/IMG-610f11e889d0e0bb9227450a070f1c36-V.jpg\" class=\"vcex-blog-entry-img wpex-align-middle\" alt=\"\" loading=\"lazy\" srcset=\"https:\/\/ff.unze.ba\/wp-content\/uploads\/2026\/04\/IMG-610f11e889d0e0bb9227450a070f1c36-V.jpg 1135w, https:\/\/ff.unze.ba\/wp-content\/uploads\/2026\/04\/IMG-610f11e889d0e0bb9227450a070f1c36-V-213x300.jpg 213w, https:\/\/ff.unze.ba\/wp-content\/uploads\/2026\/04\/IMG-610f11e889d0e0bb9227450a070f1c36-V-726x1024.jpg 726w, https:\/\/ff.unze.ba\/wp-content\/uploads\/2026\/04\/IMG-610f11e889d0e0bb9227450a070f1c36-V-768x1083.jpg 768w, https:\/\/ff.unze.ba\/wp-content\/uploads\/2026\/04\/IMG-610f11e889d0e0bb9227450a070f1c36-V-1090x1536.jpg 1090w, https:\/\/ff.unze.ba\/wp-content\/uploads\/2026\/04\/IMG-610f11e889d0e0bb9227450a070f1c36-V-9x12.jpg 9w, https:\/\/ff.unze.ba\/wp-content\/uploads\/2026\/04\/IMG-610f11e889d0e0bb9227450a070f1c36-V-200x282.jpg 200w\" sizes=\"auto, (max-width: 1135px) 100vw, 1135px\" \/><\/a><\/div><div class=\"vcex-blog-entry-details entry-details wpex-bordered wpex-first-mt-0 wpex-last-mb-0 wpex-clr\"><h2 class=\"vcex-blog-entry-title entry-title wpex-mb-5\"><a href=\"https:\/\/ff.unze.ba\/en\/poetsko-posijelo-ii-konkurs\/\">Poetsko posijelo II \u2013 KONKURS<\/a><\/h2><div class=\"vcex-blog-entry-date entry-date wpex-text-sm wpex-text-gray-600 wpex-mb-5\">4. April 2026.<\/div><div class=\"vcex-blog-entry-readmore-wrap entry-readmore-wrap wpex-my-15 wpex-clr\"><a href=\"https:\/\/ff.unze.ba\/en\/poetsko-posijelo-ii-konkurs\/\" class=\"theme-button\">read more<\/a><\/div><\/div><\/div><\/div><div class=\"vcex-blog-entry vcex-grid-item entry-has-details span_1_of_4 col-3 col post-26931 entry type-post has-media cat-44 cat-50 cat-112\"><div class=\"vcex-blog-entry-inner entry-inner wpex-first-mt-0 wpex-last-mb-0 wpex-clr\"><div class=\"vcex-blog-entry-media entry-media\"><a href=\"https:\/\/ff.unze.ba\/en\/uspjesno-odrzani-citalacki-susreti-sta-da-citamo-u-okviru-manifestacije-stufek\/\" title=\"Uspje\u0161no odr\u017eani \u010ditala\u010dki susreti \u201e\u0160ta (da) \u010ditamo?\u201c u okviru manifestacije STUFEK\"><img decoding=\"async\" width=\"2016\" height=\"1512\" src=\"https:\/\/ff.unze.ba\/wp-content\/uploads\/2026\/03\/IMG_3006.jpeg\" class=\"vcex-blog-entry-img wpex-align-middle\" alt=\"\" loading=\"lazy\" srcset=\"https:\/\/ff.unze.ba\/wp-content\/uploads\/2026\/03\/IMG_3006.jpeg 2016w, https:\/\/ff.unze.ba\/wp-content\/uploads\/2026\/03\/IMG_3006-300x225.jpeg 300w, https:\/\/ff.unze.ba\/wp-content\/uploads\/2026\/03\/IMG_3006-1024x768.jpeg 1024w, https:\/\/ff.unze.ba\/wp-content\/uploads\/2026\/03\/IMG_3006-768x576.jpeg 768w, https:\/\/ff.unze.ba\/wp-content\/uploads\/2026\/03\/IMG_3006-1536x1152.jpeg 1536w, https:\/\/ff.unze.ba\/wp-content\/uploads\/2026\/03\/IMG_3006-16x12.jpeg 16w, https:\/\/ff.unze.ba\/wp-content\/uploads\/2026\/03\/IMG_3006-200x150.jpeg 200w\" sizes=\"auto, (max-width: 2016px) 100vw, 2016px\" \/><\/a><\/div><div class=\"vcex-blog-entry-details entry-details wpex-bordered wpex-first-mt-0 wpex-last-mb-0 wpex-clr\"><h2 class=\"vcex-blog-entry-title entry-title wpex-mb-5\"><a href=\"https:\/\/ff.unze.ba\/en\/uspjesno-odrzani-citalacki-susreti-sta-da-citamo-u-okviru-manifestacije-stufek\/\">Uspje\u0161no odr\u017eani \u010ditala\u010dki susreti \u201e\u0160ta (da) \u010ditamo?\u201c u okviru manifestacije STUFEK<\/a><\/h2><div class=\"vcex-blog-entry-date entry-date wpex-text-sm wpex-text-gray-600 wpex-mb-5\">30. March 2026.<\/div><div class=\"vcex-blog-entry-excerpt entry-excerpt wpex-my-15 wpex-last-mb-0 wpex-clr\"><p>ZENICA, 30. mart 2026. Na Filozofskom fakultetu Univerziteta u Zenici, danas su u okviru Studentskog&hellip;<\/p><\/div><div class=\"vcex-blog-entry-readmore-wrap entry-readmore-wrap wpex-my-15 wpex-clr\"><a href=\"https:\/\/ff.unze.ba\/en\/uspjesno-odrzani-citalacki-susreti-sta-da-citamo-u-okviru-manifestacije-stufek\/\" class=\"theme-button\">read more<\/a><\/div><\/div><\/div><\/div><div class=\"vcex-blog-entry vcex-grid-item entry-has-details span_1_of_4 col-4 col post-26885 entry type-post has-media cat-50 cat-44\"><div class=\"vcex-blog-entry-inner entry-inner wpex-first-mt-0 wpex-last-mb-0 wpex-clr\"><div class=\"vcex-blog-entry-media entry-media\"><a href=\"https:\/\/ff.unze.ba\/en\/sta-da-citamo\/\" title=\"\u0160ta (da) \u010ditamo?\"><img decoding=\"async\" width=\"687\" height=\"1024\" src=\"https:\/\/ff.unze.ba\/wp-content\/uploads\/2026\/03\/Sta-da-citamo.jpg\" class=\"vcex-blog-entry-img wpex-align-middle\" alt=\"\" loading=\"lazy\" srcset=\"https:\/\/ff.unze.ba\/wp-content\/uploads\/2026\/03\/Sta-da-citamo.jpg 687w, https:\/\/ff.unze.ba\/wp-content\/uploads\/2026\/03\/Sta-da-citamo-201x300.jpg 201w, https:\/\/ff.unze.ba\/wp-content\/uploads\/2026\/03\/Sta-da-citamo-8x12.jpg 8w, https:\/\/ff.unze.ba\/wp-content\/uploads\/2026\/03\/Sta-da-citamo-200x298.jpg 200w\" sizes=\"auto, (max-width: 687px) 100vw, 687px\" \/><\/a><\/div><div class=\"vcex-blog-entry-details entry-details wpex-bordered wpex-first-mt-0 wpex-last-mb-0 wpex-clr\"><h2 class=\"vcex-blog-entry-title entry-title wpex-mb-5\"><a href=\"https:\/\/ff.unze.ba\/en\/sta-da-citamo\/\">\u0160ta (da) \u010ditamo?<\/a><\/h2><div class=\"vcex-blog-entry-date entry-date wpex-text-sm wpex-text-gray-600 wpex-mb-5\">23. March 2026.<\/div><div class=\"vcex-blog-entry-excerpt entry-excerpt wpex-my-15 wpex-last-mb-0 wpex-clr\"><p>Drage kolegice i kolege, ljubitelji pisane rije\u010di, U okviru ovogodi\u0161njeg\u00a0STUFEK-a, pozivamo vas na posebne \u010ditala\u010dke&hellip;<\/p><\/div><div class=\"vcex-blog-entry-readmore-wrap entry-readmore-wrap wpex-my-15 wpex-clr\"><a href=\"https:\/\/ff.unze.ba\/en\/sta-da-citamo\/\" class=\"theme-button\">read more<\/a><\/div><\/div><\/div><\/div><\/div><div class=\"wpex-pagination wpex-clear wpex-mt-30 wpex-clr\"><ul class='page-numbers'>\n\t<li><span aria-current=\"page\" class=\"page-numbers current\"><span class=\"screen-reader-text\">Page <\/span>1<\/span><\/li>\n\t<li><a class=\"page-numbers\" href=\"https:\/\/ff.unze.ba\/en\/wp-json\/wp\/v2\/pages\/21610\/page\/2\/\"><span class=\"screen-reader-text\">Page <\/span>2<\/a><\/li>\n\t<li><a class=\"page-numbers\" href=\"https:\/\/ff.unze.ba\/en\/wp-json\/wp\/v2\/pages\/21610\/page\/3\/\"><span class=\"screen-reader-text\">Page <\/span>3<\/a><\/li>\n\t<li><a class=\"page-numbers\" href=\"https:\/\/ff.unze.ba\/en\/wp-json\/wp\/v2\/pages\/21610\/page\/4\/\"><span class=\"screen-reader-text\">Page <\/span>4<\/a><\/li>\n\t<li><span class=\"page-numbers dots\">\u2026<\/span><\/li>\n\t<li><a class=\"page-numbers\" href=\"https:\/\/ff.unze.ba\/en\/wp-json\/wp\/v2\/pages\/21610\/page\/51\/\"><span class=\"screen-reader-text\">Page <\/span>51<\/a><\/li>\n\t<li><a class=\"next page-numbers\" href=\"https:\/\/ff.unze.ba\/en\/wp-json\/wp\/v2\/pages\/21610\/page\/2\/\"><span class=\"ticon ticon-angle-right\" aria-hidden=\"true\"><\/span><span class=\"screen-reader-text\">Next<\/span><\/a><\/li>\n<\/ul>\n<\/div><\/div><\/div><\/div><\/div><\/div><div class=\"vc_row-full-width vc_clearfix\"><\/div>","protected":false},"excerpt":{"rendered":"Drage kolegice i kolege, ljubitelji pisane rije\u010di, U okviru ovogodi\u0161njeg\u00a0STUFEK-a,&hellip;","protected":false},"author":13,"featured_media":0,"parent":0,"menu_order":0,"comment_status":"closed","ping_status":"closed","template":"","meta":{"footnotes":""},"class_list":["post-21610","page","type-page","status-publish","hentry","entry","has-media"],"rttpg_featured_image_url":null,"rttpg_author":{"display_name":"Edina Kadri\u0107 Durmi\u0161","author_link":"https:\/\/ff.unze.ba\/en\/author\/edina\/"},"rttpg_comment":0,"rttpg_category":"","rttpg_excerpt":null,"_links":{"self":[{"href":"https:\/\/ff.unze.ba\/en\/wp-json\/wp\/v2\/pages\/21610","targetHints":{"allow":["GET"]}}],"collection":[{"href":"https:\/\/ff.unze.ba\/en\/wp-json\/wp\/v2\/pages"}],"about":[{"href":"https:\/\/ff.unze.ba\/en\/wp-json\/wp\/v2\/types\/page"}],"author":[{"embeddable":true,"href":"https:\/\/ff.unze.ba\/en\/wp-json\/wp\/v2\/users\/13"}],"replies":[{"embeddable":true,"href":"https:\/\/ff.unze.ba\/en\/wp-json\/wp\/v2\/comments?post=21610"}],"version-history":[{"count":6,"href":"https:\/\/ff.unze.ba\/en\/wp-json\/wp\/v2\/pages\/21610\/revisions"}],"predecessor-version":[{"id":23622,"href":"https:\/\/ff.unze.ba\/en\/wp-json\/wp\/v2\/pages\/21610\/revisions\/23622"}],"wp:attachment":[{"href":"https:\/\/ff.unze.ba\/en\/wp-json\/wp\/v2\/media?parent=21610"}],"curies":[{"name":"wp","href":"https:\/\/api.w.org\/{rel}","templated":true}]}}