{"id":21461,"date":"2024-03-14T21:43:04","date_gmt":"2024-03-14T20:43:04","guid":{"rendered":"https:\/\/ff.unze.ba\/?page_id=21461"},"modified":"2025-12-29T08:32:13","modified_gmt":"2025-12-29T07:32:13","slug":"studijski-program-engleski-jezik-i-knjizevnost-2-ciklus","status":"publish","type":"page","link":"https:\/\/ff.unze.ba\/en\/study-program-english-language-and-literature-2-cycle\/","title":{"rendered":"Study program English language and literature 2nd cycle"},"content":{"rendered":"<div data-vc-full-width=\"true\" data-vc-full-width-init=\"false\" data-vc-stretch-content=\"true\" class=\"vc_row wpb_row vc_row-fluid vc_custom_1710448971007 vc_row-no-padding wpex-vc_row-has-fill wpex-vc-row-stretched\"><div class=\"wpb_column vc_column_container vc_col-sm-12\"><div class=\"vc_column-inner vc_custom_1708593272491\"><div class=\"wpb_wrapper\">\n\t<div class=\"wpb_text_column wpb_content_element  vc_custom_1710503985865\" >\n\t\t<div class=\"wpb_wrapper\">\n\t\t\t<h2 style=\"text-align: center;\"><span style=\"font-size: 18px; color: #ffffff;\"><span style=\"font-size: 36px;\"><br \/>\nName of the study program: <strong>English language and literature<br \/>\n<\/strong><\/span><\/span><\/h2>\n<p style=\"text-align: center;\"><span style=\"color: #ffffff;\"><span style=\"font-size: 18px;\">Study program level:<strong> II cycle \/ graduate study<br \/>\n<\/strong><\/span><span style=\"font-size: 18px;\">Head of study program:<strong> v. prof. dr. Adnan Bujak<br \/>\n<\/strong><\/span><span style=\"font-size: 18px;\">Academic\/scientific\/professional title upon completion of studies: <strong>Master of English Language and Literature<br \/>\n<\/strong><\/span><\/span><\/p>\n\n\t\t<\/div>\n\t<\/div>\n<\/div><\/div><\/div><\/div><div class=\"vc_row-full-width vc_clearfix\"><\/div><div data-vc-full-width=\"true\" data-vc-full-width-init=\"false\" class=\"vc_section wpex-vc-row-stretched\"><div class=\"vc_row wpb_row vc_row-fluid\"><div class=\"wpb_column vc_column_container vc_col-sm-3\"><div class=\"vc_column-inner\"><div class=\"wpb_wrapper\"><div class=\"vc_empty_space\"   style=\"height: 25px\"><span class=\"vc_empty_space_inner\"><\/span><\/div>\n\t<div style=\"color:#002244;\" class=\"wpb_text_column has-custom-color wpex-child-inherit-color wpb_content_element\" >\n\t\t<div class=\"wpb_wrapper\">\n\t\t\t<p style=\"text-align: center;\"><strong><span style=\"font-size: 24px;\">Curriculum<\/span><\/strong><\/p>\n\n\t\t<\/div>\n\t<\/div>\n<div class=\"vc_empty_space\"   style=\"height: 10px\"><span class=\"vc_empty_space_inner\"><\/span><\/div><div class=\"theme-button-expanded-wrap theme-button-wrap wpex-clr\"><a href=\"https:\/\/ff.unze.ba\/wp-content\/uploads\/2024\/03\/NOVI-NPP-OEJK-II-ciklus-nastavnicki-2023-plan.pdf\" class=\"vcex-button theme-button large expanded  wpb_animate_when_almost_visible wpb_flipInY flipInY expanded\" style=\"background:#0c1b46;\" data-wpex-hover='{&quot;background&quot;:&quot;#000000&quot;}'><span class=\"theme-button-inner\">2023\/2024.<\/span><\/a><\/div> <div class=\"vc_empty_space\"   style=\"height: 10px\"><span class=\"vc_empty_space_inner\"><\/span><\/div><div class=\"theme-button-expanded-wrap theme-button-wrap wpex-clr\"><a href=\"https:\/\/ff.unze.ba\/wp-content\/uploads\/2024\/03\/Microsoft-Word-OEJK_Inovirani-NPP-za-II-ciklus_nastavnicki-smjer_2019_20_za-web.doc-planska.pdf\" class=\"vcex-button theme-button large expanded  wpb_animate_when_almost_visible wpb_flipInY flipInY expanded\" style=\"background:#0c1b46;\" data-wpex-hover='{&quot;background&quot;:&quot;#000000&quot;}'><span class=\"theme-button-inner\">2019\/2020.<\/span><\/a><\/div> <\/div><\/div><\/div><div class=\"wpb_column vc_column_container vc_col-sm-3\"><div class=\"vc_column-inner\"><div class=\"wpb_wrapper\"><div class=\"vc_empty_space\"   style=\"height: 25px\"><span class=\"vc_empty_space_inner\"><\/span><\/div>\n\t<div style=\"color:#002244;\" class=\"wpb_text_column has-custom-color wpex-child-inherit-color wpb_content_element\" >\n\t\t<div class=\"wpb_wrapper\">\n\t\t\t<p style=\"text-align: center;\"><strong><span style=\"font-size: 24px;\">Curriculum<\/span><\/strong><\/p>\n\n\t\t<\/div>\n\t<\/div>\n<div class=\"vc_empty_space\"   style=\"height: 10px\"><span class=\"vc_empty_space_inner\"><\/span><\/div><div class=\"theme-button-expanded-wrap theme-button-wrap wpex-clr\"><a href=\"https:\/\/ff.unze.ba\/wp-content\/uploads\/2024\/03\/NOVI-NPP-OEJK-II-ciklus-nastavnicki-2023-program.pdf\" class=\"vcex-button theme-button large expanded  wpb_animate_when_almost_visible wpb_flipInY flipInY expanded\" style=\"background:#0c1b46;\" data-wpex-hover='{&quot;background&quot;:&quot;#000000&quot;}'><span class=\"theme-button-inner\">2023\/2024.<\/span><\/a><\/div> <div class=\"vc_empty_space\"   style=\"height: 10px\"><span class=\"vc_empty_space_inner\"><\/span><\/div><div class=\"theme-button-expanded-wrap theme-button-wrap wpex-clr\"><a href=\"https:\/\/ff.unze.ba\/wp-content\/uploads\/2024\/03\/Microsoft-Word-OEJK_Inovirani-NPP-za-II-ciklus_nastavnicki-smjer_2019_20_za-web.doc-programska.pdf\" class=\"vcex-button theme-button large expanded  wpb_animate_when_almost_visible wpb_flipInY flipInY expanded\" style=\"background:#0c1b46;\" data-wpex-hover='{&quot;background&quot;:&quot;#000000&quot;}'><span class=\"theme-button-inner\">2019\/2020.<\/span><\/a><\/div> <\/div><\/div><\/div><div class=\"wpb_column vc_column_container vc_col-sm-3\"><div class=\"vc_column-inner\"><div class=\"wpb_wrapper\"><div class=\"vc_empty_space\"   style=\"height: 25px\"><span class=\"vc_empty_space_inner\"><\/span><\/div>\n\t<div style=\"color:#002244;\" class=\"wpb_text_column has-custom-color wpex-child-inherit-color wpb_content_element\" >\n\t\t<div class=\"wpb_wrapper\">\n\t\t\t<p style=\"text-align: center;\"><strong><span style=\"font-size: 24px;\">Teaching staff<\/span><\/strong><\/p>\n\n\t\t<\/div>\n\t<\/div>\n<div class=\"vc_empty_space\"   style=\"height: 10px\"><span class=\"vc_empty_space_inner\"><\/span><\/div><div class=\"theme-button-expanded-wrap theme-button-wrap wpex-clr\"><a href=\"#\" class=\"vcex-button theme-button large expanded  wpb_animate_when_almost_visible wpb_flipInY flipInY expanded\" style=\"background:#0c1b46;\" data-wpex-hover='{&quot;background&quot;:&quot;#000000&quot;}'><span class=\"theme-button-inner\">Teaching team<\/span><\/a><\/div> <div class=\"vc_empty_space\"   style=\"height: 10px\"><span class=\"vc_empty_space_inner\"><\/span><\/div><div class=\"theme-button-expanded-wrap theme-button-wrap wpex-clr\"><a href=\"https:\/\/ff.unze.ba\/wp-content\/uploads\/2024\/03\/Termini-konsultacija-Sheet1.pdf\" class=\"vcex-button theme-button large expanded  wpb_animate_when_almost_visible wpb_flipInY flipInY expanded\" style=\"background:#0c1b46;\" data-wpex-hover='{&quot;background&quot;:&quot;#000000&quot;}'><span class=\"theme-button-inner\">Consultation dates<\/span><\/a><\/div> <\/div><\/div><\/div><div class=\"wpb_column vc_column_container vc_col-sm-3 wpex-vc_col-has-fill\"><div class=\"vc_column-inner vc_custom_1710231892794\"><div class=\"wpb_wrapper\"><div class=\"vc_empty_space\"   style=\"height: 25px\"><span class=\"vc_empty_space_inner\"><\/span><\/div>\n\t<div style=\"color:#002244;\" class=\"wpb_text_column has-custom-color wpex-child-inherit-color wpb_content_element\" >\n\t\t<div class=\"wpb_wrapper\">\n\t\t\t<p style=\"text-align: center;\"><strong><span style=\"font-size: 24px;\">Schedule<\/span><\/strong><\/p>\n\n\t\t<\/div>\n\t<\/div>\n<div class=\"vc_empty_space\"   style=\"height: 10px\"><span class=\"vc_empty_space_inner\"><\/span><\/div><div class=\"theme-button-expanded-wrap theme-button-wrap wpex-clr\"><a href=\"https:\/\/ff.unze.ba\/wp-content\/uploads\/2025\/10\/SPEJK_2Ciklus_Raspored.docx.pdf\" class=\"vcex-button theme-button large expanded  wpb_animate_when_almost_visible wpb_flipInY flipInY expanded\" style=\"background:#0c1b46;\" data-wpex-hover='{&quot;background&quot;:&quot;#000000&quot;}'><span class=\"theme-button-inner\">Timetabling<\/span><\/a><\/div> <div class=\"vc_empty_space\"   style=\"height: 10px\"><span class=\"vc_empty_space_inner\"><\/span><\/div><div class=\"theme-button-expanded-wrap theme-button-wrap wpex-clr\"><a href=\"https:\/\/ff.unze.ba\/wp-content\/uploads\/2025\/12\/II-ciklus.pdf\" class=\"vcex-button theme-button large expanded  wpb_animate_when_almost_visible wpb_flipInY flipInY expanded\" style=\"background:#0c1b46;\" data-wpex-hover='{&quot;background&quot;:&quot;#000000&quot;}'><span class=\"theme-button-inner\">Exam schedule<\/span><\/a><\/div> <\/div><\/div><\/div><\/div><\/div><div class=\"vc_row-full-width vc_clearfix\"><\/div><div data-vc-full-width=\"true\" data-vc-full-width-init=\"false\" class=\"vc_row wpb_row vc_row-fluid vc_custom_1707819373922 wpex-vc_row-has-fill wpex-vc-row-stretched\"><div class=\"wpb_column vc_column_container vc_col-sm-12\"><div class=\"vc_column-inner\"><div class=\"wpb_wrapper\"><div class=\"vc_empty_space\"   style=\"height: 50px\"><span class=\"vc_empty_space_inner\"><\/span><\/div>\n\t<div style=\"color:#002244;\" class=\"wpb_text_column has-custom-color wpex-child-inherit-color wpb_content_element\" >\n\t\t<div class=\"wpb_wrapper\">\n\t\t\t<p><strong><span style=\"font-size: 24px;\">Bulletin board<\/span><\/strong><\/p>\n\n\t\t<\/div>\n\t<\/div>\n<div class=\"vc_empty_space\"   style=\"height: 50px\"><span class=\"vc_empty_space_inner\"><\/span><\/div><div class=\"vcex-module vcex-blog-grid-wrap wpex-clr\"><div class=\"wpex-row vcex-blog-grid wpex-clr entries\"><div class=\"vcex-blog-entry vcex-grid-item entry-has-details span_1_of_4 col-1 col post-26975 entry type-post has-media cat-112 cat-45 cat-50\"><div class=\"vcex-blog-entry-inner entry-inner wpex-first-mt-0 wpex-last-mb-0 wpex-clr\"><div class=\"vcex-blog-entry-media entry-media\"><a href=\"https:\/\/ff.unze.ba\/en\/easter-egg-hunt\/\" title=\"\u201cEaster Egg Hunt\u201d\"><img decoding=\"async\" width=\"1587\" height=\"2245\" src=\"https:\/\/ff.unze.ba\/wp-content\/uploads\/2026\/04\/Easter-Egg-Hunt-Poster-1.png\" class=\"vcex-blog-entry-img wpex-align-middle\" alt=\"\" loading=\"lazy\" srcset=\"https:\/\/ff.unze.ba\/wp-content\/uploads\/2026\/04\/Easter-Egg-Hunt-Poster-1.png 1587w, https:\/\/ff.unze.ba\/wp-content\/uploads\/2026\/04\/Easter-Egg-Hunt-Poster-1-212x300.png 212w, https:\/\/ff.unze.ba\/wp-content\/uploads\/2026\/04\/Easter-Egg-Hunt-Poster-1-724x1024.png 724w, https:\/\/ff.unze.ba\/wp-content\/uploads\/2026\/04\/Easter-Egg-Hunt-Poster-1-768x1086.png 768w, https:\/\/ff.unze.ba\/wp-content\/uploads\/2026\/04\/Easter-Egg-Hunt-Poster-1-1086x1536.png 1086w, https:\/\/ff.unze.ba\/wp-content\/uploads\/2026\/04\/Easter-Egg-Hunt-Poster-1-1448x2048.png 1448w, https:\/\/ff.unze.ba\/wp-content\/uploads\/2026\/04\/Easter-Egg-Hunt-Poster-1-8x12.png 8w, https:\/\/ff.unze.ba\/wp-content\/uploads\/2026\/04\/Easter-Egg-Hunt-Poster-1-200x283.png 200w\" sizes=\"auto, (max-width: 1587px) 100vw, 1587px\" \/><\/a><\/div><div class=\"vcex-blog-entry-details entry-details wpex-bordered wpex-first-mt-0 wpex-last-mb-0 wpex-clr\"><h2 class=\"vcex-blog-entry-title entry-title wpex-mb-5\"><a href=\"https:\/\/ff.unze.ba\/en\/easter-egg-hunt\/\">\u201cEaster Egg Hunt\u201d<\/a><\/h2><div class=\"vcex-blog-entry-date entry-date wpex-text-sm wpex-text-gray-600 wpex-mb-5\">9. April 2026.<\/div><div class=\"vcex-blog-entry-excerpt entry-excerpt wpex-my-15 wpex-last-mb-0 wpex-clr\"><p>Na SP Engleski jezik i knji\u017eevnost je 7. aprila odr\u017eana aktivnost \u201cEaster Egg Hunt\u201d. Studenti&hellip;<\/p><\/div><div class=\"vcex-blog-entry-readmore-wrap entry-readmore-wrap wpex-my-15 wpex-clr\"><a href=\"https:\/\/ff.unze.ba\/en\/easter-egg-hunt\/\" class=\"theme-button\">read more<\/a><\/div><\/div><\/div><\/div><div class=\"vcex-blog-entry vcex-grid-item entry-has-details span_1_of_4 col-2 col post-26923 entry type-post has-media cat-45\"><div class=\"vcex-blog-entry-inner entry-inner wpex-first-mt-0 wpex-last-mb-0 wpex-clr\"><div class=\"vcex-blog-entry-media entry-media\"><a href=\"https:\/\/ff.unze.ba\/en\/obavijest-o-uspjesnoj-odbrani-magistarskog-rada-sejla-perenda\/\" title=\"OBAVIJEST O USPJE\u0160NOJ ODBRANI MAGISTARSKOG RADA &#8211; \u0160EJLA PERENDA\"><img decoding=\"async\" width=\"1600\" height=\"1200\" src=\"https:\/\/ff.unze.ba\/wp-content\/uploads\/2026\/03\/Odbrana-mag-rada_Sejla-Perenda.jpg\" class=\"vcex-blog-entry-img wpex-align-middle\" alt=\"\" loading=\"lazy\" srcset=\"https:\/\/ff.unze.ba\/wp-content\/uploads\/2026\/03\/Odbrana-mag-rada_Sejla-Perenda.jpg 1600w, https:\/\/ff.unze.ba\/wp-content\/uploads\/2026\/03\/Odbrana-mag-rada_Sejla-Perenda-300x225.jpg 300w, https:\/\/ff.unze.ba\/wp-content\/uploads\/2026\/03\/Odbrana-mag-rada_Sejla-Perenda-1024x768.jpg 1024w, https:\/\/ff.unze.ba\/wp-content\/uploads\/2026\/03\/Odbrana-mag-rada_Sejla-Perenda-768x576.jpg 768w, https:\/\/ff.unze.ba\/wp-content\/uploads\/2026\/03\/Odbrana-mag-rada_Sejla-Perenda-1536x1152.jpg 1536w, https:\/\/ff.unze.ba\/wp-content\/uploads\/2026\/03\/Odbrana-mag-rada_Sejla-Perenda-16x12.jpg 16w, https:\/\/ff.unze.ba\/wp-content\/uploads\/2026\/03\/Odbrana-mag-rada_Sejla-Perenda-200x150.jpg 200w\" sizes=\"auto, (max-width: 1600px) 100vw, 1600px\" \/><\/a><\/div><div class=\"vcex-blog-entry-details entry-details wpex-bordered wpex-first-mt-0 wpex-last-mb-0 wpex-clr\"><h2 class=\"vcex-blog-entry-title entry-title wpex-mb-5\"><a href=\"https:\/\/ff.unze.ba\/en\/obavijest-o-uspjesnoj-odbrani-magistarskog-rada-sejla-perenda\/\">OBAVIJEST O USPJE\u0160NOJ ODBRANI MAGISTARSKOG RADA &#8211; \u0160EJLA PERENDA<\/a><\/h2><div class=\"vcex-blog-entry-date entry-date wpex-text-sm wpex-text-gray-600 wpex-mb-5\">29. March 2026.<\/div><div class=\"vcex-blog-entry-excerpt entry-excerpt wpex-my-15 wpex-last-mb-0 wpex-clr\"><p>Dana 27. marta 2026. godine, na Filozofskom fakultetu Univerziteta u Zenici, kandidatkinja \u0160ejla Perenda uspje\u0161no&hellip;<\/p><\/div><div class=\"vcex-blog-entry-readmore-wrap entry-readmore-wrap wpex-my-15 wpex-clr\"><a href=\"https:\/\/ff.unze.ba\/en\/obavijest-o-uspjesnoj-odbrani-magistarskog-rada-sejla-perenda\/\" class=\"theme-button\">read more<\/a><\/div><\/div><\/div><\/div><div class=\"vcex-blog-entry vcex-grid-item entry-has-details span_1_of_4 col-3 col post-26819 entry type-post has-media cat-45 cat-50\"><div class=\"vcex-blog-entry-inner entry-inner wpex-first-mt-0 wpex-last-mb-0 wpex-clr\"><div class=\"vcex-blog-entry-media entry-media\"><a href=\"https:\/\/ff.unze.ba\/en\/odbrana-magistarskog-rada-sejla-perenda\/\" title=\"ODBRANA MAGISTARSKOG RADA \u2013 \u0160EJLA PERENDA\"><img decoding=\"async\" width=\"1280\" height=\"720\" src=\"https:\/\/ff.unze.ba\/wp-content\/uploads\/2023\/12\/ff-placeholder-1.png\" class=\"vcex-blog-entry-img wpex-align-middle\" alt=\"\" loading=\"lazy\" srcset=\"https:\/\/ff.unze.ba\/wp-content\/uploads\/2023\/12\/ff-placeholder-1.png 1280w, https:\/\/ff.unze.ba\/wp-content\/uploads\/2023\/12\/ff-placeholder-1-300x169.png 300w, https:\/\/ff.unze.ba\/wp-content\/uploads\/2023\/12\/ff-placeholder-1-1024x576.png 1024w, https:\/\/ff.unze.ba\/wp-content\/uploads\/2023\/12\/ff-placeholder-1-768x432.png 768w\" sizes=\"auto, (max-width: 1280px) 100vw, 1280px\" \/><\/a><\/div><div class=\"vcex-blog-entry-details entry-details wpex-bordered wpex-first-mt-0 wpex-last-mb-0 wpex-clr\"><h2 class=\"vcex-blog-entry-title entry-title wpex-mb-5\"><a href=\"https:\/\/ff.unze.ba\/en\/odbrana-magistarskog-rada-sejla-perenda\/\">ODBRANA MAGISTARSKOG RADA \u2013 \u0160EJLA PERENDA<\/a><\/h2><div class=\"vcex-blog-entry-date entry-date wpex-text-sm wpex-text-gray-600 wpex-mb-5\">12. March 2026.<\/div><div class=\"vcex-blog-entry-excerpt entry-excerpt wpex-my-15 wpex-last-mb-0 wpex-clr\"><p>Kandidatkinja \u0160ejla Perenda, profesorica engleskog jezika i knji\u017eevnosti, javno \u0107e braniti magistarski rad pod naslovom&hellip;<\/p><\/div><div class=\"vcex-blog-entry-readmore-wrap entry-readmore-wrap wpex-my-15 wpex-clr\"><a href=\"https:\/\/ff.unze.ba\/en\/odbrana-magistarskog-rada-sejla-perenda\/\" class=\"theme-button\">read more<\/a><\/div><\/div><\/div><\/div><div class=\"vcex-blog-entry vcex-grid-item entry-has-details span_1_of_4 col-4 col post-26163 entry type-post has-media cat-45 cat-50\"><div class=\"vcex-blog-entry-inner entry-inner wpex-first-mt-0 wpex-last-mb-0 wpex-clr\"><div class=\"vcex-blog-entry-media entry-media\"><a href=\"https:\/\/ff.unze.ba\/en\/snaga-ideja-i-mladih-filozofski-fakultet-u-zenici-gost-ftv-a\/\" title=\"Snaga ideja i mladih: Filozofski fakultet u Zenici gost FTV-a\"><img decoding=\"async\" width=\"1366\" height=\"767\" src=\"https:\/\/ff.unze.ba\/wp-content\/uploads\/2026\/02\/Naslovna-Medium.png\" class=\"vcex-blog-entry-img wpex-align-middle\" alt=\"\" loading=\"lazy\" srcset=\"https:\/\/ff.unze.ba\/wp-content\/uploads\/2026\/02\/Naslovna-Medium.png 1366w, https:\/\/ff.unze.ba\/wp-content\/uploads\/2026\/02\/Naslovna-Medium-300x168.png 300w, https:\/\/ff.unze.ba\/wp-content\/uploads\/2026\/02\/Naslovna-Medium-1024x575.png 1024w, https:\/\/ff.unze.ba\/wp-content\/uploads\/2026\/02\/Naslovna-Medium-768x431.png 768w, https:\/\/ff.unze.ba\/wp-content\/uploads\/2026\/02\/Naslovna-Medium-18x10.png 18w, https:\/\/ff.unze.ba\/wp-content\/uploads\/2026\/02\/Naslovna-Medium-200x112.png 200w\" sizes=\"auto, (max-width: 1366px) 100vw, 1366px\" \/><\/a><\/div><div class=\"vcex-blog-entry-details entry-details wpex-bordered wpex-first-mt-0 wpex-last-mb-0 wpex-clr\"><h2 class=\"vcex-blog-entry-title entry-title wpex-mb-5\"><a href=\"https:\/\/ff.unze.ba\/en\/snaga-ideja-i-mladih-filozofski-fakultet-u-zenici-gost-ftv-a\/\">Snaga ideja i mladih: Filozofski fakultet u Zenici gost FTV-a<\/a><\/h2><div class=\"vcex-blog-entry-date entry-date wpex-text-sm wpex-text-gray-600 wpex-mb-5\">27. February 2026.<\/div><div class=\"vcex-blog-entry-excerpt entry-excerpt wpex-my-15 wpex-last-mb-0 wpex-clr\"><p>Dekanesa Filozofskog fakulteta Univerziteta u Zenici, van. prof. dr. Alica Arnaut, i studentica \u010detvrte godine&hellip;<\/p><\/div><div class=\"vcex-blog-entry-readmore-wrap entry-readmore-wrap wpex-my-15 wpex-clr\"><a href=\"https:\/\/ff.unze.ba\/en\/snaga-ideja-i-mladih-filozofski-fakultet-u-zenici-gost-ftv-a\/\" class=\"theme-button\">read more<\/a><\/div><\/div><\/div><\/div><\/div><div class=\"wpex-pagination wpex-clear wpex-mt-30 wpex-clr\"><ul class='page-numbers'>\n\t<li><span aria-current=\"page\" class=\"page-numbers current\"><span class=\"screen-reader-text\">Page <\/span>1<\/span><\/li>\n\t<li><a class=\"page-numbers\" href=\"https:\/\/ff.unze.ba\/en\/wp-json\/wp\/v2\/pages\/21461\/page\/2\/\"><span class=\"screen-reader-text\">Page <\/span>2<\/a><\/li>\n\t<li><a class=\"page-numbers\" href=\"https:\/\/ff.unze.ba\/en\/wp-json\/wp\/v2\/pages\/21461\/page\/3\/\"><span class=\"screen-reader-text\">Page <\/span>3<\/a><\/li>\n\t<li><a class=\"page-numbers\" href=\"https:\/\/ff.unze.ba\/en\/wp-json\/wp\/v2\/pages\/21461\/page\/4\/\"><span class=\"screen-reader-text\">Page <\/span>4<\/a><\/li>\n\t<li><span class=\"page-numbers dots\">\u2026<\/span><\/li>\n\t<li><a class=\"page-numbers\" href=\"https:\/\/ff.unze.ba\/en\/wp-json\/wp\/v2\/pages\/21461\/page\/213\/\"><span class=\"screen-reader-text\">Page <\/span>213<\/a><\/li>\n\t<li><a class=\"next page-numbers\" href=\"https:\/\/ff.unze.ba\/en\/wp-json\/wp\/v2\/pages\/21461\/page\/2\/\"><span class=\"ticon ticon-angle-right\" aria-hidden=\"true\"><\/span><span class=\"screen-reader-text\">Next<\/span><\/a><\/li>\n<\/ul>\n<\/div><\/div><\/div><\/div><\/div><\/div><div class=\"vc_row-full-width vc_clearfix\"><\/div><div class=\"vc_row wpb_row vc_row-fluid\"><div class=\"wpb_column vc_column_container vc_col-sm-12\"><div class=\"vc_column-inner\"><div class=\"wpb_wrapper\"><div class=\"vc_empty_space\"   style=\"height: 25px\"><span class=\"vc_empty_space_inner\"><\/span><\/div><div class=\"vc_tta-container\" data-vc-action=\"collapseAll\"><div class=\"vc_general vc_tta vc_tta-accordion vc_tta-color-grey vc_tta-style-classic vc_tta-shape-rounded vc_tta-o-shape-group vc_tta-controls-align-left vc_tta-o-no-fill vc_tta-o-all-clickable\"><div class=\"vc_tta-panels-container\"><div class=\"vc_tta-panels\"><div class=\"vc_tta-panel\" id=\"1710502152683-c089af9b-4b82\" data-vc-content=\".vc_tta-panel-body\"><div class=\"vc_tta-panel-heading\"><h4 class=\"vc_tta-panel-title vc_tta-controls-icon-position-left\"><a href=\"#1710502152683-c089af9b-4b82\" data-vc-accordion data-vc-container=\".vc_tta-container\"><span class=\"vc_tta-title-text\">Archive<\/span><i class=\"vc_tta-controls-icon vc_tta-controls-icon-plus\"><\/i><\/a><\/h4><\/div><div class=\"vc_tta-panel-body\">\n\t<div class=\"wpb_text_column wpb_content_element\" >\n\t\t<div class=\"wpb_wrapper\">\n\t\t\t<p><a class=\"theme-button\" href=\"https:\/\/ff.unze.ba\/wp-content\/uploads\/2019\/07\/NPP-II-ciklus-OEJK-2016-17.pdf\" target=\"_blank\" rel=\"noopener noreferrer\">SECOND CYCLE STUDY - POSTGRADUATE MASTER&#039;S STUDY - ENGLISH LANGUAGE AND LITERATURE - TRANSLATION DEPARTMENT - TEACHING DEPARTMENT - Academic year 2016\/17 (PDF)<\/a><\/p>\n\n\t\t<\/div>\n\t<\/div>\n<\/div><\/div><\/div><\/div><\/div><\/div><\/div><\/div><\/div><\/div>","protected":false},"excerpt":{"rendered":"Dekanesa Filozofskog fakulteta Univerziteta u Zenici, van. prof. dr. Alica&hellip;","protected":false},"author":13,"featured_media":0,"parent":0,"menu_order":0,"comment_status":"closed","ping_status":"closed","template":"","meta":{"footnotes":""},"class_list":["post-21461","page","type-page","status-publish","hentry","entry","has-media"],"rttpg_featured_image_url":null,"rttpg_author":{"display_name":"Edina Kadri\u0107 Durmi\u0161","author_link":"https:\/\/ff.unze.ba\/en\/author\/edina\/"},"rttpg_comment":0,"rttpg_category":"","rttpg_excerpt":null,"_links":{"self":[{"href":"https:\/\/ff.unze.ba\/en\/wp-json\/wp\/v2\/pages\/21461","targetHints":{"allow":["GET"]}}],"collection":[{"href":"https:\/\/ff.unze.ba\/en\/wp-json\/wp\/v2\/pages"}],"about":[{"href":"https:\/\/ff.unze.ba\/en\/wp-json\/wp\/v2\/types\/page"}],"author":[{"embeddable":true,"href":"https:\/\/ff.unze.ba\/en\/wp-json\/wp\/v2\/users\/13"}],"replies":[{"embeddable":true,"href":"https:\/\/ff.unze.ba\/en\/wp-json\/wp\/v2\/comments?post=21461"}],"version-history":[{"count":13,"href":"https:\/\/ff.unze.ba\/en\/wp-json\/wp\/v2\/pages\/21461\/revisions"}],"predecessor-version":[{"id":25976,"href":"https:\/\/ff.unze.ba\/en\/wp-json\/wp\/v2\/pages\/21461\/revisions\/25976"}],"wp:attachment":[{"href":"https:\/\/ff.unze.ba\/en\/wp-json\/wp\/v2\/media?parent=21461"}],"curies":[{"name":"wp","href":"https:\/\/api.w.org\/{rel}","templated":true}]}}