{"id":18318,"date":"2022-10-17T12:44:12","date_gmt":"2022-10-17T10:44:12","guid":{"rendered":"https:\/\/ff.unze.ba\/?page_id=18318"},"modified":"2025-04-02T23:44:02","modified_gmt":"2025-04-02T21:44:02","slug":"tjelesni-odgoj-i-sport-1-ciklus","status":"publish","type":"page","link":"https:\/\/ff.unze.ba\/en\/physical-education-and-sports\/","title":{"rendered":"Physical education and sports"},"content":{"rendered":"<div data-vc-full-width=\"true\" data-vc-full-width-init=\"false\" data-vc-stretch-content=\"true\" class=\"vc_row wpb_row vc_row-fluid vc_custom_1710717113699 vc_row-no-padding wpex-vc_row-has-fill wpex-vc-row-stretched\"><div class=\"wpb_column vc_column_container vc_col-sm-12\"><div class=\"vc_column-inner vc_custom_1708593272491\"><div class=\"wpb_wrapper\">\n\t<div class=\"wpb_text_column wpb_content_element  vc_custom_1710717078058\" >\n\t\t<div class=\"wpb_wrapper\">\n\t\t\t<h2 style=\"text-align: center;\"><span style=\"color: #ffffff;\"><span style=\"font-size: 18px;\"><span style=\"font-size: 36px;\"><br \/>\n<strong>Physical education and sports<br \/>\n<\/strong><\/span><\/span><\/span><\/h2>\n<p style=\"text-align: center;\"><span style=\"color: #ffffff;\"><span style=\"font-size: 18px;\">Study program level:<strong> I cycle \/ undergraduate study<br \/>\n<\/strong><\/span><span style=\"font-size: 18px;\">Head of study program:<strong> Prof. Ph.D. Aleksa Stankovic<br \/>\n<\/strong><\/span><span style=\"font-size: 18px;\">Academic\/scientific\/professional title upon completion of studies: <strong>Professor of physical education and sports<br \/>\n<\/strong><\/span><\/span><\/p>\n<p><span style=\"color: #ffffff;\">\u00a0 \u00a0 \u00a0 \u00a0 \u00a0 \u00a0 \u00a0\u00a0<\/span><\/p>\n\n\t\t<\/div>\n\t<\/div>\n<\/div><\/div><\/div><\/div><div class=\"vc_row-full-width vc_clearfix\"><\/div><div class=\"vc_row wpb_row vc_row-fluid wpex-has-shape-divider-bottom\"><div class=\"wpb_column vc_column_container vc_col-sm-3\"><div class=\"vc_column-inner\"><div class=\"wpb_wrapper\"><div class=\"vc_empty_space\"   style=\"height: 25px\"><span class=\"vc_empty_space_inner\"><\/span><\/div>\n\t<div style=\"color:#002244;\" class=\"wpb_text_column has-custom-color wpex-child-inherit-color wpb_content_element\" >\n\t\t<div class=\"wpb_wrapper\">\n\t\t\t<p style=\"text-align: center;\"><strong><span style=\"font-size: 24px;\">Curriculum<\/span><\/strong><\/p>\n\n\t\t<\/div>\n\t<\/div>\n<div class=\"vc_empty_space\"   style=\"height: 10px\"><span class=\"vc_empty_space_inner\"><\/span><\/div><div class=\"theme-button-expanded-wrap theme-button-wrap wpex-clr\"><a href=\"https:\/\/ff.unze.ba\/wp-content\/uploads\/2023\/03\/NPP-TOIS.pdf\" class=\"vcex-button theme-button large expanded  wpb_animate_when_almost_visible wpb_flipInY flipInY expanded\" style=\"background:#0c1b46;\" data-wpex-hover='{&quot;background&quot;:&quot;#000000&quot;}'><span class=\"theme-button-inner\">2022\/2023.<\/span><\/a><\/div> <\/div><\/div><\/div><div class=\"wpb_column vc_column_container vc_col-sm-3\"><div class=\"vc_column-inner\"><div class=\"wpb_wrapper\"><div class=\"vc_empty_space\"   style=\"height: 25px\"><span class=\"vc_empty_space_inner\"><\/span><\/div>\n\t<div style=\"color:#002244;\" class=\"wpb_text_column has-custom-color wpex-child-inherit-color wpb_content_element\" >\n\t\t<div class=\"wpb_wrapper\">\n\t\t\t<p style=\"text-align: center;\"><strong><span style=\"font-size: 24px;\">Curriculum<\/span><\/strong><\/p>\n\n\t\t<\/div>\n\t<\/div>\n<div class=\"vc_empty_space\"   style=\"height: 10px\"><span class=\"vc_empty_space_inner\"><\/span><\/div><div class=\"theme-button-expanded-wrap theme-button-wrap wpex-clr\"><a href=\"https:\/\/ff.unze.ba\/wp-content\/uploads\/2023\/03\/NPP-TOIS.pdf\" class=\"vcex-button theme-button large expanded  wpb_animate_when_almost_visible wpb_flipInY flipInY expanded\" style=\"background:#0c1b46;\" data-wpex-hover='{&quot;background&quot;:&quot;#000000&quot;}'><span class=\"theme-button-inner\">2022\/2023.<\/span><\/a><\/div> <\/div><\/div><\/div><div class=\"wpb_column vc_column_container vc_col-sm-3\"><div class=\"vc_column-inner\"><div class=\"wpb_wrapper\"><div class=\"vc_empty_space\"   style=\"height: 25px\"><span class=\"vc_empty_space_inner\"><\/span><\/div>\n\t<div style=\"color:#002244;\" class=\"wpb_text_column has-custom-color wpex-child-inherit-color wpb_content_element\" >\n\t\t<div class=\"wpb_wrapper\">\n\t\t\t<p style=\"text-align: center;\"><strong><span style=\"font-size: 24px;\">Teaching staff<\/span><\/strong><\/p>\n\n\t\t<\/div>\n\t<\/div>\n<div class=\"vc_empty_space\"   style=\"height: 10px\"><span class=\"vc_empty_space_inner\"><\/span><\/div><div class=\"theme-button-expanded-wrap theme-button-wrap wpex-clr\"><a href=\"https:\/\/ff.unze.ba\/wp-content\/uploads\/2024\/03\/Nastavni-tim-TOIS.pdf\" class=\"vcex-button theme-button large expanded  wpb_animate_when_almost_visible wpb_flipInY flipInY expanded\" style=\"background:#0c1b46;\" data-wpex-hover='{&quot;background&quot;:&quot;#000000&quot;}'><span class=\"theme-button-inner\">Teaching team<\/span><\/a><\/div> <div class=\"vc_empty_space\"   style=\"height: 10px\"><span class=\"vc_empty_space_inner\"><\/span><\/div><div class=\"theme-button-expanded-wrap theme-button-wrap wpex-clr\"><a href=\"#\" class=\"vcex-button theme-button large expanded  wpb_animate_when_almost_visible wpb_flipInY flipInY expanded\" style=\"background:#0c1b46;\" data-wpex-hover='{&quot;background&quot;:&quot;#000000&quot;}'><span class=\"theme-button-inner\">Consultation dates<\/span><\/a><\/div> <\/div><\/div><\/div><div class=\"wpb_column vc_column_container vc_col-sm-3 wpex-vc_col-has-fill\"><div class=\"vc_column-inner vc_custom_1710231892794\"><div class=\"wpb_wrapper\"><div class=\"vc_empty_space\"   style=\"height: 25px\"><span class=\"vc_empty_space_inner\"><\/span><\/div>\n\t<div style=\"color:#002244;\" class=\"wpb_text_column has-custom-color wpex-child-inherit-color wpb_content_element\" >\n\t\t<div class=\"wpb_wrapper\">\n\t\t\t<p style=\"text-align: center;\"><strong><span style=\"font-size: 24px;\">Schedule<\/span><\/strong><\/p>\n\n\t\t<\/div>\n\t<\/div>\n<div class=\"vc_empty_space\"   style=\"height: 10px\"><span class=\"vc_empty_space_inner\"><\/span><\/div><div class=\"theme-button-expanded-wrap theme-button-wrap wpex-clr\"><a href=\"https:\/\/ff.unze.ba\/wp-content\/uploads\/2025\/04\/raspored-tos-24-25.pdf\" class=\"vcex-button theme-button large expanded  wpb_animate_when_almost_visible wpb_flipInY flipInY expanded\" style=\"background:#0c1b46;\" data-wpex-hover='{&quot;background&quot;:&quot;#000000&quot;}'><span class=\"theme-button-inner\">Timetabling<\/span><\/a><\/div> <div class=\"vc_empty_space\"   style=\"height: 10px\"><span class=\"vc_empty_space_inner\"><\/span><\/div><div class=\"theme-button-expanded-wrap theme-button-wrap wpex-clr\"><a href=\"https:\/\/ff.unze.ba\/wp-content\/uploads\/2023\/12\/redovni-ispitni-termini-studija-id-157-oid-2361.pdf\" class=\"vcex-button theme-button large expanded  wpb_animate_when_almost_visible wpb_flipInY flipInY expanded\" style=\"background:#0c1b46;\" data-wpex-hover='{&quot;background&quot;:&quot;#000000&quot;}'><span class=\"theme-button-inner\">Exam schedule<\/span><\/a><\/div> <\/div><\/div><\/div><div class=\"wpex-shape-divider wpex-shape-divider-triangle wpex-shape-divider-bottom wpex-shape-divider-rotate\"><svg class=\"wpex-shape-divider-svg\" style=\" height:2px; width:calc(100% + 1.3px);\" xmlns=\"http:\/\/www.w3.org\/2000\/svg\" viewbox=\"0 0 1000 100\" preserveaspectratio=\"none\"><path class=\"wpex-shape-divider-path\" fill=\"#0c1b46\" d=\"m500 98.9-500-92.8v-6.1h1000v6.1z\"\/><\/svg><\/div><\/div><div data-vc-full-width=\"true\" data-vc-full-width-init=\"false\" class=\"vc_row wpb_row vc_row-fluid vc_custom_1739190874166 vc_row-o-content-middle vc_row-flex wpex-vc_row-has-fill wpex-vc-row-stretched no-bottom-margins\"><div class=\"wpb_column vc_column_container vc_col-sm-6\"><div class=\"vc_column-inner\"><div class=\"wpb_wrapper\"><div class=\"vcex-heading vcex-module wpex-text-2xl wpex-font-normal wpex-m-auto wpex-max-w-100 vcex-heading-plain wpex-block\" style=\"color:#ffffff;font-size:11px;font-weight:600;text-transform:uppercase;\"><span class=\"vcex-heading-inner wpex-inline-block wpex-clr vc_custom_1717420040909\" style=\"background-color:#0c1b46;\">THE RIGHT CHOICE<\/span><\/div><div class=\"vcex-spacing wpex-w-100 wpex-clear\" style=\"height:10px;\"><\/div><style>.vcex_69d81c067bbd5{font-size:35px!important;}@media (max-width:767px){.vcex_69d81c067bbd5{font-size:30px!important;}}<\/style><h2 class=\"vcex-heading vcex-module wpex-text-2xl wpex-font-normal wpex-m-auto wpex-max-w-100 vcex-heading-plain wpex-block vcex_69d81c067bbd5\" data-wpex-hover=\"{&quot;color&quot;:&quot;#0c1b46&quot;}\" style=\"color:#000000;font-weight:700;\"><span class=\"vcex-heading-inner wpex-inline-block wpex-clr\">Study Physical Education and Sport!<\/span><\/h2><div class=\"vcex-module vcex-divider-dots wpex-mr-auto wpex-ml-auto wpex-last-mr-0 textleft\" style=\"padding-top:15px;padding-bottom:15px;\"><span class=\"wpex-inline-block wpex-round wpex-bg-accent wpex-mr-10\" style=\"background:#0c1b46;\"><\/span><span class=\"wpex-inline-block wpex-round wpex-bg-accent wpex-mr-10\" style=\"background:#0c1b46;\"><\/span><span class=\"wpex-inline-block wpex-round wpex-bg-accent wpex-mr-10\" style=\"background:#0c1b46;\"><\/span><\/div>\n\t<div style=\"color:rgba(0,0,0,0.5);\" class=\"wpb_text_column has-custom-color wpex-child-inherit-color wpb_content_element\" >\n\t\t<div class=\"wpb_wrapper\">\n\t\t\t<p>The Physical Education and Sports study program promotes a healthy lifestyle, develops professional knowledge about physical activity and sports, and prepares students for work in education, sports, and recreation.<\/p>\n\n\t\t<\/div>\n\t<\/div>\n<div class=\"vcex-spacing wpex-w-100 wpex-clear\" style=\"height:30px;\"><\/div><div class=\"vcex-multi-buttons wpex-flex wpex-flex-wrap wpex-items-center wpex-gap-10 wpex-justify-start\" style=\"font-size:.92em;letter-spacing:1px;font-weight:700;border-radius:0;gap:20px;\"><a href=\"https:\/\/ff.unze.ba\/wp-content\/uploads\/2024\/03\/tjelesni-opce-info.pdf\" class=\"theme-button flat vcex-count-1\" style=\"padding-top:12px;padding-right:30px;padding-bottom:12px;padding-left:30px;border-width:2px; background:#0c1b46;\" data-wpex-hover=\"{&quot;background&quot;:&quot;#05138c&quot;}\">GENERAL INFORMATION<\/a><\/div><\/div><\/div><\/div><div class=\"wpb_column vc_column_container vc_col-sm-6\"><div class=\"vc_column-inner\"><div class=\"wpb_wrapper\">\n\t<div  class=\"wpb_single_image wpb_content_element vc_align_\">\n\t\t\n\t\t<figure class=\"wpb_wrapper vc_figure\">\n\t\t\t<div class=\"vc_single_image-wrapper   vc_box_border_grey\"><img loading=\"lazy\" decoding=\"async\" width=\"980\" height=\"667\" src=\"https:\/\/ff.unze.ba\/wp-content\/uploads\/2024\/03\/IMG-82bde0803b35cb502686fdda143fce6d-V-2-1024x697.jpg\" class=\"vc_single_image-img attachment-large\" alt=\"\" srcset=\"https:\/\/ff.unze.ba\/wp-content\/uploads\/2024\/03\/IMG-82bde0803b35cb502686fdda143fce6d-V-2-1024x697.jpg 1024w, https:\/\/ff.unze.ba\/wp-content\/uploads\/2024\/03\/IMG-82bde0803b35cb502686fdda143fce6d-V-2-300x204.jpg 300w, https:\/\/ff.unze.ba\/wp-content\/uploads\/2024\/03\/IMG-82bde0803b35cb502686fdda143fce6d-V-2-768x522.jpg 768w, https:\/\/ff.unze.ba\/wp-content\/uploads\/2024\/03\/IMG-82bde0803b35cb502686fdda143fce6d-V-2-1536x1045.jpg 1536w, https:\/\/ff.unze.ba\/wp-content\/uploads\/2024\/03\/IMG-82bde0803b35cb502686fdda143fce6d-V-2-18x12.jpg 18w, https:\/\/ff.unze.ba\/wp-content\/uploads\/2024\/03\/IMG-82bde0803b35cb502686fdda143fce6d-V-2-200x136.jpg 200w, https:\/\/ff.unze.ba\/wp-content\/uploads\/2024\/03\/IMG-82bde0803b35cb502686fdda143fce6d-V-2.jpg 1595w\" sizes=\"auto, (max-width: 980px) 100vw, 980px\" \/><\/div>\n\t\t<\/figure>\n\t<\/div>\n<\/div><\/div><\/div><\/div><div class=\"vc_row-full-width vc_clearfix\"><\/div><div data-vc-full-width=\"true\" data-vc-full-width-init=\"false\" class=\"vc_row wpb_row vc_row-fluid vc_custom_1707819373922 wpex-vc_row-has-fill wpex-vc-row-stretched\"><div class=\"wpb_column vc_column_container vc_col-sm-12\"><div class=\"vc_column-inner\"><div class=\"wpb_wrapper\"><div class=\"vc_empty_space\"   style=\"height: 50px\"><span class=\"vc_empty_space_inner\"><\/span><\/div>\n\t<div style=\"color:#002244;\" class=\"wpb_text_column has-custom-color wpex-child-inherit-color wpb_content_element\" >\n\t\t<div class=\"wpb_wrapper\">\n\t\t\t<p><strong><span style=\"font-size: 24px;\">Bulletin board<\/span><\/strong><\/p>\n\n\t\t<\/div>\n\t<\/div>\n<div class=\"vc_empty_space\"   style=\"height: 50px\"><span class=\"vc_empty_space_inner\"><\/span><\/div><div class=\"vcex-module vcex-blog-grid-wrap wpex-clr\"><div class=\"wpex-row vcex-blog-grid wpex-clr entries\"><div class=\"vcex-blog-entry vcex-grid-item entry-has-details span_1_of_4 col-1 col post-27018 entry type-post has-media cat-50 cat-83\"><div class=\"vcex-blog-entry-inner entry-inner wpex-first-mt-0 wpex-last-mb-0 wpex-clr\"><div class=\"vcex-blog-entry-media entry-media\"><a href=\"https:\/\/ff.unze.ba\/en\/autenticna-motivacija-predavanje-tomislava-cvitanusica-na-filozofskom-fakultetu-u-zenici\/\" title=\"Autenti\u010dna motivacija: Predavanje Tomislava Cvitanu\u0161i\u0107a na Filozofskom fakultetu u Zenici\"><img decoding=\"async\" width=\"1024\" height=\"768\" src=\"https:\/\/ff.unze.ba\/wp-content\/uploads\/2026\/04\/20260409_180437-Medium.jpg\" class=\"vcex-blog-entry-img wpex-align-middle\" alt=\"\" loading=\"lazy\" srcset=\"https:\/\/ff.unze.ba\/wp-content\/uploads\/2026\/04\/20260409_180437-Medium.jpg 1024w, https:\/\/ff.unze.ba\/wp-content\/uploads\/2026\/04\/20260409_180437-Medium-300x225.jpg 300w, https:\/\/ff.unze.ba\/wp-content\/uploads\/2026\/04\/20260409_180437-Medium-768x576.jpg 768w, https:\/\/ff.unze.ba\/wp-content\/uploads\/2026\/04\/20260409_180437-Medium-16x12.jpg 16w, https:\/\/ff.unze.ba\/wp-content\/uploads\/2026\/04\/20260409_180437-Medium-200x150.jpg 200w\" sizes=\"auto, (max-width: 1024px) 100vw, 1024px\" \/><\/a><\/div><div class=\"vcex-blog-entry-details entry-details wpex-bordered wpex-first-mt-0 wpex-last-mb-0 wpex-clr\"><h2 class=\"vcex-blog-entry-title entry-title wpex-mb-5\"><a href=\"https:\/\/ff.unze.ba\/en\/autenticna-motivacija-predavanje-tomislava-cvitanusica-na-filozofskom-fakultetu-u-zenici\/\">Autenti\u010dna motivacija: Predavanje Tomislava Cvitanu\u0161i\u0107a na Filozofskom fakultetu u Zenici<\/a><\/h2><div class=\"vcex-blog-entry-date entry-date wpex-text-sm wpex-text-gray-600 wpex-mb-5\">9. April 2026.<\/div><div class=\"vcex-blog-entry-excerpt entry-excerpt wpex-my-15 wpex-last-mb-0 wpex-clr\"><p>U okviru manifestacije STUFEK 2026 na Filozofskom fakultetu Univerziteta u Zenici u \u010detvrtak,\u00a0 09. 04.,&hellip;<\/p><\/div><div class=\"vcex-blog-entry-readmore-wrap entry-readmore-wrap wpex-my-15 wpex-clr\"><a href=\"https:\/\/ff.unze.ba\/en\/autenticna-motivacija-predavanje-tomislava-cvitanusica-na-filozofskom-fakultetu-u-zenici\/\" class=\"theme-button\">read more<\/a><\/div><\/div><\/div><\/div><div class=\"vcex-blog-entry vcex-grid-item entry-has-details span_1_of_4 col-2 col post-26793 entry type-post has-media cat-50 cat-83\"><div class=\"vcex-blog-entry-inner entry-inner wpex-first-mt-0 wpex-last-mb-0 wpex-clr\"><div class=\"vcex-blog-entry-media entry-media\"><a href=\"https:\/\/ff.unze.ba\/en\/filozofski-fakultet-i-ministarstvo-unutrasnjih-poslova-zdk-potpisali-ugovor-o-koristenju-bazena\/\" title=\"Filozofski fakultet i Ministarstvo unutra\u0161njih poslova ZDK potpisali ugovor o kori\u0161tenju bazena\"><img decoding=\"async\" width=\"1600\" height=\"1074\" src=\"https:\/\/ff.unze.ba\/wp-content\/uploads\/2026\/03\/IMG-1b16e59186a8adb0403de408169b2e7e-V.jpg\" class=\"vcex-blog-entry-img wpex-align-middle\" alt=\"\" loading=\"lazy\" srcset=\"https:\/\/ff.unze.ba\/wp-content\/uploads\/2026\/03\/IMG-1b16e59186a8adb0403de408169b2e7e-V.jpg 1600w, https:\/\/ff.unze.ba\/wp-content\/uploads\/2026\/03\/IMG-1b16e59186a8adb0403de408169b2e7e-V-300x201.jpg 300w, https:\/\/ff.unze.ba\/wp-content\/uploads\/2026\/03\/IMG-1b16e59186a8adb0403de408169b2e7e-V-1024x687.jpg 1024w, https:\/\/ff.unze.ba\/wp-content\/uploads\/2026\/03\/IMG-1b16e59186a8adb0403de408169b2e7e-V-768x516.jpg 768w, https:\/\/ff.unze.ba\/wp-content\/uploads\/2026\/03\/IMG-1b16e59186a8adb0403de408169b2e7e-V-1536x1031.jpg 1536w, https:\/\/ff.unze.ba\/wp-content\/uploads\/2026\/03\/IMG-1b16e59186a8adb0403de408169b2e7e-V-18x12.jpg 18w, https:\/\/ff.unze.ba\/wp-content\/uploads\/2026\/03\/IMG-1b16e59186a8adb0403de408169b2e7e-V-200x134.jpg 200w\" sizes=\"auto, (max-width: 1600px) 100vw, 1600px\" \/><\/a><\/div><div class=\"vcex-blog-entry-details entry-details wpex-bordered wpex-first-mt-0 wpex-last-mb-0 wpex-clr\"><h2 class=\"vcex-blog-entry-title entry-title wpex-mb-5\"><a href=\"https:\/\/ff.unze.ba\/en\/filozofski-fakultet-i-ministarstvo-unutrasnjih-poslova-zdk-potpisali-ugovor-o-koristenju-bazena\/\">Filozofski fakultet i Ministarstvo unutra\u0161njih poslova ZDK potpisali ugovor o kori\u0161tenju bazena<\/a><\/h2><div class=\"vcex-blog-entry-date entry-date wpex-text-sm wpex-text-gray-600 wpex-mb-5\">11. March 2026.<\/div><div class=\"vcex-blog-entry-excerpt entry-excerpt wpex-my-15 wpex-last-mb-0 wpex-clr\"><p>Filozofski fakultet Univerziteta u Zenici i Ministarstvo unutra\u0161njih poslova Zeni\u010dko-dobojskog kantona potpisali su ugovor o&hellip;<\/p><\/div><div class=\"vcex-blog-entry-readmore-wrap entry-readmore-wrap wpex-my-15 wpex-clr\"><a href=\"https:\/\/ff.unze.ba\/en\/filozofski-fakultet-i-ministarstvo-unutrasnjih-poslova-zdk-potpisali-ugovor-o-koristenju-bazena\/\" class=\"theme-button\">read more<\/a><\/div><\/div><\/div><\/div><div class=\"vcex-blog-entry vcex-grid-item entry-has-details span_1_of_4 col-3 col post-26106 entry type-post has-media cat-50 cat-83\"><div class=\"vcex-blog-entry-inner entry-inner wpex-first-mt-0 wpex-last-mb-0 wpex-clr\"><div class=\"vcex-blog-entry-media entry-media\"><a href=\"https:\/\/ff.unze.ba\/en\/zlato-za-naseg-studenta-abedin-mujezinovic-najbrzi-na-balkanu-na-800-metara\/\" title=\"Zlato za na\u0161eg studenta: Abedin Mujezinovi\u0107 najbr\u017ei na Balkanu na 800 metara\"><img decoding=\"async\" width=\"1038\" height=\"1178\" src=\"https:\/\/ff.unze.ba\/wp-content\/uploads\/2026\/02\/IMG-57d3b1fcafee1cfcadec0a6efa6335c6-V.jpg\" class=\"vcex-blog-entry-img wpex-align-middle\" alt=\"\" loading=\"lazy\" srcset=\"https:\/\/ff.unze.ba\/wp-content\/uploads\/2026\/02\/IMG-57d3b1fcafee1cfcadec0a6efa6335c6-V.jpg 1038w, https:\/\/ff.unze.ba\/wp-content\/uploads\/2026\/02\/IMG-57d3b1fcafee1cfcadec0a6efa6335c6-V-264x300.jpg 264w, https:\/\/ff.unze.ba\/wp-content\/uploads\/2026\/02\/IMG-57d3b1fcafee1cfcadec0a6efa6335c6-V-902x1024.jpg 902w, https:\/\/ff.unze.ba\/wp-content\/uploads\/2026\/02\/IMG-57d3b1fcafee1cfcadec0a6efa6335c6-V-768x872.jpg 768w, https:\/\/ff.unze.ba\/wp-content\/uploads\/2026\/02\/IMG-57d3b1fcafee1cfcadec0a6efa6335c6-V-11x12.jpg 11w, https:\/\/ff.unze.ba\/wp-content\/uploads\/2026\/02\/IMG-57d3b1fcafee1cfcadec0a6efa6335c6-V-200x227.jpg 200w\" sizes=\"auto, (max-width: 1038px) 100vw, 1038px\" \/><\/a><\/div><div class=\"vcex-blog-entry-details entry-details wpex-bordered wpex-first-mt-0 wpex-last-mb-0 wpex-clr\"><h2 class=\"vcex-blog-entry-title entry-title wpex-mb-5\"><a href=\"https:\/\/ff.unze.ba\/en\/zlato-za-naseg-studenta-abedin-mujezinovic-najbrzi-na-balkanu-na-800-metara\/\">Zlato za na\u0161eg studenta: Abedin Mujezinovi\u0107 najbr\u017ei na Balkanu na 800 metara<\/a><\/h2><div class=\"vcex-blog-entry-date entry-date wpex-text-sm wpex-text-gray-600 wpex-mb-5\">22. February 2026.<\/div><div class=\"vcex-blog-entry-excerpt entry-excerpt wpex-my-15 wpex-last-mb-0 wpex-clr\"><p>Bosanskohercegova\u010dki srednjepruga\u0161 Abedin Mujezinovi\u0107, \u010dlan Atletskog kluba Sarajevo, osvojio je zlatnu medalju u utrci na&hellip;<\/p><\/div><div class=\"vcex-blog-entry-readmore-wrap entry-readmore-wrap wpex-my-15 wpex-clr\"><a href=\"https:\/\/ff.unze.ba\/en\/zlato-za-naseg-studenta-abedin-mujezinovic-najbrzi-na-balkanu-na-800-metara\/\" class=\"theme-button\">read more<\/a><\/div><\/div><\/div><\/div><div class=\"vcex-blog-entry vcex-grid-item entry-has-details span_1_of_4 col-4 col post-25705 entry type-post has-media cat-50 cat-83\"><div class=\"vcex-blog-entry-inner entry-inner wpex-first-mt-0 wpex-last-mb-0 wpex-clr\"><div class=\"vcex-blog-entry-media entry-media\"><a href=\"https:\/\/ff.unze.ba\/en\/visit-of-male-and-female-students-of-physical-education-and-sports-jp-for-sports-facilities-and-fields\/\" title=\"VISIT OF STUDENTS OF PHYSICAL EDUCATION AND SPORTS JP FOR SPORTS FACILITIES AND FIELDS\"><img decoding=\"async\" width=\"1179\" height=\"888\" src=\"https:\/\/ff.unze.ba\/wp-content\/uploads\/2025\/11\/naslovna-fotografija-1.jpg\" class=\"vcex-blog-entry-img wpex-align-middle\" alt=\"\" loading=\"lazy\" srcset=\"https:\/\/ff.unze.ba\/wp-content\/uploads\/2025\/11\/naslovna-fotografija-1.jpg 1179w, https:\/\/ff.unze.ba\/wp-content\/uploads\/2025\/11\/naslovna-fotografija-1-300x226.jpg 300w, https:\/\/ff.unze.ba\/wp-content\/uploads\/2025\/11\/naslovna-fotografija-1-1024x771.jpg 1024w, https:\/\/ff.unze.ba\/wp-content\/uploads\/2025\/11\/naslovna-fotografija-1-768x578.jpg 768w, https:\/\/ff.unze.ba\/wp-content\/uploads\/2025\/11\/naslovna-fotografija-1-16x12.jpg 16w, https:\/\/ff.unze.ba\/wp-content\/uploads\/2025\/11\/naslovna-fotografija-1-200x151.jpg 200w\" sizes=\"auto, (max-width: 1179px) 100vw, 1179px\" \/><\/a><\/div><div class=\"vcex-blog-entry-details entry-details wpex-bordered wpex-first-mt-0 wpex-last-mb-0 wpex-clr\"><h2 class=\"vcex-blog-entry-title entry-title wpex-mb-5\"><a href=\"https:\/\/ff.unze.ba\/en\/visit-of-male-and-female-students-of-physical-education-and-sports-jp-for-sports-facilities-and-fields\/\">VISIT OF STUDENTS OF PHYSICAL EDUCATION AND SPORTS JP FOR SPORTS FACILITIES AND FIELDS<\/a><\/h2><div class=\"vcex-blog-entry-date entry-date wpex-text-sm wpex-text-gray-600 wpex-mb-5\">November 19, 2025.<\/div><div class=\"vcex-blog-entry-excerpt entry-excerpt wpex-my-15 wpex-last-mb-0 wpex-clr\"><p>As part of the optional subject Teamwork, female students and students of the fourth year of the study program Physical Education...<\/p><\/div><div class=\"vcex-blog-entry-readmore-wrap entry-readmore-wrap wpex-my-15 wpex-clr\"><a href=\"https:\/\/ff.unze.ba\/en\/visit-of-male-and-female-students-of-physical-education-and-sports-jp-for-sports-facilities-and-fields\/\" class=\"theme-button\">read more<\/a><\/div><\/div><\/div><\/div><\/div><div class=\"wpex-pagination wpex-clear wpex-mt-30 wpex-clr\"><ul class='page-numbers'>\n\t<li><span aria-current=\"page\" class=\"page-numbers current\"><span class=\"screen-reader-text\">Page <\/span>1<\/span><\/li>\n\t<li><a class=\"page-numbers\" href=\"https:\/\/ff.unze.ba\/en\/wp-json\/wp\/v2\/pages\/18318\/page\/2\/\"><span class=\"screen-reader-text\">Page <\/span>2<\/a><\/li>\n\t<li><a class=\"page-numbers\" href=\"https:\/\/ff.unze.ba\/en\/wp-json\/wp\/v2\/pages\/18318\/page\/3\/\"><span class=\"screen-reader-text\">Page <\/span>3<\/a><\/li>\n\t<li><a class=\"page-numbers\" href=\"https:\/\/ff.unze.ba\/en\/wp-json\/wp\/v2\/pages\/18318\/page\/4\/\"><span class=\"screen-reader-text\">Page <\/span>4<\/a><\/li>\n\t<li><a class=\"page-numbers\" href=\"https:\/\/ff.unze.ba\/en\/wp-json\/wp\/v2\/pages\/18318\/page\/5\/\"><span class=\"screen-reader-text\">Page <\/span>5<\/a><\/li>\n\t<li><a class=\"next page-numbers\" href=\"https:\/\/ff.unze.ba\/en\/wp-json\/wp\/v2\/pages\/18318\/page\/2\/\"><span class=\"ticon ticon-angle-right\" aria-hidden=\"true\"><\/span><span class=\"screen-reader-text\">Next<\/span><\/a><\/li>\n<\/ul>\n<\/div><\/div><\/div><\/div><\/div><\/div><div class=\"vc_row-full-width vc_clearfix\"><\/div>","protected":false},"excerpt":{"rendered":"As part of the elective course Teamwork of students and students of the fourth...","protected":false},"author":7,"featured_media":0,"parent":0,"menu_order":0,"comment_status":"closed","ping_status":"closed","template":"","meta":{"footnotes":""},"class_list":["post-18318","page","type-page","status-publish","hentry","entry","has-media"],"rttpg_featured_image_url":null,"rttpg_author":{"display_name":"Filozofski","author_link":"https:\/\/ff.unze.ba\/en\/author\/filozofski\/"},"rttpg_comment":0,"rttpg_category":"","rttpg_excerpt":null,"_links":{"self":[{"href":"https:\/\/ff.unze.ba\/en\/wp-json\/wp\/v2\/pages\/18318","targetHints":{"allow":["GET"]}}],"collection":[{"href":"https:\/\/ff.unze.ba\/en\/wp-json\/wp\/v2\/pages"}],"about":[{"href":"https:\/\/ff.unze.ba\/en\/wp-json\/wp\/v2\/types\/page"}],"author":[{"embeddable":true,"href":"https:\/\/ff.unze.ba\/en\/wp-json\/wp\/v2\/users\/7"}],"replies":[{"embeddable":true,"href":"https:\/\/ff.unze.ba\/en\/wp-json\/wp\/v2\/comments?post=18318"}],"version-history":[{"count":21,"href":"https:\/\/ff.unze.ba\/en\/wp-json\/wp\/v2\/pages\/18318\/revisions"}],"predecessor-version":[{"id":24262,"href":"https:\/\/ff.unze.ba\/en\/wp-json\/wp\/v2\/pages\/18318\/revisions\/24262"}],"wp:attachment":[{"href":"https:\/\/ff.unze.ba\/en\/wp-json\/wp\/v2\/media?parent=18318"}],"curies":[{"name":"wp","href":"https:\/\/api.w.org\/{rel}","templated":true}]}}