{"id":12916,"date":"2018-01-18T16:50:08","date_gmt":"2018-01-18T15:50:08","guid":{"rendered":"https:\/\/ff.unze.ba\/?page_id=12916"},"modified":"2018-10-22T10:54:47","modified_gmt":"2018-10-22T08:54:47","slug":"obavjestenja","status":"publish","type":"page","link":"https:\/\/ff.unze.ba\/en\/advertising-board\/notifications\/","title":{"rendered":"Notifications"},"content":{"rendered":"<div class=\"vc_row wpb_row vc_row-fluid\"><div class=\"wpb_column vc_column_container vc_col-sm-12\"><div class=\"vc_column-inner\"><div class=\"wpb_wrapper\"><\/div><\/div><\/div><\/div><div class=\"vc_row wpb_row vc_row-fluid\"><div class=\"wpb_column vc_column_container vc_col-sm-12\"><div class=\"vc_column-inner\"><div class=\"wpb_wrapper\"><div class=\"vc_empty_space\"   style=\"height: 32px\"><span class=\"vc_empty_space_inner\"><\/span><\/div><div class=\"vcex-module vcex-blog-grid-wrap wpex-clr\"><div class=\"wpex-row vcex-blog-grid wpex-clr entries match-height-grid\"><div class=\"vcex-blog-entry vcex-grid-item entry-has-details span_1_of_4 col-1 col post-27290 entry type-post has-media cat-50 cat-42 cat-112\"><div class=\"vcex-blog-entry-inner entry-inner wpex-first-mt-0 wpex-last-mb-0 wpex-clr\"><div class=\"vcex-blog-entry-details entry-details wpex-bordered wpex-first-mt-0 wpex-last-mb-0 wpex-clr\"><div class=\"match-height-content\"><h2 class=\"vcex-blog-entry-title entry-title wpex-mb-5\"><a href=\"https:\/\/ff.unze.ba\/en\/prvi-susret-kluba-knjige-papagajeva-teorema\/\">Prvi susret Kluba knjige \u201ePapagajeva teorema\u201c<\/a><\/h2><div class=\"vcex-blog-entry-date entry-date wpex-text-sm wpex-text-gray-600 wpex-mb-5\">8. May 2026.<\/div><div class=\"vcex-blog-entry-excerpt entry-excerpt wpex-my-15 wpex-last-mb-0 wpex-clr\"><p>Prvi susret Kluba knjige \u201ePapagajeva teorema\u201c uspje\u0161no je realizovan u ugodnoj i inspirativnoj atmosferi. Razgovarali&hellip;<\/p><\/div><div class=\"vcex-blog-entry-readmore-wrap entry-readmore-wrap wpex-my-15 wpex-clr\"><a href=\"https:\/\/ff.unze.ba\/en\/prvi-susret-kluba-knjige-papagajeva-teorema\/\" class=\"theme-button\">More<\/a><\/div><\/div><\/div><\/div><\/div><div class=\"vcex-blog-entry vcex-grid-item entry-has-details span_1_of_4 col-2 col post-27273 entry type-post has-media cat-50\"><div class=\"vcex-blog-entry-inner entry-inner wpex-first-mt-0 wpex-last-mb-0 wpex-clr\"><div class=\"vcex-blog-entry-details entry-details wpex-bordered wpex-first-mt-0 wpex-last-mb-0 wpex-clr\"><div class=\"match-height-content\"><h2 class=\"vcex-blog-entry-title entry-title wpex-mb-5\"><a href=\"https:\/\/ff.unze.ba\/en\/promocija-inskole-na-filozofskom-fakultetu-u-zenici\/\">Promocija In\u0160kole na Filozofskom fakultetu u Zenici<\/a><\/h2><div class=\"vcex-blog-entry-date entry-date wpex-text-sm wpex-text-gray-600 wpex-mb-5\">5. May 2026.<\/div><div class=\"vcex-blog-entry-excerpt entry-excerpt wpex-my-15 wpex-last-mb-0 wpex-clr\"><p>Na Filozofskom fakultetu Univerziteta u Zenici u utorak, 05.maja 2026. godine odr\u017eana je promocija platforme&hellip;<\/p><\/div><div class=\"vcex-blog-entry-readmore-wrap entry-readmore-wrap wpex-my-15 wpex-clr\"><a href=\"https:\/\/ff.unze.ba\/en\/promocija-inskole-na-filozofskom-fakultetu-u-zenici\/\" class=\"theme-button\">More<\/a><\/div><\/div><\/div><\/div><\/div><div class=\"vcex-blog-entry vcex-grid-item entry-has-details span_1_of_4 col-3 col post-27255 entry type-post has-media cat-50 cat-61 cat-112\"><div class=\"vcex-blog-entry-inner entry-inner wpex-first-mt-0 wpex-last-mb-0 wpex-clr\"><div class=\"vcex-blog-entry-details entry-details wpex-bordered wpex-first-mt-0 wpex-last-mb-0 wpex-clr\"><div class=\"match-height-content\"><h2 class=\"vcex-blog-entry-title entry-title wpex-mb-5\"><a href=\"https:\/\/ff.unze.ba\/en\/zasto-nam-ne-trebaju-slobodni-mediji-javna-tribina-i-obiljezavanje-svjetskog-dana-slobode-medija-na-filozofskom-fakultetu-u-zenici\/\">\u201cZa\u0161to nam (ne) trebaju slobodni mediji\u201d: javna tribina i obilje\u017eavanje Svjetskog dana slobode medija na Filozofskom fakultetu u Zenici<\/a><\/h2><div class=\"vcex-blog-entry-date entry-date wpex-text-sm wpex-text-gray-600 wpex-mb-5\">2. May 2026.<\/div><div class=\"vcex-blog-entry-excerpt entry-excerpt wpex-my-15 wpex-last-mb-0 wpex-clr\"><p>U sklopu Drugog studentskog festivals kulture STUFEK 2026, a u povodu obilje\u017eavanja Svjetskog dana slobode&hellip;<\/p><\/div><div class=\"vcex-blog-entry-readmore-wrap entry-readmore-wrap wpex-my-15 wpex-clr\"><a href=\"https:\/\/ff.unze.ba\/en\/zasto-nam-ne-trebaju-slobodni-mediji-javna-tribina-i-obiljezavanje-svjetskog-dana-slobode-medija-na-filozofskom-fakultetu-u-zenici\/\" class=\"theme-button\">More<\/a><\/div><\/div><\/div><\/div><\/div><div class=\"vcex-blog-entry vcex-grid-item entry-has-details span_1_of_4 col-4 col post-27244 entry type-post has-media cat-112 cat-50 cat-61 cat-43\"><div class=\"vcex-blog-entry-inner entry-inner wpex-first-mt-0 wpex-last-mb-0 wpex-clr\"><div class=\"vcex-blog-entry-details entry-details wpex-bordered wpex-first-mt-0 wpex-last-mb-0 wpex-clr\"><div class=\"match-height-content\"><h2 class=\"vcex-blog-entry-title entry-title wpex-mb-5\"><a href=\"https:\/\/ff.unze.ba\/en\/panel-diskusija-opera-ili-bosanska-korida\/\">Panel diskusija\u00a0&#8220;Opera ili bosanska korida&#8221;<\/a><\/h2><div class=\"vcex-blog-entry-date entry-date wpex-text-sm wpex-text-gray-600 wpex-mb-5\">29. April 2026.<\/div><div class=\"vcex-blog-entry-excerpt entry-excerpt wpex-my-15 wpex-last-mb-0 wpex-clr\"><p>Dana 28.4. 2026.godine u 12:00 u prostorijama Filozofskog fakulteta u Zenici odr\u017eana je panel diskusija\u00a0Opera&hellip;<\/p><\/div><div class=\"vcex-blog-entry-readmore-wrap entry-readmore-wrap wpex-my-15 wpex-clr\"><a href=\"https:\/\/ff.unze.ba\/en\/panel-diskusija-opera-ili-bosanska-korida\/\" class=\"theme-button\">More<\/a><\/div><\/div><\/div><\/div><\/div><div class=\"vcex-blog-entry vcex-grid-item entry-has-details span_1_of_4 col-1 col post-27238 entry type-post has-media cat-112 cat-50 cat-83\"><div class=\"vcex-blog-entry-inner entry-inner wpex-first-mt-0 wpex-last-mb-0 wpex-clr\"><div class=\"vcex-blog-entry-details entry-details wpex-bordered wpex-first-mt-0 wpex-last-mb-0 wpex-clr\"><div class=\"match-height-content\"><h2 class=\"vcex-blog-entry-title entry-title wpex-mb-5\"><a href=\"https:\/\/ff.unze.ba\/en\/odrzan-univerzitetski-turnir-u-odbojci\/\">ODR\u017dAN UNIVERZITETSKI TURNIR U ODBOJCI<\/a><\/h2><div class=\"vcex-blog-entry-date entry-date wpex-text-sm wpex-text-gray-600 wpex-mb-5\">29. April 2026.<\/div><div class=\"vcex-blog-entry-excerpt entry-excerpt wpex-my-15 wpex-last-mb-0 wpex-clr\"><p>IZVJE\u0160TAJ SA SPORTSKOG TAKMI\u010cENJA Univerzitet u Zenici \u2013 Turnir u odbojci izme\u0111u fakulteta Dana 24.&hellip;<\/p><\/div><div class=\"vcex-blog-entry-readmore-wrap entry-readmore-wrap wpex-my-15 wpex-clr\"><a href=\"https:\/\/ff.unze.ba\/en\/odrzan-univerzitetski-turnir-u-odbojci\/\" class=\"theme-button\">More<\/a><\/div><\/div><\/div><\/div><\/div><div class=\"vcex-blog-entry vcex-grid-item entry-has-details span_1_of_4 col-2 col post-27229 entry type-post has-media cat-50 cat-44 cat-112\"><div class=\"vcex-blog-entry-inner entry-inner wpex-first-mt-0 wpex-last-mb-0 wpex-clr\"><div class=\"vcex-blog-entry-details entry-details wpex-bordered wpex-first-mt-0 wpex-last-mb-0 wpex-clr\"><div class=\"match-height-content\"><h2 class=\"vcex-blog-entry-title entry-title wpex-mb-5\"><a href=\"https:\/\/ff.unze.ba\/en\/dramski-tekst-u-fokusu-odrzani-drugi-citalacki-susreti-sta-da-citamo\/\">Dramski tekst u fokusu: Odr\u017eani drugi \u010ditala\u010dki susreti \u201e\u0160ta (da) \u010ditamo?\u201c<\/a><\/h2><div class=\"vcex-blog-entry-date entry-date wpex-text-sm wpex-text-gray-600 wpex-mb-5\">28. April 2026.<\/div><div class=\"vcex-blog-entry-excerpt entry-excerpt wpex-my-15 wpex-last-mb-0 wpex-clr\"><p>ZENICA, 27. april 2026.\u00a0\u2013 Kontinuitet uspje\u0161nih akademskih aktivnosti u okviru manifestacije\u00a0STUFEK\u00a0nastavljen je odr\u017eavanjem druge sesije&hellip;<\/p><\/div><div class=\"vcex-blog-entry-readmore-wrap entry-readmore-wrap wpex-my-15 wpex-clr\"><a href=\"https:\/\/ff.unze.ba\/en\/dramski-tekst-u-fokusu-odrzani-drugi-citalacki-susreti-sta-da-citamo\/\" class=\"theme-button\">More<\/a><\/div><\/div><\/div><\/div><\/div><\/div><\/div><\/div><\/div><\/div><\/div>","protected":false},"excerpt":{"rendered":"ZENICA, 27. april 2026.\u00a0\u2013 Kontinuitet uspje\u0161nih akademskih aktivnosti u okviru&hellip;","protected":false},"author":7,"featured_media":0,"parent":12914,"menu_order":0,"comment_status":"closed","ping_status":"closed","template":"","meta":{"footnotes":""},"class_list":["post-12916","page","type-page","status-publish","hentry","entry","has-media"],"rttpg_featured_image_url":null,"rttpg_author":{"display_name":"Filozofski","author_link":"https:\/\/ff.unze.ba\/en\/author\/filozofski\/"},"rttpg_comment":0,"rttpg_category":"","rttpg_excerpt":null,"_links":{"self":[{"href":"https:\/\/ff.unze.ba\/en\/wp-json\/wp\/v2\/pages\/12916","targetHints":{"allow":["GET"]}}],"collection":[{"href":"https:\/\/ff.unze.ba\/en\/wp-json\/wp\/v2\/pages"}],"about":[{"href":"https:\/\/ff.unze.ba\/en\/wp-json\/wp\/v2\/types\/page"}],"author":[{"embeddable":true,"href":"https:\/\/ff.unze.ba\/en\/wp-json\/wp\/v2\/users\/7"}],"replies":[{"embeddable":true,"href":"https:\/\/ff.unze.ba\/en\/wp-json\/wp\/v2\/comments?post=12916"}],"version-history":[{"count":6,"href":"https:\/\/ff.unze.ba\/en\/wp-json\/wp\/v2\/pages\/12916\/revisions"}],"predecessor-version":[{"id":14193,"href":"https:\/\/ff.unze.ba\/en\/wp-json\/wp\/v2\/pages\/12916\/revisions\/14193"}],"up":[{"embeddable":true,"href":"https:\/\/ff.unze.ba\/en\/wp-json\/wp\/v2\/pages\/12914"}],"wp:attachment":[{"href":"https:\/\/ff.unze.ba\/en\/wp-json\/wp\/v2\/media?parent=12916"}],"curies":[{"name":"wp","href":"https:\/\/api.w.org\/{rel}","templated":true}]}}