{"id":12897,"date":"2018-01-18T16:44:53","date_gmt":"2018-01-18T15:44:53","guid":{"rendered":"https:\/\/ff.unze.ba\/?page_id=12897"},"modified":"2021-04-08T11:13:32","modified_gmt":"2021-04-08T09:13:32","slug":"seminarski-rad","status":"publish","type":"page","link":"https:\/\/ff.unze.ba\/en\/turkish-language-and-literature\/seminar-work-2\/","title":{"rendered":"Seminar paper"},"content":{"rendered":"<p><strong>TOPICS FOR SEMINAR PAPERS FROM THE COURSE<\/strong><\/p>\n<p><strong>SEMANTICS<\/strong><br \/>\n<em>(V semester, academic year 2020)<\/em><\/p>\n<ol>\n<li>Gerunds of manner in the novel &quot;K\u00fcrk Mantolu Madona&quot;<\/li>\n<li>Ablative postpositions in the novel &quot;A\u015fk&quot;<\/li>\n<li>Proparticiple of <em>- Dick<\/em> in the novel &quot;Yaprak D\u00f6k\u00fcm\u00fc&quot;<\/li>\n<li>Analytical forms of verbs in the Turkish language in the novel &quot;Masumiyet M\u00fczesi&quot;<\/li>\n<li>Active and passive verb mood in the novel &quot;Drina K\u00f6pr\u00fcs\u00fc&quot;<\/li>\n<li>Imperative and optative in the novel &quot;Dervi\u015f ve \u00d6l\u00fcm&quot;<\/li>\n<li>Participle of \u2013<em>en<\/em> in the novel &quot;Benim Ad\u0131m K\u0131rm\u0131z\u0131&quot;<\/li>\n<li>Gerunds of time in the novel &quot;Cevdet Bey ve O\u011fullar\u0131&quot;<\/li>\n<li>Present at <em>- r<\/em> in the novel &quot;\u015eimdiki \u00c7ocuklar Harika&quot;<\/li>\n<li>Proparticiple of <em>-ecec<\/em> in the novel &quot;Kiral\u0131k Konak&quot;<\/li>\n<\/ol>\n<p>SUBJECT HOLDER<br \/>\n<em>Van.Prof.Dr. Edina Solak<\/em><\/p>\n<p>&nbsp;<\/p>\n<p><strong>TOPICS OF SEMINAR PAPERS FROM THE COURSE<br \/>\n<i>TURKISMS IN THE BOSNIAN LANGUAGE<\/i><\/strong><\/p>\n<p><span style=\"font-weight: 400;\">\u00a0ON THE FIRST CYCLE OF ACADEMIC STUDIES 2020\/2021.<\/span><\/p>\n<ol>\n<li style=\"font-weight: 400;\" aria-level=\"1\"><span style=\"font-weight: 400;\">Turkisms in the work &quot;Dzhevdet Bey and Sons&quot; OP<\/span><\/li>\n<li style=\"font-weight: 400;\" aria-level=\"1\"><span style=\"font-weight: 400;\">Turkishisms in the work &quot;Ljubav&quot; E\u0160<\/span><\/li>\n<li style=\"font-weight: 400;\" aria-level=\"1\"><span style=\"font-weight: 400;\">Turkisms in the work &quot;Dervish and Death&quot; MS<\/span><\/li>\n<li style=\"font-weight: 400;\" aria-level=\"1\"><span style=\"font-weight: 400;\">Turkisms in the work &quot;Cursed Courtyard&quot; by IA<\/span><\/li>\n<li style=\"font-weight: 400;\" aria-level=\"1\"><span style=\"font-weight: 400;\">Turkisms in the work &quot;Legend of Ali Pasha&quot; EC<\/span><\/li>\n<li style=\"font-weight: 400;\" aria-level=\"1\"><span style=\"font-weight: 400;\">Turkishisms in the work &quot;Grmu\u0161a&quot; by RNG<\/span><\/li>\n<li style=\"font-weight: 400;\" aria-level=\"1\"><span style=\"font-weight: 400;\">Turkisms in the work &quot;My name is red&quot; OP<\/span><\/li>\n<li style=\"font-weight: 400;\" aria-level=\"1\"><span style=\"font-weight: 400;\">Turkisms in the work &quot;Black Book&quot; OP<\/span><\/li>\n<li style=\"font-weight: 400;\" aria-level=\"1\"><span style=\"font-weight: 400;\">Turkishisms in the work &quot;Museum of Innocence&quot; OP<\/span><\/li>\n<li style=\"font-weight: 400;\" aria-level=\"1\"><span style=\"font-weight: 400;\">Turkisms in the work &quot;House for Rent&quot; by YKK<\/span><\/li>\n<li style=\"font-weight: 400;\" aria-level=\"1\"><span style=\"font-weight: 400;\">Turkisms in the work &quot;Istanbul&quot; OP<\/span><\/li>\n<li style=\"font-weight: 400;\" aria-level=\"1\"><span style=\"font-weight: 400;\">Turkisms in the work &quot;Snow&quot; OP<\/span><\/li>\n<li style=\"font-weight: 400;\" aria-level=\"1\"><span style=\"font-weight: 400;\">Turkisms in the work &quot;White Castle&quot; OP<\/span><\/li>\n<\/ol>\n<p><span style=\"font-weight: 400;\">Subject teacher<br \/>\n<\/span><em><span style=\"font-weight: 400;\">Out. prof. Ph.D. Edina Solak<\/span><\/em><\/p>","protected":false},"excerpt":{"rendered":"<p>TOPICS FOR SEMINAR PAPERS IN THE SUBJECT OF SEMANTICS (V semester, academic...<\/p>","protected":false},"author":7,"featured_media":0,"parent":3378,"menu_order":0,"comment_status":"closed","ping_status":"closed","template":"","meta":{"footnotes":""},"class_list":["post-12897","page","type-page","status-publish","hentry","entry","no-media"],"rttpg_featured_image_url":null,"rttpg_author":{"display_name":"Filozofski","author_link":"https:\/\/ff.unze.ba\/en\/author\/filozofski\/"},"rttpg_comment":0,"rttpg_category":null,"rttpg_excerpt":"TEME ZA SEMINARSKE RADOVE IZ PREDMETA SEMANTIKA (V semestar, akademska&hellip;","_links":{"self":[{"href":"https:\/\/ff.unze.ba\/en\/wp-json\/wp\/v2\/pages\/12897","targetHints":{"allow":["GET"]}}],"collection":[{"href":"https:\/\/ff.unze.ba\/en\/wp-json\/wp\/v2\/pages"}],"about":[{"href":"https:\/\/ff.unze.ba\/en\/wp-json\/wp\/v2\/types\/page"}],"author":[{"embeddable":true,"href":"https:\/\/ff.unze.ba\/en\/wp-json\/wp\/v2\/users\/7"}],"replies":[{"embeddable":true,"href":"https:\/\/ff.unze.ba\/en\/wp-json\/wp\/v2\/comments?post=12897"}],"version-history":[{"count":5,"href":"https:\/\/ff.unze.ba\/en\/wp-json\/wp\/v2\/pages\/12897\/revisions"}],"predecessor-version":[{"id":17186,"href":"https:\/\/ff.unze.ba\/en\/wp-json\/wp\/v2\/pages\/12897\/revisions\/17186"}],"up":[{"embeddable":true,"href":"https:\/\/ff.unze.ba\/en\/wp-json\/wp\/v2\/pages\/3378"}],"wp:attachment":[{"href":"https:\/\/ff.unze.ba\/en\/wp-json\/wp\/v2\/media?parent=12897"}],"curies":[{"name":"wp","href":"https:\/\/api.w.org\/{rel}","templated":true}]}}