{"id":12881,"date":"2018-01-18T16:42:10","date_gmt":"2018-01-18T15:42:10","guid":{"rendered":"https:\/\/ff.unze.ba\/?page_id=12881"},"modified":"2023-02-26T15:46:50","modified_gmt":"2023-02-26T14:46:50","slug":"nastavni-tim","status":"publish","type":"page","link":"https:\/\/ff.unze.ba\/en\/bosnian-croatian-serbian-language-and-literature\/teaching-team-2\/","title":{"rendered":"Teaching team"},"content":{"rendered":"<h2 style=\"text-align: center;\">SUMMER SEMESTER \u2013 TEACHING TEAMS 2022\/2023.<\/h2>\n<p style=\"text-align: center;\"><strong>Study program Bosnian, Croatian, Serbian language and literature<\/strong><\/p>\n<h2><\/h2>\n<h2>SECOND YEAR (NPP 2019\/20)<\/h2>\n<h1>Fourth semester<\/h1>\n<table>\n<tbody>\n<tr>\n<td width=\"210\"><strong>Subject<\/strong><\/td>\n<td width=\"94\"><strong>Lectures<\/strong><\/td>\n<td width=\"61\"><strong>Exercises<\/strong><\/td>\n<td width=\"165\"><strong>Lectures<\/strong><\/td>\n<td width=\"177\"><strong>Exercises<\/strong><\/td>\n<\/tr>\n<tr>\n<td width=\"210\">Dialectology<\/td>\n<td width=\"94\">2<\/td>\n<td width=\"61\">2<\/td>\n<td width=\"165\">out. prof. Ph.D. Emira Me\u0161anovi\u0107-Me\u0161a<\/td>\n<td width=\"177\">as. Larisa Mahmi\u0107<\/td>\n<\/tr>\n<tr>\n<td width=\"210\">Lexicology<\/td>\n<td width=\"94\">2<\/td>\n<td width=\"61\">2<\/td>\n<td width=\"165\">prof. Ph.D. Edina Solak<\/td>\n<td width=\"177\">as. Larisa Mahmi\u0107<\/td>\n<\/tr>\n<tr>\n<td width=\"210\">Introduction to world literature II<\/td>\n<td width=\"94\">3<\/td>\n<td width=\"61\">2<\/td>\n<td width=\"165\">Assoc. Ph.D. Ikbal Smajlovi\u0107<\/td>\n<td width=\"177\">Azijada Zahirovi\u0107, expert in practice<\/td>\n<\/tr>\n<tr>\n<td width=\"210\">Literature for children<\/td>\n<td width=\"94\">2<\/td>\n<td width=\"61\">2<\/td>\n<td width=\"165\">out. prof. Ph.D. Edisa Gazeti\u0107<\/td>\n<td width=\"177\">c. as. Ph.D. Alma Skopljak<\/td>\n<\/tr>\n<tr>\n<td width=\"210\">South Slavic literature I<\/td>\n<td width=\"94\">3<\/td>\n<td width=\"61\">2<\/td>\n<td width=\"165\">out. prof. Ph.D. Edisa Gazeti\u0107<\/td>\n<td width=\"177\">c. as. Ph.D. Alma Skopljak<\/td>\n<\/tr>\n<tr>\n<td width=\"210\">Didactics<\/td>\n<td width=\"94\">2<\/td>\n<td width=\"61\">1<\/td>\n<td width=\"165\">Assoc. Ph.D. Amer Caro<\/td>\n<td width=\"177\">as. Tarik Hasanic<\/td>\n<\/tr>\n<\/tbody>\n<\/table>\n<p>&nbsp;<\/p>\n<h2>THIRD YEAR (NPP 2019\/20)<\/h2>\n<h1>Sixth semester<\/h1>\n<table width=\"0\">\n<tbody>\n<tr>\n<td width=\"319\"><strong>Subject<\/strong><\/td>\n<td width=\"96\"><strong>Lectures<\/strong><\/td>\n<td width=\"66\"><strong>Exercises<\/strong><\/td>\n<td width=\"224\"><strong>Lectures<\/strong><\/td>\n<td width=\"255\"><strong>Exercises<\/strong><\/td>\n<\/tr>\n<tr>\n<td width=\"319\">Syntax II<\/td>\n<td width=\"96\">2<\/td>\n<td width=\"66\">2<\/td>\n<td width=\"224\">out. prof. Ph.D. Alica Arnaut<\/td>\n<td width=\"255\">as. Larisa Mahmi\u0107<\/td>\n<\/tr>\n<tr>\n<td width=\"319\">History of language II<\/td>\n<td width=\"96\">2<\/td>\n<td width=\"66\">2<\/td>\n<td width=\"224\">Assoc. Ph.D. Mehmed Kardas<\/td>\n<td width=\"255\">as. Larisa Mahmi\u0107<\/td>\n<\/tr>\n<tr>\n<td width=\"319\">Literature of BiH IV<\/td>\n<td width=\"96\">3<\/td>\n<td width=\"66\">2<\/td>\n<td width=\"224\">prof. Ph.D. Muris Bajramovi\u0107<\/td>\n<td width=\"255\">prof. Ph.D. Muris Bajramovi\u0107<\/td>\n<\/tr>\n<tr>\n<td width=\"319\">Literary work of Ivo Andri\u0107<\/td>\n<td width=\"96\">2<\/td>\n<td width=\"66\">2<\/td>\n<td width=\"224\">prof. Ph.D. Muris Bajramovi\u0107<\/td>\n<td width=\"255\">prof. Ph.D. Muris Bajramovi\u0107<\/td>\n<\/tr>\n<tr>\n<td width=\"319\">Language and Literature Teaching Methodology II<\/td>\n<td width=\"96\">2<\/td>\n<td width=\"66\">2<\/td>\n<td width=\"224\">out. prof. Ph.D. Alica Arnaut<\/td>\n<td width=\"255\">D\u017eevahira Dizdar, expert in practice<\/td>\n<\/tr>\n<tr>\n<td width=\"319\">Media language (elective subject)<\/td>\n<td width=\"96\">2<\/td>\n<td width=\"66\">2<\/td>\n<td width=\"224\">prof. Ph.D. Edina Solak<\/td>\n<td width=\"255\">as. Larisa Mahmi\u0107<\/td>\n<\/tr>\n<tr>\n<td width=\"319\">Poetics of travel writing (elective subject)<\/td>\n<td width=\"96\">2<\/td>\n<td width=\"66\">2<\/td>\n<td width=\"224\">Assoc. Ph.D. Ikbal Smajlovi\u0107<\/td>\n<td width=\"255\">Assoc. Ph.D. Ikbal Smajlovi\u0107<\/td>\n<\/tr>\n<\/tbody>\n<\/table>\n<p>&nbsp;<\/p>\n<h2>FOURTH YEAR (NPP 2019\/20)<\/h2>\n<h1>Eighth semester<\/h1>\n<table width=\"0\">\n<tbody>\n<tr>\n<td width=\"311\"><strong>Subject<\/strong><\/td>\n<td width=\"96\"><strong>Lectures<\/strong><\/td>\n<td width=\"66\"><strong>Exercises<\/strong><\/td>\n<td width=\"224\"><strong>Lectures<\/strong><\/td>\n<td width=\"255\"><strong>Exercises<\/strong><\/td>\n<\/tr>\n<tr>\n<td width=\"311\">Semantics<\/td>\n<td width=\"96\"><strong>2<\/strong><\/td>\n<td width=\"66\"><strong>2<\/strong><\/td>\n<td width=\"224\">\u00a0prof. Ph.D. Edina Solak<\/td>\n<td width=\"255\">as. Larisa Mahmi\u0107<\/td>\n<\/tr>\n<tr>\n<td width=\"311\">Stylistics<\/td>\n<td width=\"96\"><strong>2<\/strong><\/td>\n<td width=\"66\"><strong>2<\/strong><\/td>\n<td width=\"224\">out. prof. Ph.D. Alica Arnaut<\/td>\n<td width=\"255\">as. Larisa Mahmi\u0107<\/td>\n<\/tr>\n<tr>\n<td width=\"311\">Introduction to literary theories of the 20th century<\/td>\n<td width=\"96\"><strong>3<\/strong><\/td>\n<td width=\"66\"><strong>2<\/strong><\/td>\n<td width=\"224\">prof. Ph.D. Muris Bajramovi\u0107<\/td>\n<td width=\"255\">c. as. Ph.D. Alma Skopljak<\/td>\n<\/tr>\n<tr>\n<td width=\"311\">Postcolonial perspectives of reading Bosnian literature<\/td>\n<td width=\"96\"><strong>2<\/strong><\/td>\n<td width=\"66\"><strong>2<\/strong><\/td>\n<td width=\"224\">Assoc. Ph.D. Ikbal Smajlovi\u0107<\/td>\n<td width=\"255\">c. as. Ph.D. Alma Skopljak<\/td>\n<\/tr>\n<tr>\n<td width=\"311\">School practice<\/td>\n<td width=\"96\"><strong>2<\/strong><\/td>\n<td width=\"66\"><strong>2<\/strong><\/td>\n<td width=\"224\">out. prof. Ph.D. Alica Arnaut<\/td>\n<td width=\"255\">D\u017eevahira Dizdar, expert in practice<\/td>\n<\/tr>\n<tr>\n<td width=\"311\">Phraseology (elective subject)<\/td>\n<td width=\"96\"><strong>2<\/strong><\/td>\n<td width=\"66\"><strong>2<\/strong><\/td>\n<td width=\"224\">prof. Ph.D. Edina Solak<\/td>\n<td width=\"255\">as. Larisa Mahmi\u0107<\/td>\n<\/tr>\n<tr>\n<td width=\"311\">Intercultural pedagogy (elective course)<\/td>\n<td width=\"96\"><strong>2<\/strong><\/td>\n<td width=\"66\"><strong>2<\/strong><\/td>\n<td width=\"224\">prof. Ph.D. Amel Alic<\/td>\n<td width=\"255\">as. Aldin Sinanovi\u0107<\/td>\n<\/tr>\n<\/tbody>\n<\/table>\n<p><strong>\u00a0<\/strong><\/p>\n<p><strong>\u00a0<\/strong><\/p>\n<p><strong>\u00a0<\/strong><\/p>","protected":false},"excerpt":{"rendered":"<p>SUMMER SEMESTER \u2013 TEACHING TEAMS 2022\/2023. Study program Bosnian, Croatian,...<\/p>","protected":false},"author":7,"featured_media":0,"parent":3372,"menu_order":0,"comment_status":"closed","ping_status":"closed","template":"","meta":{"footnotes":""},"class_list":["post-12881","page","type-page","status-publish","hentry","entry","no-media"],"rttpg_featured_image_url":null,"rttpg_author":{"display_name":"Filozofski","author_link":"https:\/\/ff.unze.ba\/en\/author\/filozofski\/"},"rttpg_comment":0,"rttpg_category":null,"rttpg_excerpt":"LJETNI SEMESTAR &#8211;\u00a0 NASTAVNI TIMOVI 2022\/2023. Studijski program Bosanski, hrvatski,&hellip;","_links":{"self":[{"href":"https:\/\/ff.unze.ba\/en\/wp-json\/wp\/v2\/pages\/12881","targetHints":{"allow":["GET"]}}],"collection":[{"href":"https:\/\/ff.unze.ba\/en\/wp-json\/wp\/v2\/pages"}],"about":[{"href":"https:\/\/ff.unze.ba\/en\/wp-json\/wp\/v2\/types\/page"}],"author":[{"embeddable":true,"href":"https:\/\/ff.unze.ba\/en\/wp-json\/wp\/v2\/users\/7"}],"replies":[{"embeddable":true,"href":"https:\/\/ff.unze.ba\/en\/wp-json\/wp\/v2\/comments?post=12881"}],"version-history":[{"count":10,"href":"https:\/\/ff.unze.ba\/en\/wp-json\/wp\/v2\/pages\/12881\/revisions"}],"predecessor-version":[{"id":18738,"href":"https:\/\/ff.unze.ba\/en\/wp-json\/wp\/v2\/pages\/12881\/revisions\/18738"}],"up":[{"embeddable":true,"href":"https:\/\/ff.unze.ba\/en\/wp-json\/wp\/v2\/pages\/3372"}],"wp:attachment":[{"href":"https:\/\/ff.unze.ba\/en\/wp-json\/wp\/v2\/media?parent=12881"}],"curies":[{"name":"wp","href":"https:\/\/api.w.org\/{rel}","templated":true}]}}