{"id":12840,"date":"2018-01-18T16:25:25","date_gmt":"2018-01-18T15:25:25","guid":{"rendered":"https:\/\/ff.unze.ba\/?page_id=12840"},"modified":"2022-03-18T13:37:39","modified_gmt":"2022-03-18T12:37:39","slug":"konsultacije","status":"publish","type":"page","link":"https:\/\/ff.unze.ba\/en\/class\/consultations-2\/","title":{"rendered":"Consultations"},"content":{"rendered":"<p><strong>Prof. dr. Mirjana Madjarevi\u0107<\/strong> \u2013 Monday from 10.00-12.00; Thursday 10.00-12.00<\/p>\n<p><strong>Assoc. Ph.D. Amer Caro<\/strong> \u2013 Monday 8.00-10.00; Friday 8.00-10.00<\/p>\n<p><strong>Prof. dr. Indira Me\u0161ki\u0107<\/strong> \u2013 Thursday 13.30-15.00<\/p>\n<p><strong>Prof. dr. Amel Alic<\/strong> \u2013 Wednesday 11.00-13.00<\/p>\n<p><strong>Assoc. Ph.D. Ikbal Smajlovi\u0107<\/strong> \u2013 Wednesday 12:00 p.m<\/p>\n<p><strong>As. Esmeralda Mustafi\u0107<\/strong> \u2013 Tuesday 9.30-10.30<\/p>\n<p><strong>Assoc. Ph.D. Alica Arnaut<\/strong> \u2013 Wednesday 10.00-12.00<\/p>\n<p><strong>Assoc. Ph.D. Naida Biki\u0107<\/strong> \u2013 Monday 9.00-11.00; Friday 9.00-11.oo<\/p>\n<p><strong>Assoc. Ph.D. D\u017eevad Burgi\u0107<\/strong> \u2013 Monday 8.30-10.00<\/p>","protected":false},"excerpt":{"rendered":"<p>Prof. dr. Mirjana Ma\u0111arevi\u0107 \u2013 Monday from 10:00 a.m. to 12:00 p.m.; Thursday 10.00-12.00 Doc.dr.\u2026<\/p>","protected":false},"author":7,"featured_media":0,"parent":3370,"menu_order":0,"comment_status":"closed","ping_status":"closed","template":"","meta":{"footnotes":""},"class_list":["post-12840","page","type-page","status-publish","hentry","entry","no-media"],"rttpg_featured_image_url":null,"rttpg_author":{"display_name":"Filozofski","author_link":"https:\/\/ff.unze.ba\/en\/author\/filozofski\/"},"rttpg_comment":0,"rttpg_category":null,"rttpg_excerpt":"Prof.dr. Mirjana Ma\u0111arevi\u0107 &#8211; Ponedjeljak od 10.00-12.00; \u010cetvrtak 10.00-12.00 Doc.dr.&hellip;","_links":{"self":[{"href":"https:\/\/ff.unze.ba\/en\/wp-json\/wp\/v2\/pages\/12840","targetHints":{"allow":["GET"]}}],"collection":[{"href":"https:\/\/ff.unze.ba\/en\/wp-json\/wp\/v2\/pages"}],"about":[{"href":"https:\/\/ff.unze.ba\/en\/wp-json\/wp\/v2\/types\/page"}],"author":[{"embeddable":true,"href":"https:\/\/ff.unze.ba\/en\/wp-json\/wp\/v2\/users\/7"}],"replies":[{"embeddable":true,"href":"https:\/\/ff.unze.ba\/en\/wp-json\/wp\/v2\/comments?post=12840"}],"version-history":[{"count":5,"href":"https:\/\/ff.unze.ba\/en\/wp-json\/wp\/v2\/pages\/12840\/revisions"}],"predecessor-version":[{"id":17989,"href":"https:\/\/ff.unze.ba\/en\/wp-json\/wp\/v2\/pages\/12840\/revisions\/17989"}],"up":[{"embeddable":true,"href":"https:\/\/ff.unze.ba\/en\/wp-json\/wp\/v2\/pages\/3370"}],"wp:attachment":[{"href":"https:\/\/ff.unze.ba\/en\/wp-json\/wp\/v2\/media?parent=12840"}],"curies":[{"name":"wp","href":"https:\/\/api.w.org\/{rel}","templated":true}]}}